{"id":827,"date":"2020-03-03T09:59:44","date_gmt":"2020-03-03T08:59:44","guid":{"rendered":"https:\/\/www.anno1555.com\/?page_id=827"},"modified":"2023-05-09T10:13:56","modified_gmt":"2023-05-09T08:13:56","slug":"datenschutz","status":"publish","type":"page","link":"https:\/\/www.anno1555.com\/cs\/datenschutz\/","title":{"rendered":"Ochrana \u00fadaj\u016f"},"content":{"rendered":"<div class=\"wpb-content-wrapper\"><p>[vc_row][vc_column][vc_column_text text_larger=&#8220;no&#8220;]Ochrana Va\u0161ich osobn\u00edch \u00fadaj\u016f je pro n\u00e1s velmi d\u016fle\u017eit\u00e1. Va\u0161e \u00fadaje proto zpracov\u00e1v\u00e1me v\u00fdhradn\u011b na z\u00e1klad\u011b z\u00e1konn\u00fdch ustanoven\u00ed (GDPR, TKG2003). Toto prohl\u00e1\u0161en\u00ed o ochran\u011b \u00fadaj\u016f poskytuje informace o typu, rozsahu a \u00fa\u010delu shroma\u017e\u010fov\u00e1n\u00ed a zpracov\u00e1n\u00ed Va\u0161ich osobn\u00edch \u00fadaj\u016f.<\/p>\n<p>My, Hauserwelt GmbH, jsme zodpov\u011bdn\u00ed za zpracov\u00e1n\u00ed \u00fadaj\u016f ve smyslu z\u00e1kona o ochran\u011b osobn\u00edch \u00fadaj\u016f. M\u00e1te-li jak\u00e9koli dotazy t\u00fdkaj\u00edc\u00ed se shroma\u017e\u010fov\u00e1n\u00ed, zpracov\u00e1n\u00ed nebo pou\u017e\u00edv\u00e1n\u00ed Va\u0161ich osobn\u00edch \u00fadaj\u016f, kontaktujte n\u00e1s, pros\u00edm, p\u00edsemn\u011b na:<\/p>\n<p>Hauserwelt GmbH, Brunngasse 38, 2170 Poysdorf, <a href=\"mailto:office@anno1555.com\">office@anno1555.com<\/a><\/p>\n<p><strong>Sb\u011br a zpracov\u00e1n\u00ed Va\u0161ich osobn\u00edch \u00fadaj\u016f <\/strong><\/p>\n<p>V r\u00e1mci Va\u0161\u00ed objedn\u00e1vky, Va\u0161eho informa\u010dn\u00edho bulletinu nebo Va\u0161\u00ed n\u00e1v\u0161t\u011bvy na\u0161ich webov\u00fdch str\u00e1nek shroma\u017e\u010fujeme a zpracov\u00e1v\u00e1me ur\u010dit\u00e9 osobn\u00ed \u00fadaje, kter\u00e9 se V\u00e1s t\u00fdkaj\u00ed. Typ, rozsah a \u00fa\u010dely tohoto zpracov\u00e1n\u00ed dat jsou pops\u00e1ny n\u00ed\u017ee.<\/p>\n<p><strong>Objedn\u00e1vka<\/strong><\/p>\n<p>V r\u00e1mci Va\u0161\u00ed objedn\u00e1vky zpracov\u00e1v\u00e1me V\u00e1mi poskytnut\u00e9 \u00fadaje: jm\u00e9no, p\u0159\u00edjmen\u00ed, adresa, ulice, PS\u010c, m\u011bsto, telefonn\u00ed \u010d\u00edslo, e-mailov\u00e1 adresa, u\u017eivatelsk\u00e9 jm\u00e9no a heslo.<\/p>\n<p>\u00dadaje pot\u0159ebn\u00e9 za \u00fa\u010delem zpracov\u00e1n\u00ed plateb v r\u00e1mci platebn\u00ed metody kreditn\u00ed kartou budou p\u0159ed\u00e1ny na\u0161emu platebn\u00edmu partnerovi Stripe (<a href=\"https:\/\/stripe.com\" target=\"_blank\" rel=\"noopener\">https:\/\/stripe.com<\/a>), nebo budete p\u0159esm\u011brov\u00e1ni na web na\u0161eho platebn\u00edho partnera Stripe (<a href=\"https:\/\/stripe.com\" target=\"_blank\" rel=\"noopener\">https:\/\/stripe.com<\/a>), pokud zvol\u00edte zp\u016fsob platby kreditn\u00ed kartou. N\u00e1\u0161 platebn\u00ed partner b\u011bhem p\u0159enosu dat \u0161ifruje \u00fadaje o Va\u0161\u00ed kreditn\u00ed kart\u011b pomoc\u00ed protokolu SSL (alespo\u0148 128 bit\u016f). Dal\u0161\u00ed informace o zpracov\u00e1n\u00ed osobn\u00edch \u00fadaj\u016f na\u0161\u00edm platebn\u00edm partnerem najdete v ustanoven\u00edch o ochran\u011b osobn\u00edch \u00fadaj\u016f na\u0161eho platebn\u00edho partnera na adrese <a href=\"https:\/\/stripe.com\/de\/privacy\" target=\"_blank\" rel=\"noopener\">https:\/\/stripe.com\/de\/privacy<\/a>. \u00dadaje pot\u0159ebn\u00e9 za \u00fa\u010delem zpracov\u00e1n\u00ed plateb v r\u00e1mci platebn\u00ed metody PayPal budou p\u0159ed\u00e1ny na\u0161emu platebn\u00edmu partnerovi PayPal (<a href=\"https:\/\/www.paypal.com\" target=\"_blank\" rel=\"noopener\">https:\/\/www.paypal.com<\/a>), nebo budete p\u0159esm\u011brov\u00e1ni na web na\u0161eho platebn\u00edho partnera PayPal (<a href=\"https:\/\/www.paypal.com\" target=\"_blank\" rel=\"noopener\">https:\/\/www. paypal.com<\/a>), p\u0159i v\u00fdb\u011bru platebn\u00ed metody PayPal. N\u00e1\u0161 platebn\u00ed partner \u0161ifruje Va\u0161e data b\u011bhem p\u0159enosu dat pomoc\u00ed SSL (minim\u00e1ln\u011b 128 bit\u016f). Dal\u0161\u00ed informace o zpracov\u00e1n\u00ed osobn\u00edch \u00fadaj\u016f na\u0161\u00edm platebn\u00edm partnerem najdete v ustanoven\u00edch o ochran\u011b osobn\u00edch \u00fadaj\u016f na\u0161eho platebn\u00edho partnera na adrese <a href=\"https:\/\/www.paypal.com\/de\/webapps\/mpp\/ua\/privacy-full\" target=\"_blank\" rel=\"noopener\">https:\/\/www.paypal.com\/de\/webapps\/mpp\/ua\/privacy-full<\/a>.<\/p>\n<p>\u00dadaje pot\u0159ebn\u00e9 za \u00fa\u010delem zpracov\u00e1n\u00ed plateb v r\u00e1mci platebn\u00ed metody Klarna budou p\u0159ed\u00e1ny na\u0161emu platebn\u00edmu partnerovi Klarna (<a href=\"https:\/\/www.klarna.com\/at\" target=\"_blank\" rel=\"noopener\">https:\/\/www.klarna.com\/at<\/a>), nebo budete p\u0159esm\u011brov\u00e1ni na web na\u0161eho platebn\u00edho partnera Klarna (<a href=\"https:\/\/www.klarna.com\/at\" target=\"_blank\" rel=\"noopener\">https:\/\/www.klarna.com\/at<\/a>), p\u0159i v\u00fdb\u011bru platebn\u00ed metody Klarna. N\u00e1\u0161 platebn\u00ed partner \u0161ifruje Va\u0161e data b\u011bhem p\u0159enosu dat pomoc\u00ed SSL (minim\u00e1ln\u011b 128 bit\u016f). Dal\u0161\u00ed informace o zpracov\u00e1n\u00ed osobn\u00edch \u00fadaj\u016f na\u0161\u00edm platebn\u00edm partnerem najdete v ustanoven\u00edch o ochran\u011b osobn\u00edch \u00fadaj\u016f na\u0161eho platebn\u00edho partnera na adrese <a href=\"https:\/\/www.klarna.com\/de\/datenschutz\/\" target=\"_blank\" rel=\"noopener\">https:\/\/www.klarna.com\/de\/datenschutz\/<\/a>. \u00dadaje, kter\u00e9 n\u00e1m poskytnete, budou pou\u017eity pouze ke zpracov\u00e1n\u00ed Va\u0161\u00ed objedn\u00e1vky a ke spln\u011bn\u00ed smlouvy na\u0161\u00ed vz\u00e1jemn\u00e9 smlouvy. Zpracov\u00e1n\u00ed \u00fadaj\u016f prob\u00edh\u00e1 na pr\u00e1vn\u00edm z\u00e1klad\u011b \u010dl.6 odst.1 p\u00edsm. b GDPR. Po \u00fapln\u00e9m zpracov\u00e1n\u00ed smlouvy a \u00fapln\u00e9m zaplacen\u00ed kupn\u00ed ceny budou Va\u0161e \u00fadaje archivov\u00e1ny a odstran\u011bny po uplynut\u00ed doby uchov\u00e1v\u00e1n\u00ed podle da\u0148ov\u00e9ho a obchodn\u00edho pr\u00e1va nebo obdob\u00ed v souladu se z\u00e1konem o odpov\u011bdnosti za v\u00fdrobek, pokud jste neud\u011blili souhlas s dal\u0161\u00edm pou\u017eit\u00edm Va\u0161ich osobn\u00edch \u00fadaj\u016f. V p\u0159\u00edpad\u011b, \u017ee dojde k p\u0159eru\u0161en\u00ed n\u00e1kupn\u00edho procesu bez uzav\u0159en\u00ed smlouvy, budou n\u00e1mi ulo\u017een\u00e9 \u00fadaje vymaz\u00e1ny.<\/p>\n<p>Va\u0161e osobn\u00ed \u00fadaje budou p\u0159ed\u00e1ny t\u0159et\u00edm stran\u00e1m nebo jinak zve\u0159ejn\u011bny, pouze pokud je to nezbytn\u00e9 pro \u00fa\u010dely zpracov\u00e1n\u00ed smlouvy nebo fakturace nebo pokud jste k tomu p\u0159edem ud\u011blili souhlas. V r\u00e1mci zpracov\u00e1n\u00ed objedn\u00e1vek z\u00edskaj\u00ed nap\u0159\u00edklad poskytovatel\u00e9 slu\u017eeb, kter\u00e9 pou\u017e\u00edv\u00e1me (nap\u0159. p\u0159epravn\u00ed spole\u010dnosti, logistika, poskytovatel\u00e9 platebn\u00edch slu\u017eeb), nezbytn\u00e1 data pro zpracov\u00e1n\u00ed objedn\u00e1vek. V p\u0159\u00edpad\u011b pr\u00e1vn\u00edho p\u0159edpisu, \u00fa\u0159edn\u00edho p\u0159\u00edkazu nebo \u00fa\u0159edn\u00edho vy\u0161et\u0159ov\u00e1n\u00ed jsme v\u0161ak ze z\u00e1kona povinni poskytnout p\u0159\u00edslu\u0161n\u00e9 \u00fadaje p\u0159\u00edslu\u0161n\u00e9mu org\u00e1nu.<\/p>\n<p><strong>Newsletter<\/strong><\/p>\n<p>Pokud se zaregistrujete k odb\u011bru na\u0161eho newsletteru a d\u00e1te n\u00e1m t\u00edm souhlas (\u010dl. 6 odst. 1 p\u00edsm. GDPR), zpracujeme Va\u0161e jm\u00e9no a Va\u0161i e-mailovou adresu za \u00fa\u010delem zas\u00edl\u00e1n\u00ed na\u0161eho zpravodaje. Va\u0161e osobn\u00ed \u00fadaje budou ulo\u017eeny, dokud se neodhl\u00e1s\u00edte z odb\u011bru newsletteru nebo dokud neodvol\u00e1te sv\u016fj souhlas.<\/p>\n<p>Sv\u016fj souhlas m\u016f\u017eete kdykoli odvolat nebo se odhl\u00e1sit z odb\u011bru newsletteru a to zasl\u00e1n\u00edm zpr\u00e1vy na e-mailovou adresu <a href=\"mailto:office@anno155.com\">office@anno155.com<\/a> nebo kliknut\u00edm na odkaz pro odhl\u00e1\u0161en\u00ed na konci ka\u017ed\u00e9ho zpravodaje nebo upozorn\u011bn\u00edm v jin\u00e9 podob\u011b.<\/p>\n<p><strong>N\u00e1v\u0161t\u011bva webov\u00e9 str\u00e1nky\/pou\u017eit\u00ed cookies<\/strong><\/p>\n<p>Kdy\u017e nav\u0161t\u00edv\u00edte na\u0161e webov\u00e9 str\u00e1nky, shroma\u017e\u010fujeme osobn\u00ed \u00fadaje v technicky nezbytn\u00e9m rozsahu (n\u00e1zev otev\u00edran\u00e9ho souboru, datum a \u010das n\u00e1v\u0161t\u011bvy, mno\u017estv\u00ed p\u0159enesen\u00fdch dat, ozn\u00e1men\u00ed o \u00fasp\u011b\u0161n\u00e9m p\u0159\u00edstupu, typ a verze prohl\u00ed\u017ee\u010de, opera\u010dn\u00ed syst\u00e9m u\u017eivatele, adresa URL odkazuj\u00edc\u00edho serveru a \u017e\u00e1daj\u00edc\u00ed poskytovatel). Tyto \u00fadaje nelze p\u0159i\u0159adit konkr\u00e9tn\u00edm osob\u00e1m a nejsou slu\u010dov\u00e1ny s \u00fadaji z jin\u00fdch zdroj\u016f dat.<\/p>\n<p>R\u00e1di bychom zd\u016fraznili, \u017ee p\u0159i n\u00e1v\u0161t\u011bv\u011b na\u0161eho webu se pou\u017e\u00edvaj\u00ed Cookies. Cookies jsou mal\u00e9 soubory nebo jin\u00e9 typy \u00falo\u017ei\u0161t\u011b informac\u00ed, kter\u00e9 se p\u0159en\u00e1\u0161ej\u00ed z na\u0161eho webov\u00e9ho serveru nebo webov\u00fdch server\u016f t\u0159et\u00edch stran do webov\u00e9ho prohl\u00ed\u017ee\u010de u\u017eivatele a ukl\u00e1daj\u00ed se tam pro pozd\u011bj\u0161\u00ed na\u010d\u00edt\u00e1n\u00ed. Cookies pou\u017e\u00edvan\u00e9 p\u0159i n\u00e1v\u0161t\u011bv\u011b na\u0161ich webov\u00fdch str\u00e1nek se pou\u017e\u00edvaj\u00ed pouze ke zjednodu\u0161en\u00ed n\u00e1kupn\u00edho procesu (nap\u0159. ulo\u017een\u00edm polo\u017eek ulo\u017een\u00fdch v n\u00e1kupn\u00edm ko\u0161\u00edku) a k umo\u017en\u011bn\u00ed pou\u017e\u00edv\u00e1n\u00ed ur\u010dit\u00fdch funkc\u00ed na\u0161eho webov\u00e9ho obchodu. Cookies, kter\u00e9 pou\u017e\u00edv\u00e1me, budou z Va\u0161eho pevn\u00e9ho disku odstran\u011bny po zav\u0159en\u00ed prohl\u00ed\u017ee\u010de (rela\u010dn\u00ed Cookies). Tyto \u00fadaje jsou shroma\u017e\u010fov\u00e1ny na z\u00e1klad\u011b \u00a7 96 odst. 3 z\u00e1kona o telekomunikac\u00edch.<\/p>\n<p>Soubory Cookies pou\u017e\u00edv\u00e1me tak\u00e9 pro statistickou anal\u00fdzu pou\u017e\u00edv\u00e1n\u00ed na\u0161ich webov\u00fdch str\u00e1nek jako sou\u010d\u00e1st slu\u017eby webov\u00e9 anal\u00fdzy Google Analytics (viz n\u00ed\u017ee). Tyto \u00fadaje jsou shroma\u017e\u010fov\u00e1ny na z\u00e1klad\u011b \u010dl. 6 odst. 1 p\u00edsm. F GDPR.<\/p>\n<p>Pokud jste s t\u00edm ji\u017e d\u0159\u00edve souhlasili, v souladu s \u010dl.6 odst.1 p\u00edsm. a) GDPR, pou\u017e\u00edvaj\u00ed se p\u0159i n\u00e1v\u0161t\u011bv\u011b na\u0161ich webov\u00fdch str\u00e1nek soubory Cookies od poskytovatel\u016f t\u0159et\u00edch stran za \u00fa\u010delem shroma\u017e\u010fov\u00e1n\u00ed a hodnocen\u00ed Va\u0161eho chov\u00e1n\u00ed p\u0159i jejich pou\u017e\u00edv\u00e1n\u00ed. Souhlas s pou\u017eit\u00edm t\u011bchto Cookies se ud\u011bl\u00ed prost\u0159ednictv\u00edm vsazen\u00e9ho banneru, na kter\u00e9m je vysv\u011btlen typ a rozsah pou\u017eit\u00ed t\u011bchto Cookies a Vy m\u016f\u017eete s pou\u017eit\u00edm Cookies souhlasit nebo jej odm\u00edtnout. V \u017e\u00e1dn\u00e9m p\u0159\u00edpad\u011b nebudou \u017e\u00e1dn\u00e9 takov\u00e9 soubory Cookies pou\u017eity, dokud k tomu ned\u00e1te souhlas. Pokud s pou\u017eit\u00edm Cookies nebudete souhlasit, m\u016f\u017ee b\u00fdt funk\u010dnost na\u0161ich webov\u00fdch str\u00e1nek omezena.[\/vc_column_text][vc_column_text text_larger=&#8220;no&#8220;]<span class=\"borlabs-cookie-open-dialog-preferences brlbs-cmpnt-container\" data-borlabs-cookie-title=\"Upravte nastaven\u00ed soubor\u016f Cookies\" data-borlabs-cookie-type=\"button\" ><\/span>[\/vc_column_text][vc_column_text text_larger=&#8220;no&#8220; woodmart_inline=&#8220;no&#8220;]<strong>etracker<\/strong><\/p>\n<p>K anal\u00fdze \u00fadaj\u016f o pou\u017e\u00edv\u00e1n\u00ed vyu\u017e\u00edv\u00e1me slu\u017eeb spole\u010dnosti etracker GmbH z n\u011bmeck\u00e9ho Hamburku (<a href=\"https:\/\/www.etracker.com\/en\/\">www.etracker.com<\/a>) . Ve v\u00fdchoz\u00edm nastaven\u00ed nepou\u017e\u00edv\u00e1me soubory cookie pro anal\u00fdzu webu. Pokud pou\u017e\u00edv\u00e1me analytick\u00e9 a optimaliza\u010dn\u00ed soubory cookie, z\u00edsk\u00e1me v\u00e1\u0161 v\u00fdslovn\u00fd souhlas p\u0159edem zvl\u00e1\u0161\u0165. Pokud je tomu tak a souhlas\u00edte, jsou pou\u017e\u00edv\u00e1ny soubory cookie, kter\u00e9 umo\u017e\u0148uj\u00ed statistickou anal\u00fdzu rozsahu t\u00e9to webov\u00e9 str\u00e1nky, m\u011b\u0159en\u00ed \u00fasp\u011b\u0161nosti na\u0161ich online marketingov\u00fdch opat\u0159en\u00ed a testovac\u00edch postup\u016f, nap\u0159. k testov\u00e1n\u00ed a optimalizaci r\u016fzn\u00fdch verz\u00ed na\u0161\u00ed online nab\u00eddky nebo jej\u00edch sou\u010d\u00e1st\u00ed. . Cookies jsou mal\u00e9 textov\u00e9 soubory, kter\u00e9 ukl\u00e1d\u00e1 internetov\u00fd prohl\u00ed\u017ee\u010d na koncov\u00e9m za\u0159\u00edzen\u00ed u\u017eivatele. Cookies etracker neobsahuj\u00ed \u017e\u00e1dn\u00e9 informace, kter\u00e9 by umo\u017e\u0148ovaly identifikaci u\u017eivatele.<\/p>\n<p>\u00dadaje generovan\u00e9 pomoc\u00ed etracker zpracov\u00e1v\u00e1 a ukl\u00e1d\u00e1 etracker v\u00fdhradn\u011b v N\u011bmecku jm\u00e9nem poskytovatele t\u00e9to webov\u00e9 str\u00e1nky, a proto podl\u00e9haj\u00ed p\u0159\u00edsn\u00fdm n\u011bmeck\u00fdm a evropsk\u00fdm z\u00e1kon\u016fm a norm\u00e1m na ochranu dat. V tomto ohledu byl etracker nez\u00e1visle testov\u00e1n, certifikov\u00e1n a byl mu ud\u011blen certifik\u00e1t ochrany dat <a href=\"https:\/\/www.eprivacy.eu\/en\/customers\/awarded-seals\/company\/etracker-gmbh\/\">ePrivacyseal<\/a>.<\/p>\n<p>\u00dadaje jsou zpracov\u00e1v\u00e1ny na z\u00e1klad\u011b z\u00e1konn\u00fdch ustanoven\u00ed \u010dl. 6 odst. 1 p\u00edsm. f (opr\u00e1vn\u011bn\u00fd z\u00e1jem) obecn\u00e9ho na\u0159\u00edzen\u00ed o ochran\u011b osobn\u00edch \u00fadaj\u016f (GDPR). Na\u0161\u00ed starost\u00ed ve smyslu GDPR (opr\u00e1vn\u011bn\u00fd z\u00e1jem) je optimalizace na\u0161\u00ed online nab\u00eddky a na\u0161ich webov\u00fdch str\u00e1nek. Proto\u017ee je pro n\u00e1s d\u016fle\u017eit\u00e9 soukrom\u00ed na\u0161ich n\u00e1v\u0161t\u011bvn\u00edk\u016f, \u00fadaje, kter\u00e9 mohou umo\u017enit odkaz na jednotlivou osobu, jako je IP adresa, p\u0159ihla\u0161ovac\u00ed jm\u00e9no nebo identifik\u00e1tory za\u0159\u00edzen\u00ed, jsou co nejd\u0159\u00edve anonymizov\u00e1ny nebo pseudonymizov\u00e1ny. Jak\u00e9koli jin\u00e9 pou\u017eit\u00ed, slou\u010den\u00ed s jin\u00fdmi \u00fadaji nebo zp\u0159\u00edstupn\u011bn\u00ed t\u0159et\u00edm stran\u00e1m neprob\u00edh\u00e1.<\/p>\n<p>V\u00fd\u0161e popsan\u00e9 zpracov\u00e1n\u00ed \u00fadaj\u016f m\u016f\u017eete kdykoli p\u0159izp\u016fsobit zm\u011bnou nastaven\u00ed soubor\u016f cookie. N\u00e1mitka nem\u00e1 \u017e\u00e1dn\u00e9 nep\u0159\u00edzniv\u00e9 d\u016fsledky.<\/p>\n<p>Dal\u0161\u00ed informace o ochran\u011b dat na etracker naleznete <a href=\"https:\/\/www.etracker.com\/en\/data-privacy\/\">zde<\/a>.[\/vc_column_text][vc_column_text text_larger=&#8220;no&#8220; woodmart_inline=&#8220;no&#8220;]<strong>Pou\u017e\u00edv\u00e1n\u00ed plugin\u016f soci\u00e1ln\u00edch m\u00e9di\u00ed<\/strong><\/p>\n<p>Pou\u017e\u00edv\u00e1me pluginy n\u00e1sleduj\u00edc\u00ed soci\u00e1ln\u00ed s\u00edt\u011b (Facebook) provozovan\u00e9 spole\u010dnost\u00ed (Facebook Inc., 1601 S. California Ave, Palo Alto, CA 94304, USA, www.facebook.com). Za t\u00edmto \u00fa\u010delem pou\u017e\u00edv\u00e1me dvoustup\u0148ov\u00fd proces, ve kter\u00e9m m\u016f\u017eete d\u00e1t souhlas se zpracov\u00e1n\u00edm \u00fadaj\u016f prost\u0159ednictv\u00edm provozovatele soci\u00e1ln\u00ed s\u00edt\u011b, v souladu s \u010dl.6 odst.1 p\u00edsm. a) GDPR. Data se p\u0159en\u00e1\u0161ej\u00ed k provozovateli soci\u00e1ln\u00ed s\u00edt\u011b pouze tehdy, kdy\u017e u\u017eivatel\u00e9 kliknou na jednu ze zobrazen\u00fdch ikon a souhlas\u00ed tak s p\u0159enosem \u00fadaj\u016f k provozovateli soci\u00e1ln\u00ed s\u00edt\u011b. V\u00e1\u0161 prohl\u00ed\u017ee\u010d nav\u00e1\u017ee spojen\u00ed s p\u0159\u00edslu\u0161nou soci\u00e1ln\u00ed s\u00edt\u00ed a\u017e po ud\u011blen\u00ed Va\u0161eho souhlasu.<\/p>\n<p>Soci\u00e1ln\u00ed s\u00ed\u0165 p\u0159ij\u00edm\u00e1 informace o Va\u0161\u00ed n\u00e1v\u0161t\u011bv\u011b na\u0161ich webov\u00fdch str\u00e1nek prost\u0159ednictv\u00edm pluginu. Pokud jste na Facebooku p\u0159ihl\u00e1\u0161eni, lze Va\u0161i n\u00e1v\u0161t\u011bvu p\u0159i\u0159adit k Va\u0161emu \u00fa\u010dtu na Va\u0161\u00ed soci\u00e1ln\u00ed s\u00edti. Jak\u00e9koli interakce s modulem plug-in mohou b\u00fdt ulo\u017eeny provozovatelem s\u00edt\u011b. Informace o pou\u017eit\u00ed \u00fadaj\u016f shrom\u00e1\u017ed\u011bn\u00fdch p\u0159\u00edslu\u0161nou soci\u00e1ln\u00ed s\u00edt\u00ed najdete na webov\u00fdch str\u00e1nk\u00e1ch spole\u010dnosti (Facebook) v \u010d\u00e1sti \u201eochrana \u00fadaj\u016f\u201c nebo \u201esoukrom\u00ed\u201c na adrese URL (<a href=\"https:\/\/www.facebook.com\/privacy\/vysv\u011btlen\u00ed\/\" target=\"_blank\" rel=\"noopener\">https:\/\/www.facebook.com\/privacy\/ vysv\u011btlen\u00ed \/<\/a>). Pou\u017e\u00edv\u00e1me pluginy z n\u00e1sleduj\u00edc\u00ed soci\u00e1ln\u00ed s\u00edt\u011b (Youtube), kterou provozuje spole\u010dnost (YouTube, LLC, 901 Cherry Ave., San Bruno, CA 94066, USA, www.youtube.com). Za t\u00edmto \u00fa\u010delem pou\u017e\u00edv\u00e1me dvoustup\u0148ov\u00fd proces, ve kter\u00e9m m\u016f\u017eete d\u00e1t souhlas se zpracov\u00e1n\u00edm \u00fadaj\u016f prost\u0159ednictv\u00edm provozovatele soci\u00e1ln\u00ed s\u00edt\u011b, v souladu s \u010dl.6 odst.1 p\u00edsm. a) GDPR. Data se p\u0159en\u00e1\u0161ej\u00ed k provozovateli soci\u00e1ln\u00ed s\u00edt\u011b pouze tehdy, kdy\u017e u\u017eivatel\u00e9 kliknou na jednu ze zobrazen\u00fdch ikon a souhlas\u00ed tak s p\u0159enosem \u00fadaj\u016f k provozovateli soci\u00e1ln\u00ed s\u00edt\u011b. V\u00e1\u0161 prohl\u00ed\u017ee\u010d nav\u00e1\u017ee spojen\u00ed s p\u0159\u00edslu\u0161nou soci\u00e1ln\u00ed s\u00edt\u00ed a\u017e po ud\u011blen\u00ed Va\u0161eho souhlasu.<\/p>\n<p>Provozovatel soci\u00e1ln\u00ed s\u00edt\u011b p\u0159ij\u00edm\u00e1 informace o Va\u0161\u00ed n\u00e1v\u0161t\u011bv\u011b na\u0161ich webov\u00fdch str\u00e1nek prost\u0159ednictv\u00edm pluginu. Pokud jste na Youtube p\u0159ihl\u00e1\u0161eni, lze Va\u0161i n\u00e1v\u0161t\u011bvu p\u0159i\u0159adit k Va\u0161emu \u00fa\u010dtu na Va\u0161\u00ed soci\u00e1ln\u00ed s\u00edti. Jak\u00e9koli interakce s modulem plug-in mohou b\u00fdt ulo\u017eeny provozovatelem s\u00edt\u011b. Informace o pou\u017eit\u00ed \u00fadaj\u016f shrom\u00e1\u017ed\u011bn\u00fdch p\u0159\u00edslu\u0161nou soci\u00e1ln\u00ed s\u00edt\u00ed najdete na webov\u00fdch str\u00e1nk\u00e1ch spole\u010dnosti (Youtube) v \u010d\u00e1sti \u201eochrana \u00fadaj\u016f\u201c nebo \u201esoukrom\u00ed\u201c na adrese URL (<a href=\"https:\/\/www.youtube.com\/intl\/de\/about\/policies\/#community-guidelines\" target=\"_blank\" rel=\"noopener\">https:\/\/www.youtube.com\/intl\/de\/about\/policies\/#community-guidelines<\/a>).<\/p>\n<p><strong>Bezpe\u010dnost dat<\/strong><\/p>\n<p>Va\u0161e \u00fadaje uveden\u00e9 ve smlouv\u011b jsou \u0161ifrov\u00e1ny a p\u0159en\u00e1\u0161eny p\u0159es internet pomoc\u00ed SSL. Pou\u017e\u00edv\u00e1me technick\u00e1 a organiza\u010dn\u00ed opat\u0159en\u00ed k zabezpe\u010den\u00ed na\u0161ich webov\u00fdch str\u00e1nek a dal\u0161\u00edch syst\u00e9m\u016f proti ztr\u00e1t\u011b, zni\u010den\u00ed, p\u0159\u00edstupu, \u00faprav\u00e1m nebo distribuci Va\u0161ich \u00fadaj\u016f neopr\u00e1vn\u011bn\u00fdmi osobami.<\/p>\n<p><strong>Pr\u00e1va dot\u010den\u00e9 osoby<\/strong><\/p>\n<p>M\u00e1te pr\u00e1vo na informace o sv\u00fdch osobn\u00edch \u00fadaj\u00edch a pr\u00e1vo na opravu, vymaz\u00e1n\u00ed nebo omezen\u00ed zpracov\u00e1n\u00ed. M\u016f\u017eete tak\u00e9 vzn\u00e9st n\u00e1mitku proti zpracov\u00e1n\u00ed a m\u00e1te pr\u00e1vo na p\u0159enos sv\u00fdch osobn\u00edch \u00fadaj\u016f ve strukturovan\u00e9, strojov\u011b \u010diteln\u00e9 form\u011b. U v\u0161ech uveden\u00fdch pr\u00e1v se obra\u0165te na odpov\u011bdnou osobu.<\/p>\n<p><strong>Pr\u00e1vo podat st\u00ed\u017enost<\/strong><\/p>\n<p>M\u00e1te tak\u00e9 pr\u00e1vo podat st\u00ed\u017enost u dozor\u010d\u00edho \u00fa\u0159adu. V p\u0159\u00edpad\u011b Rakouska se jedn\u00e1 o rakousk\u00fd \u00da\u0159ad pro ochranu \u00fadaj\u016f, Barichgasse 40-42, 1030 V\u00edde\u0148, telefon:<br \/>\n+43 1 52 152-0, e-mail: dsb@dsb.gv.at, web: <a href=\"https:\/\/www.dsb.gv.at\/\" target=\"_blank\" rel=\"noopener\">https:\/\/www.dsb.gv.at\/<\/a>.[\/vc_column_text][\/vc_column][\/vc_row]<\/p>\n<\/div>","protected":false},"excerpt":{"rendered":"<p>[vc_row][vc_column][vc_column_text text_larger=&#8220;no&#8220;]Ochrana Va\u0161ich osobn\u00edch \u00fadaj\u016f je pro n\u00e1s velmi d\u016fle\u017eit\u00e1. Va\u0161e \u00fadaje proto zpracov\u00e1v\u00e1me v\u00fdhradn\u011b na z\u00e1klad\u011b z\u00e1konn\u00fdch ustanoven\u00ed (GDPR,<\/p>\n","protected":false},"author":1,"featured_media":0,"parent":0,"menu_order":0,"comment_status":"closed","ping_status":"closed","template":"","meta":{"footnotes":""},"class_list":["post-827","page","type-page","status-publish","hentry"],"yoast_head":"<!-- This site is optimized with the Yoast SEO plugin v24.0 - https:\/\/yoast.com\/wordpress\/plugins\/seo\/ -->\n<title>Ochrana \u00fadaj\u016f - Anno1555<\/title>\n<meta name=\"robots\" content=\"index, follow, max-snippet:-1, max-image-preview:large, max-video-preview:-1\" \/>\n<link rel=\"canonical\" href=\"https:\/\/www.anno1555.com\/cs\/datenschutz\/\" \/>\n<meta property=\"og:locale\" content=\"cs_CZ\" \/>\n<meta property=\"og:type\" content=\"article\" \/>\n<meta property=\"og:title\" content=\"Ochrana \u00fadaj\u016f - Anno1555\" \/>\n<meta property=\"og:description\" content=\"[vc_row][vc_column][vc_column_text text_larger=&#8220;no&#8220;]Ochrana Va\u0161ich osobn\u00edch \u00fadaj\u016f je pro n\u00e1s velmi d\u016fle\u017eit\u00e1. Va\u0161e \u00fadaje proto zpracov\u00e1v\u00e1me v\u00fdhradn\u011b na z\u00e1klad\u011b z\u00e1konn\u00fdch ustanoven\u00ed (GDPR,\" \/>\n<meta property=\"og:url\" content=\"https:\/\/www.anno1555.com\/cs\/datenschutz\/\" \/>\n<meta property=\"og:site_name\" content=\"Anno1555\" \/>\n<meta property=\"article:publisher\" content=\"https:\/\/www.facebook.com\/anno1555\" \/>\n<meta property=\"article:modified_time\" content=\"2023-05-09T08:13:56+00:00\" \/>\n<meta name=\"twitter:card\" content=\"summary_large_image\" \/>\n<script type=\"application\/ld+json\" class=\"yoast-schema-graph\">{\"@context\":\"https:\/\/schema.org\",\"@graph\":[{\"@type\":\"WebPage\",\"@id\":\"https:\/\/www.anno1555.com\/cs\/datenschutz\/\",\"url\":\"https:\/\/www.anno1555.com\/cs\/datenschutz\/\",\"name\":\"Ochrana \u00fadaj\u016f - Anno1555\",\"isPartOf\":{\"@id\":\"https:\/\/www.anno1555.com\/cs\/#website\"},\"datePublished\":\"2020-03-03T08:59:44+00:00\",\"dateModified\":\"2023-05-09T08:13:56+00:00\",\"breadcrumb\":{\"@id\":\"https:\/\/www.anno1555.com\/cs\/datenschutz\/#breadcrumb\"},\"inLanguage\":\"cs\",\"potentialAction\":[{\"@type\":\"ReadAction\",\"target\":[[\"https:\/\/www.anno1555.com\/cs\/datenschutz\/\"]]}]},{\"@type\":\"BreadcrumbList\",\"@id\":\"https:\/\/www.anno1555.com\/cs\/datenschutz\/#breadcrumb\",\"itemListElement\":[{\"@type\":\"ListItem\",\"position\":1,\"name\":\"Startseite\",\"item\":\"https:\/\/www.anno1555.com\/cs\/\"},{\"@type\":\"ListItem\",\"position\":2,\"name\":\"Datenschutz\"}]},{\"@type\":\"WebSite\",\"@id\":\"https:\/\/www.anno1555.com\/cs\/#website\",\"url\":\"https:\/\/www.anno1555.com\/cs\/\",\"name\":\"Anno1555\",\"description\":\"Hauser Wein, Jus(t), Geschein\",\"potentialAction\":[{\"@type\":\"SearchAction\",\"target\":{\"@type\":\"EntryPoint\",\"urlTemplate\":\"https:\/\/www.anno1555.com\/cs\/?s={search_term_string}\"},\"query-input\":{\"@type\":\"PropertyValueSpecification\",\"valueRequired\":true,\"valueName\":\"search_term_string\"}}],\"inLanguage\":\"cs\"}]}<\/script>\n<!-- \/ Yoast SEO plugin. -->","yoast_head_json":{"title":"Ochrana \u00fadaj\u016f - Anno1555","robots":{"index":"index","follow":"follow","max-snippet":"max-snippet:-1","max-image-preview":"max-image-preview:large","max-video-preview":"max-video-preview:-1"},"canonical":"https:\/\/www.anno1555.com\/cs\/datenschutz\/","og_locale":"cs_CZ","og_type":"article","og_title":"Ochrana \u00fadaj\u016f - Anno1555","og_description":"[vc_row][vc_column][vc_column_text text_larger=&#8220;no&#8220;]Ochrana Va\u0161ich osobn\u00edch \u00fadaj\u016f je pro n\u00e1s velmi d\u016fle\u017eit\u00e1. Va\u0161e \u00fadaje proto zpracov\u00e1v\u00e1me v\u00fdhradn\u011b na z\u00e1klad\u011b z\u00e1konn\u00fdch ustanoven\u00ed (GDPR,","og_url":"https:\/\/www.anno1555.com\/cs\/datenschutz\/","og_site_name":"Anno1555","article_publisher":"https:\/\/www.facebook.com\/anno1555","article_modified_time":"2023-05-09T08:13:56+00:00","twitter_card":"summary_large_image","schema":{"@context":"https:\/\/schema.org","@graph":[{"@type":"WebPage","@id":"https:\/\/www.anno1555.com\/cs\/datenschutz\/","url":"https:\/\/www.anno1555.com\/cs\/datenschutz\/","name":"Ochrana \u00fadaj\u016f - Anno1555","isPartOf":{"@id":"https:\/\/www.anno1555.com\/cs\/#website"},"datePublished":"2020-03-03T08:59:44+00:00","dateModified":"2023-05-09T08:13:56+00:00","breadcrumb":{"@id":"https:\/\/www.anno1555.com\/cs\/datenschutz\/#breadcrumb"},"inLanguage":"cs","potentialAction":[{"@type":"ReadAction","target":[["https:\/\/www.anno1555.com\/cs\/datenschutz\/"]]}]},{"@type":"BreadcrumbList","@id":"https:\/\/www.anno1555.com\/cs\/datenschutz\/#breadcrumb","itemListElement":[{"@type":"ListItem","position":1,"name":"Startseite","item":"https:\/\/www.anno1555.com\/cs\/"},{"@type":"ListItem","position":2,"name":"Datenschutz"}]},{"@type":"WebSite","@id":"https:\/\/www.anno1555.com\/cs\/#website","url":"https:\/\/www.anno1555.com\/cs\/","name":"Anno1555","description":"Hauser Wein, Jus(t), Geschein","potentialAction":[{"@type":"SearchAction","target":{"@type":"EntryPoint","urlTemplate":"https:\/\/www.anno1555.com\/cs\/?s={search_term_string}"},"query-input":{"@type":"PropertyValueSpecification","valueRequired":true,"valueName":"search_term_string"}}],"inLanguage":"cs"}]}},"_links":{"self":[{"href":"https:\/\/www.anno1555.com\/cs\/wp-json\/wp\/v2\/pages\/827","targetHints":{"allow":["GET"]}}],"collection":[{"href":"https:\/\/www.anno1555.com\/cs\/wp-json\/wp\/v2\/pages"}],"about":[{"href":"https:\/\/www.anno1555.com\/cs\/wp-json\/wp\/v2\/types\/page"}],"author":[{"embeddable":true,"href":"https:\/\/www.anno1555.com\/cs\/wp-json\/wp\/v2\/users\/1"}],"replies":[{"embeddable":true,"href":"https:\/\/www.anno1555.com\/cs\/wp-json\/wp\/v2\/comments?post=827"}],"version-history":[{"count":4,"href":"https:\/\/www.anno1555.com\/cs\/wp-json\/wp\/v2\/pages\/827\/revisions"}],"predecessor-version":[{"id":21143,"href":"https:\/\/www.anno1555.com\/cs\/wp-json\/wp\/v2\/pages\/827\/revisions\/21143"}],"wp:attachment":[{"href":"https:\/\/www.anno1555.com\/cs\/wp-json\/wp\/v2\/media?parent=827"}],"curies":[{"name":"wp","href":"https:\/\/api.w.org\/{rel}","templated":true}]}}