{"id":833,"date":"2020-03-03T10:01:31","date_gmt":"2020-03-03T09:01:31","guid":{"rendered":"https:\/\/www.anno1555.com\/?page_id=833"},"modified":"2021-04-23T08:37:18","modified_gmt":"2021-04-23T06:37:18","slug":"zahlung","status":"publish","type":"page","link":"https:\/\/www.anno1555.com\/cs\/zahlung\/","title":{"rendered":"Platba"},"content":{"rendered":"<div class=\"wpb-content-wrapper\"><p>[vc_row][vc_column][vc_column_text text_larger=&#8220;no&#8220;]<strong>Platba p\u0159es PayPal<\/strong><br \/>\nSyst\u00e9m PayPal je velmi jednoduch\u00fd. Je to p\u0159edev\u0161\u00edm \u010dasov\u011b \u00fasporn\u00fd a bezpe\u010dn\u00fd zp\u016fsob platby v na\u0161em online obchod\u011b. Chcete-li platit prost\u0159ednictv\u00edm slu\u017eby PayPal, je t\u0159eba postupovat podle n\u00e1sleduj\u00edc\u00edch krok\u016f:<\/p>\n<p><strong>Krok 1: Zvolit zp\u016fsob platby PayPal<\/strong><br \/>\nPokud m\u00e1te \u00fa\u010det PayPal, vyberte si b\u011bhem procesu objedn\u00e1v\u00e1n\u00ed z platebn\u00edch metod mo\u017enost PayPal, pokud je tato platebn\u00ed metoda nab\u00edzena.<\/p>\n<p><strong>Krok 2: Vyberte zdroj, kter\u00fd chcete pou\u017e\u00edt na platbu<\/strong><br \/>\nV dal\u0161\u00edm procesu pak mus\u00edte zvolit, zda se m\u00e1 k n\u00e1kupu prost\u0159ednictv\u00edm slu\u017eby PayPal pou\u017e\u00edt kreditn\u00ed karta, bankovn\u00ed \u00fa\u010det nebo jin\u00fd zdroj.<\/p>\n<p><strong>Krok 3: Bezpe\u010dn\u00e1 platba p\u0159es PayPal<\/strong><br \/>\nPo zad\u00e1n\u00ed v\u0161ech d\u016fle\u017eit\u00fdch \u00fadaj\u016f bude platba bezpe\u010dn\u011b zpracov\u00e1na prost\u0159ednictv\u00edm \u00fa\u010dtu PayPal a odesl\u00e1na na \u00fa\u010det PayPal prodejce. Pokud nem\u00e1te \u00fa\u010det PayPal, m\u016f\u017eete platit p\u0159es PayPal tak\u00e9 kreditn\u00ed kartou.<\/p>\n<p>V\u00edce informac\u00ed o PayPalu najdete na <a href=\"https:\/\/www.paypal.com\" target=\"_blank\" rel=\"noopener noreferrer\">www.paypal.com<\/a><\/p>\n<p><strong>Platba formou okam\u017eit\u00e9 platby<\/strong><\/p>\n<ol>\n<li>Formou okam\u017eit\u00e9 platby m\u016f\u017eete platit bez registrace p\u0159\u00edmo prost\u0159ednictv\u00edm online bankovnictv\u00ed.<\/li>\n<li>Bankovn\u00ed \u00fa\u010det je ozna\u010den inkasem a v budoucnu m\u016f\u017eete tak\u00e9 platit \u201ejedn\u00edm kliknut\u00edm\u201c. \u010c\u00e1stka k zaplacen\u00ed bude ode\u010dtena z bankovn\u00edho \u00fa\u010dtu. V obou p\u0159\u00edpadech p\u0159eb\u00edr\u00e1 ochranu kupuj\u00edc\u00edho spole\u010dnost Klarna.<\/li>\n<\/ol>\n<p>V\u00edce informac\u00ed o okam\u017eit\u00e9 platb\u011b najdete na <a href=\"https:\/\/www.klarna.com\" target=\"_blank\" rel=\"noopener noreferrer\">www.klarna.com<\/a><\/p>\n<p><strong>Platba kreditn\u00ed kartou Visa, Mastercard nebo American Express<\/strong><\/p>\n<p>Zad\u00e1n\u00edm \u00fadaj\u016f o sv\u00e9 kreditn\u00ed kart\u011b (Visa, Mastercard nebo American Express) m\u016f\u017eete platit rychle a bezpe\u010dn\u011b prost\u0159ednictv\u00edm platebn\u00edho \u0159e\u0161en\u00ed Stripe.<\/p>\n<p>V\u00edce informac\u00ed o Stripe najdete na <a href=\"https:\/\/stripe.com\" target=\"_blank\" rel=\"noopener noreferrer\">www.stripe.com<\/a>[\/vc_column_text][\/vc_column][\/vc_row]<\/p>\n<\/div>","protected":false},"excerpt":{"rendered":"<p>[vc_row][vc_column][vc_column_text text_larger=&#8220;no&#8220;]Platba p\u0159es PayPal Syst\u00e9m PayPal je velmi jednoduch\u00fd. Je to p\u0159edev\u0161\u00edm \u010dasov\u011b \u00fasporn\u00fd a bezpe\u010dn\u00fd zp\u016fsob platby v na\u0161em<\/p>\n","protected":false},"author":1,"featured_media":0,"parent":0,"menu_order":0,"comment_status":"closed","ping_status":"closed","template":"","meta":{"footnotes":""},"class_list":["post-833","page","type-page","status-publish","hentry"],"yoast_head":"<!-- This site is optimized with the Yoast SEO plugin v24.0 - https:\/\/yoast.com\/wordpress\/plugins\/seo\/ -->\n<title>Platba - Anno1555<\/title>\n<meta name=\"robots\" content=\"index, follow, max-snippet:-1, max-image-preview:large, max-video-preview:-1\" \/>\n<link rel=\"canonical\" href=\"https:\/\/www.anno1555.com\/cs\/zahlung\/\" \/>\n<meta property=\"og:locale\" content=\"cs_CZ\" \/>\n<meta property=\"og:type\" content=\"article\" \/>\n<meta property=\"og:title\" content=\"Platba - Anno1555\" \/>\n<meta property=\"og:description\" content=\"[vc_row][vc_column][vc_column_text text_larger=&#8220;no&#8220;]Platba p\u0159es PayPal Syst\u00e9m PayPal je velmi jednoduch\u00fd. Je to p\u0159edev\u0161\u00edm \u010dasov\u011b \u00fasporn\u00fd a bezpe\u010dn\u00fd zp\u016fsob platby v na\u0161em\" \/>\n<meta property=\"og:url\" content=\"https:\/\/www.anno1555.com\/cs\/zahlung\/\" \/>\n<meta property=\"og:site_name\" content=\"Anno1555\" \/>\n<meta property=\"article:publisher\" content=\"https:\/\/www.facebook.com\/anno1555\" \/>\n<meta property=\"article:modified_time\" content=\"2021-04-23T06:37:18+00:00\" \/>\n<meta name=\"twitter:card\" content=\"summary_large_image\" \/>\n<script type=\"application\/ld+json\" class=\"yoast-schema-graph\">{\"@context\":\"https:\/\/schema.org\",\"@graph\":[{\"@type\":\"WebPage\",\"@id\":\"https:\/\/www.anno1555.com\/cs\/zahlung\/\",\"url\":\"https:\/\/www.anno1555.com\/cs\/zahlung\/\",\"name\":\"Platba - Anno1555\",\"isPartOf\":{\"@id\":\"https:\/\/www.anno1555.com\/cs\/#website\"},\"datePublished\":\"2020-03-03T09:01:31+00:00\",\"dateModified\":\"2021-04-23T06:37:18+00:00\",\"breadcrumb\":{\"@id\":\"https:\/\/www.anno1555.com\/cs\/zahlung\/#breadcrumb\"},\"inLanguage\":\"cs\",\"potentialAction\":[{\"@type\":\"ReadAction\",\"target\":[[\"https:\/\/www.anno1555.com\/cs\/zahlung\/\"]]}]},{\"@type\":\"BreadcrumbList\",\"@id\":\"https:\/\/www.anno1555.com\/cs\/zahlung\/#breadcrumb\",\"itemListElement\":[{\"@type\":\"ListItem\",\"position\":1,\"name\":\"Startseite\",\"item\":\"https:\/\/www.anno1555.com\/cs\/\"},{\"@type\":\"ListItem\",\"position\":2,\"name\":\"Zahlung\"}]},{\"@type\":\"WebSite\",\"@id\":\"https:\/\/www.anno1555.com\/cs\/#website\",\"url\":\"https:\/\/www.anno1555.com\/cs\/\",\"name\":\"Anno1555\",\"description\":\"Hauser Wein, Jus(t), Geschein\",\"potentialAction\":[{\"@type\":\"SearchAction\",\"target\":{\"@type\":\"EntryPoint\",\"urlTemplate\":\"https:\/\/www.anno1555.com\/cs\/?s={search_term_string}\"},\"query-input\":{\"@type\":\"PropertyValueSpecification\",\"valueRequired\":true,\"valueName\":\"search_term_string\"}}],\"inLanguage\":\"cs\"}]}<\/script>\n<!-- \/ Yoast SEO plugin. -->","yoast_head_json":{"title":"Platba - Anno1555","robots":{"index":"index","follow":"follow","max-snippet":"max-snippet:-1","max-image-preview":"max-image-preview:large","max-video-preview":"max-video-preview:-1"},"canonical":"https:\/\/www.anno1555.com\/cs\/zahlung\/","og_locale":"cs_CZ","og_type":"article","og_title":"Platba - Anno1555","og_description":"[vc_row][vc_column][vc_column_text text_larger=&#8220;no&#8220;]Platba p\u0159es PayPal Syst\u00e9m PayPal je velmi jednoduch\u00fd. Je to p\u0159edev\u0161\u00edm \u010dasov\u011b \u00fasporn\u00fd a bezpe\u010dn\u00fd zp\u016fsob platby v na\u0161em","og_url":"https:\/\/www.anno1555.com\/cs\/zahlung\/","og_site_name":"Anno1555","article_publisher":"https:\/\/www.facebook.com\/anno1555","article_modified_time":"2021-04-23T06:37:18+00:00","twitter_card":"summary_large_image","schema":{"@context":"https:\/\/schema.org","@graph":[{"@type":"WebPage","@id":"https:\/\/www.anno1555.com\/cs\/zahlung\/","url":"https:\/\/www.anno1555.com\/cs\/zahlung\/","name":"Platba - Anno1555","isPartOf":{"@id":"https:\/\/www.anno1555.com\/cs\/#website"},"datePublished":"2020-03-03T09:01:31+00:00","dateModified":"2021-04-23T06:37:18+00:00","breadcrumb":{"@id":"https:\/\/www.anno1555.com\/cs\/zahlung\/#breadcrumb"},"inLanguage":"cs","potentialAction":[{"@type":"ReadAction","target":[["https:\/\/www.anno1555.com\/cs\/zahlung\/"]]}]},{"@type":"BreadcrumbList","@id":"https:\/\/www.anno1555.com\/cs\/zahlung\/#breadcrumb","itemListElement":[{"@type":"ListItem","position":1,"name":"Startseite","item":"https:\/\/www.anno1555.com\/cs\/"},{"@type":"ListItem","position":2,"name":"Zahlung"}]},{"@type":"WebSite","@id":"https:\/\/www.anno1555.com\/cs\/#website","url":"https:\/\/www.anno1555.com\/cs\/","name":"Anno1555","description":"Hauser Wein, Jus(t), Geschein","potentialAction":[{"@type":"SearchAction","target":{"@type":"EntryPoint","urlTemplate":"https:\/\/www.anno1555.com\/cs\/?s={search_term_string}"},"query-input":{"@type":"PropertyValueSpecification","valueRequired":true,"valueName":"search_term_string"}}],"inLanguage":"cs"}]}},"_links":{"self":[{"href":"https:\/\/www.anno1555.com\/cs\/wp-json\/wp\/v2\/pages\/833","targetHints":{"allow":["GET"]}}],"collection":[{"href":"https:\/\/www.anno1555.com\/cs\/wp-json\/wp\/v2\/pages"}],"about":[{"href":"https:\/\/www.anno1555.com\/cs\/wp-json\/wp\/v2\/types\/page"}],"author":[{"embeddable":true,"href":"https:\/\/www.anno1555.com\/cs\/wp-json\/wp\/v2\/users\/1"}],"replies":[{"embeddable":true,"href":"https:\/\/www.anno1555.com\/cs\/wp-json\/wp\/v2\/comments?post=833"}],"version-history":[{"count":4,"href":"https:\/\/www.anno1555.com\/cs\/wp-json\/wp\/v2\/pages\/833\/revisions"}],"predecessor-version":[{"id":1191,"href":"https:\/\/www.anno1555.com\/cs\/wp-json\/wp\/v2\/pages\/833\/revisions\/1191"}],"wp:attachment":[{"href":"https:\/\/www.anno1555.com\/cs\/wp-json\/wp\/v2\/media?parent=833"}],"curies":[{"name":"wp","href":"https:\/\/api.w.org\/{rel}","templated":true}]}}