{"id":1140,"date":"2020-04-07T08:44:26","date_gmt":"2020-04-07T06:44:26","guid":{"rendered":"https:\/\/www.anno1555.com\/?post_type=product&#038;p=1140"},"modified":"2026-01-08T15:30:57","modified_gmt":"2026-01-08T14:30:57","slug":"just-mix-1212-flaschen","status":"publish","type":"product","link":"https:\/\/www.anno1555.com\/cs\/shop\/just-mix-1212-flaschen\/","title":{"rendered":"Jus(t) Mix &#8211; 12+12 lahv\u00ed"},"content":{"rendered":"<div class=\"wpb-content-wrapper\"><p>[vc_row][vc_column width=&#8220;1\/2&#8243;][vc_column_text text_larger=&#8220;no&#8220; woodmart_inline=&#8220;no&#8220;]<\/p>\n<ul>\n<li>No 1: Verjus \u2013 soda \u2013 gin \u2013 levandule \u2013 rozmar\u00fdn<br \/>\nNastal okam\u017eik se pozastavit. Nov\u011b objeven\u00e1 esence, kter\u00e1 p\u0159episuje d\u011bjiny. Je to Verjus, gin, rozmar\u00fdn a levandule. Netu\u0161en\u00e1 harmonie.<\/li>\n<li>No 2: Verjus \u2013 soda \u2013 vodka &#8211; bazalka \u2013 r\u016f\u017ee<br \/>\nJe to skok p\u0159es vlastn\u00ed st\u00edn. Pohled zp\u00e1tky, kter\u00fd odhaluje zn\u00e1m\u00e9. Je to Verjus, vodka, bazalka a r\u016f\u017ee. Objev souhry.<\/li>\n<li>Pou\u017e\u00edvaj\u00ed se pouze vysoce kvalitn\u00ed \u010dist\u011b P\u0158\u00cdRODN\u00cd p\u0159\u00edsady.<\/li>\n<li>Je to 250 ml a 4 % alkoholu. Osv\u011b\u017euj\u00edc\u00ed<\/li>\n<li class=\"x_MsoNormal\"><span lang=\"DE\">Obsah:<br \/>\n<\/span>0,25 l\/4% alkoholu\/polosladk\u00fd<\/li>\n<li class=\"x_MsoNormal\">P\u016fvod:<span lang=\"DE\">:<br \/>\n<\/span>Weinviertel Doln\u00ed Rakousko<\/li>\n<li>St\u00e1\u010d\u00edrna:<br \/>\nHauserwelt Gmbh<br \/>\nBrunngasse 38<br \/>\n2170 Poysdorf<\/li>\n<\/ul>\n<p>[\/vc_column_text][\/vc_column][vc_column width=&#8220;1\/2&#8243;][\/vc_column][\/vc_row]<\/p>\n<\/div>","protected":false},"excerpt":{"rendered":"<p>Ide\u00e1ln\u00ed bal\u00ed\u010dek na vyzkou\u0161en\u00ed, obsahuje Jus(t) No1 a Jus(t) No2!<\/p>\n","protected":false},"featured_media":21957,"comment_status":"open","ping_status":"closed","template":"","meta":[],"product_cat":[41],"product_tag":[],"class_list":{"0":"post-1140","1":"product","2":"type-product","3":"status-publish","4":"has-post-thumbnail","6":"product_cat-just","8":"first","9":"outofstock","10":"sale","11":"taxable","12":"shipping-taxable","13":"purchasable","14":"product-type-simple"},"yoast_head":"<!-- This site is optimized with the Yoast SEO plugin v24.0 - https:\/\/yoast.com\/wordpress\/plugins\/seo\/ -->\n<title>Jus(t) Mix - 12+12 lahv\u00ed - Anno1555<\/title>\n<meta name=\"robots\" content=\"index, follow, max-snippet:-1, max-image-preview:large, max-video-preview:-1\" \/>\n<link rel=\"canonical\" href=\"https:\/\/www.anno1555.com\/cs\/shop\/just-mix-1212-flaschen\/\" \/>\n<meta property=\"og:locale\" content=\"cs_CZ\" \/>\n<meta property=\"og:type\" content=\"article\" \/>\n<meta property=\"og:title\" content=\"Jus(t) Mix - 12+12 Flaschen\" \/>\n<meta property=\"og:description\" content=\"Das ideale Paket zum Probieren, bestehend aus Jus(t) No1 und Jus(t) No2!\" \/>\n<meta property=\"og:url\" content=\"https:\/\/www.anno1555.com\/cs\/shop\/just-mix-1212-flaschen\/\" \/>\n<meta property=\"og:site_name\" content=\"Anno1555\" \/>\n<meta property=\"article:publisher\" content=\"https:\/\/www.facebook.com\/anno1555\" \/>\n<meta property=\"article:modified_time\" content=\"2026-01-08T14:30:57+00:00\" \/>\n<meta property=\"og:image\" content=\"https:\/\/www.anno1555.com\/wp-content\/uploads\/2020\/04\/justmix12_12_social-1.jpg\" \/>\n\t<meta property=\"og:image:width\" content=\"1366\" \/>\n\t<meta property=\"og:image:height\" content=\"768\" \/>\n\t<meta property=\"og:image:type\" content=\"image\/jpeg\" \/>\n<meta name=\"twitter:card\" content=\"summary_large_image\" \/>\n<script type=\"application\/ld+json\" class=\"yoast-schema-graph\">{\"@context\":\"https:\/\/schema.org\",\"@graph\":[{\"@type\":\"WebPage\",\"@id\":\"https:\/\/www.anno1555.com\/cs\/shop\/just-mix-1212-flaschen\/\",\"url\":\"https:\/\/www.anno1555.com\/cs\/shop\/just-mix-1212-flaschen\/\",\"name\":\"Jus(t) Mix - 12+12 lahv\u00ed - Anno1555\",\"isPartOf\":{\"@id\":\"https:\/\/www.anno1555.com\/cs\/#website\"},\"primaryImageOfPage\":{\"@id\":\"https:\/\/www.anno1555.com\/cs\/shop\/just-mix-1212-flaschen\/#primaryimage\"},\"image\":{\"@id\":\"https:\/\/www.anno1555.com\/shop\/just-mix-1212-flaschen\/#primaryimage\"},\"thumbnailUrl\":\"https:\/\/www.anno1555.com\/wp-content\/uploads\/2020\/04\/shop_justmix_12_12-1.png\",\"datePublished\":\"2020-04-07T06:44:26+00:00\",\"dateModified\":\"2026-01-08T14:30:57+00:00\",\"breadcrumb\":{\"@id\":\"https:\/\/www.anno1555.com\/cs\/shop\/just-mix-1212-flaschen\/#breadcrumb\"},\"inLanguage\":\"cs\",\"potentialAction\":[{\"@type\":\"ReadAction\",\"target\":[[\"https:\/\/www.anno1555.com\/cs\/shop\/just-mix-1212-flaschen\/\"]]}]},{\"@type\":\"ImageObject\",\"inLanguage\":\"cs\",\"@id\":\"https:\/\/www.anno1555.com\/cs\/shop\/just-mix-1212-flaschen\/#primaryimage\",\"url\":\"https:\/\/www.anno1555.com\/wp-content\/uploads\/2020\/04\/shop_justmix_12_12-1.png\",\"contentUrl\":\"https:\/\/www.anno1555.com\/wp-content\/uploads\/2020\/04\/shop_justmix_12_12-1.png\",\"width\":600,\"height\":600},{\"@type\":\"BreadcrumbList\",\"@id\":\"https:\/\/www.anno1555.com\/cs\/shop\/just-mix-1212-flaschen\/#breadcrumb\",\"itemListElement\":[{\"@type\":\"ListItem\",\"position\":1,\"name\":\"Startseite\",\"item\":\"https:\/\/www.anno1555.com\/cs\/\"},{\"@type\":\"ListItem\",\"position\":2,\"name\":\"Shop\",\"item\":\"https:\/\/www.anno1555.com\/cs\/shop\/\"},{\"@type\":\"ListItem\",\"position\":3,\"name\":\"Jus(t) Mix &#8211; 12+12 Flaschen\"}]},{\"@type\":\"WebSite\",\"@id\":\"https:\/\/www.anno1555.com\/cs\/#website\",\"url\":\"https:\/\/www.anno1555.com\/cs\/\",\"name\":\"Anno1555\",\"description\":\"Hauser Wein, Jus(t), Geschein\",\"potentialAction\":[{\"@type\":\"SearchAction\",\"target\":{\"@type\":\"EntryPoint\",\"urlTemplate\":\"https:\/\/www.anno1555.com\/cs\/?s={search_term_string}\"},\"query-input\":{\"@type\":\"PropertyValueSpecification\",\"valueRequired\":true,\"valueName\":\"search_term_string\"}}],\"inLanguage\":\"cs\"}]}<\/script>\n<!-- \/ Yoast SEO plugin. -->","yoast_head_json":{"title":"Jus(t) Mix - 12+12 lahv\u00ed - Anno1555","robots":{"index":"index","follow":"follow","max-snippet":"max-snippet:-1","max-image-preview":"max-image-preview:large","max-video-preview":"max-video-preview:-1"},"canonical":"https:\/\/www.anno1555.com\/cs\/shop\/just-mix-1212-flaschen\/","og_locale":"cs_CZ","og_type":"article","og_title":"Jus(t) Mix - 12+12 Flaschen","og_description":"Das ideale Paket zum Probieren, bestehend aus Jus(t) No1 und Jus(t) No2!","og_url":"https:\/\/www.anno1555.com\/cs\/shop\/just-mix-1212-flaschen\/","og_site_name":"Anno1555","article_publisher":"https:\/\/www.facebook.com\/anno1555","article_modified_time":"2026-01-08T14:30:57+00:00","og_image":[{"width":1366,"height":768,"url":"https:\/\/www.anno1555.com\/wp-content\/uploads\/2020\/04\/justmix12_12_social-1.jpg","type":"image\/jpeg"}],"twitter_card":"summary_large_image","schema":{"@context":"https:\/\/schema.org","@graph":[{"@type":"WebPage","@id":"https:\/\/www.anno1555.com\/cs\/shop\/just-mix-1212-flaschen\/","url":"https:\/\/www.anno1555.com\/cs\/shop\/just-mix-1212-flaschen\/","name":"Jus(t) Mix - 12+12 lahv\u00ed - Anno1555","isPartOf":{"@id":"https:\/\/www.anno1555.com\/cs\/#website"},"primaryImageOfPage":{"@id":"https:\/\/www.anno1555.com\/cs\/shop\/just-mix-1212-flaschen\/#primaryimage"},"image":{"@id":"https:\/\/www.anno1555.com\/shop\/just-mix-1212-flaschen\/#primaryimage"},"thumbnailUrl":"https:\/\/www.anno1555.com\/wp-content\/uploads\/2020\/04\/shop_justmix_12_12-1.png","datePublished":"2020-04-07T06:44:26+00:00","dateModified":"2026-01-08T14:30:57+00:00","breadcrumb":{"@id":"https:\/\/www.anno1555.com\/cs\/shop\/just-mix-1212-flaschen\/#breadcrumb"},"inLanguage":"cs","potentialAction":[{"@type":"ReadAction","target":[["https:\/\/www.anno1555.com\/cs\/shop\/just-mix-1212-flaschen\/"]]}]},{"@type":"ImageObject","inLanguage":"cs","@id":"https:\/\/www.anno1555.com\/cs\/shop\/just-mix-1212-flaschen\/#primaryimage","url":"https:\/\/www.anno1555.com\/wp-content\/uploads\/2020\/04\/shop_justmix_12_12-1.png","contentUrl":"https:\/\/www.anno1555.com\/wp-content\/uploads\/2020\/04\/shop_justmix_12_12-1.png","width":600,"height":600},{"@type":"BreadcrumbList","@id":"https:\/\/www.anno1555.com\/cs\/shop\/just-mix-1212-flaschen\/#breadcrumb","itemListElement":[{"@type":"ListItem","position":1,"name":"Startseite","item":"https:\/\/www.anno1555.com\/cs\/"},{"@type":"ListItem","position":2,"name":"Shop","item":"https:\/\/www.anno1555.com\/cs\/shop\/"},{"@type":"ListItem","position":3,"name":"Jus(t) Mix &#8211; 12+12 Flaschen"}]},{"@type":"WebSite","@id":"https:\/\/www.anno1555.com\/cs\/#website","url":"https:\/\/www.anno1555.com\/cs\/","name":"Anno1555","description":"Hauser Wein, Jus(t), Geschein","potentialAction":[{"@type":"SearchAction","target":{"@type":"EntryPoint","urlTemplate":"https:\/\/www.anno1555.com\/cs\/?s={search_term_string}"},"query-input":{"@type":"PropertyValueSpecification","valueRequired":true,"valueName":"search_term_string"}}],"inLanguage":"cs"}]}},"_links":{"self":[{"href":"https:\/\/www.anno1555.com\/cs\/wp-json\/wp\/v2\/product\/1140","targetHints":{"allow":["GET"]}}],"collection":[{"href":"https:\/\/www.anno1555.com\/cs\/wp-json\/wp\/v2\/product"}],"about":[{"href":"https:\/\/www.anno1555.com\/cs\/wp-json\/wp\/v2\/types\/product"}],"replies":[{"embeddable":true,"href":"https:\/\/www.anno1555.com\/cs\/wp-json\/wp\/v2\/comments?post=1140"}],"wp:featuredmedia":[{"embeddable":true,"href":"https:\/\/www.anno1555.com\/cs\/wp-json\/wp\/v2\/media\/21957"}],"wp:attachment":[{"href":"https:\/\/www.anno1555.com\/cs\/wp-json\/wp\/v2\/media?parent=1140"}],"wp:term":[{"taxonomy":"product_cat","embeddable":true,"href":"https:\/\/www.anno1555.com\/cs\/wp-json\/wp\/v2\/product_cat?post=1140"},{"taxonomy":"product_tag","embeddable":true,"href":"https:\/\/www.anno1555.com\/cs\/wp-json\/wp\/v2\/product_tag?post=1140"}],"curies":[{"name":"wp","href":"https:\/\/api.w.org\/{rel}","templated":true}]}}