{"id":1393,"date":"2020-05-14T08:35:08","date_gmt":"2020-05-14T06:35:08","guid":{"rendered":"https:\/\/www.anno1555.com\/?post_type=product&#038;p=1393"},"modified":"2026-01-28T10:00:34","modified_gmt":"2026-01-28T09:00:34","slug":"alles-prickelnd-box","status":"publish","type":"product","link":"https:\/\/www.anno1555.com\/cs\/shop\/alles-prickelnd-box\/","title":{"rendered":"V\u0161echno \u0161umiv\u00e9 BOX"},"content":{"rendered":"<div class=\"wpb-content-wrapper\"><p>[vc_row content_placement=&#8220;top&#8220;][vc_column][vc_custom_heading text=&#8220;&#8220; use_theme_fonts=&#8220;yes&#8220;][vc_row_inner][vc_column_inner width=&#8220;1\/2&#8243;][\/vc_column_inner][vc_column_inner width=&#8220;1\/2&#8243;][\/vc_column_inner][\/vc_row_inner][\/vc_column][\/vc_row]<\/p>\n<\/div>","protected":false},"excerpt":{"rendered":"<p>1 Fl Poy-Secco Ohlala<br \/>\n1 Fl Poy-Secco Refresh<br \/>\n1 Fl Poy-Secco Pink<br \/>\n1 Fl Poy-Secco Zero &#038; Free<br \/>\n2 Fl Jus(t)1<br \/>\n2 Fl Jus(t)2<\/p>\n","protected":false},"featured_media":1469,"comment_status":"open","ping_status":"closed","template":"","meta":[],"product_cat":[38,73],"product_tag":[],"class_list":{"0":"post-1393","1":"product","2":"type-product","3":"status-publish","4":"has-post-thumbnail","6":"product_cat-hauser-wein","7":"product_cat-packages","9":"first","10":"instock","11":"sale","12":"taxable","13":"shipping-taxable","14":"purchasable","15":"product-type-simple"},"yoast_head":"<!-- This site is optimized with the Yoast SEO plugin v24.0 - https:\/\/yoast.com\/wordpress\/plugins\/seo\/ -->\n<title>V\u0161echno \u0161umiv\u00e9 BOX - Anno1555<\/title>\n<meta name=\"robots\" content=\"index, follow, max-snippet:-1, max-image-preview:large, max-video-preview:-1\" \/>\n<link rel=\"canonical\" href=\"https:\/\/www.anno1555.com\/cs\/shop\/alles-prickelnd-box\/\" \/>\n<meta property=\"og:locale\" content=\"cs_CZ\" \/>\n<meta property=\"og:type\" content=\"article\" \/>\n<meta property=\"og:title\" content=\"Alles prickelnd BOX\" \/>\n<meta property=\"og:description\" content=\"1 Fl Ohlala - 1 Fl Refresh - 1 Fl Pink (inkl. 20 % MwSt.) - 1 Fl Free (inkl. 20 % MwSt.) - 2 Fl Jus(t)1 (inkl. 20 % MwSt.) - 2 Fl Jus(t)2 (inkl. 20 % MwSt.)\" \/>\n<meta property=\"og:url\" content=\"https:\/\/www.anno1555.com\/cs\/shop\/alles-prickelnd-box\/\" \/>\n<meta property=\"og:site_name\" content=\"Anno1555\" \/>\n<meta property=\"article:publisher\" content=\"https:\/\/www.facebook.com\/anno1555\" \/>\n<meta property=\"article:modified_time\" content=\"2026-01-28T09:00:34+00:00\" \/>\n<meta property=\"og:image\" content=\"https:\/\/www.anno1555.com\/wp-content\/uploads\/2020\/05\/alles_prickeld_package_social.jpg\" \/>\n\t<meta property=\"og:image:width\" content=\"1366\" \/>\n\t<meta property=\"og:image:height\" content=\"768\" \/>\n\t<meta property=\"og:image:type\" content=\"image\/jpeg\" \/>\n<meta name=\"twitter:card\" content=\"summary_large_image\" \/>\n<script type=\"application\/ld+json\" class=\"yoast-schema-graph\">{\"@context\":\"https:\/\/schema.org\",\"@graph\":[{\"@type\":\"WebPage\",\"@id\":\"https:\/\/www.anno1555.com\/cs\/shop\/alles-prickelnd-box\/\",\"url\":\"https:\/\/www.anno1555.com\/cs\/shop\/alles-prickelnd-box\/\",\"name\":\"V\u0161echno \u0161umiv\u00e9 BOX - Anno1555\",\"isPartOf\":{\"@id\":\"https:\/\/www.anno1555.com\/cs\/#website\"},\"primaryImageOfPage\":{\"@id\":\"https:\/\/www.anno1555.com\/cs\/shop\/alles-prickelnd-box\/#primaryimage\"},\"image\":{\"@id\":\"https:\/\/www.anno1555.com\/shop\/alles-prickelnd-box\/#primaryimage\"},\"thumbnailUrl\":\"https:\/\/www.anno1555.com\/wp-content\/uploads\/2020\/05\/shop_alles_prickelnd_box.png\",\"datePublished\":\"2020-05-14T06:35:08+00:00\",\"dateModified\":\"2026-01-28T09:00:34+00:00\",\"breadcrumb\":{\"@id\":\"https:\/\/www.anno1555.com\/cs\/shop\/alles-prickelnd-box\/#breadcrumb\"},\"inLanguage\":\"cs\",\"potentialAction\":[{\"@type\":\"ReadAction\",\"target\":[[\"https:\/\/www.anno1555.com\/cs\/shop\/alles-prickelnd-box\/\"]]}]},{\"@type\":\"ImageObject\",\"inLanguage\":\"cs\",\"@id\":\"https:\/\/www.anno1555.com\/cs\/shop\/alles-prickelnd-box\/#primaryimage\",\"url\":\"https:\/\/www.anno1555.com\/wp-content\/uploads\/2020\/05\/shop_alles_prickelnd_box.png\",\"contentUrl\":\"https:\/\/www.anno1555.com\/wp-content\/uploads\/2020\/05\/shop_alles_prickelnd_box.png\",\"width\":600,\"height\":600,\"caption\":\"Alles prickelnd BOX. 1 Fl Ohlala - 1 Fl Refresh - 1 Fl Pink (inkl. 20 % MwSt.) - 1 Fl Free (inkl. 20 % MwSt.) - 2 Fl Jus(t)1 (inkl. 20 % MwSt.) - 2 Fl Jus(t)2 (inkl. 20 % MwSt.)\"},{\"@type\":\"BreadcrumbList\",\"@id\":\"https:\/\/www.anno1555.com\/cs\/shop\/alles-prickelnd-box\/#breadcrumb\",\"itemListElement\":[{\"@type\":\"ListItem\",\"position\":1,\"name\":\"Startseite\",\"item\":\"https:\/\/www.anno1555.com\/cs\/\"},{\"@type\":\"ListItem\",\"position\":2,\"name\":\"Shop\",\"item\":\"https:\/\/www.anno1555.com\/cs\/shop\/\"},{\"@type\":\"ListItem\",\"position\":3,\"name\":\"Alles prickelnd BOX\"}]},{\"@type\":\"WebSite\",\"@id\":\"https:\/\/www.anno1555.com\/cs\/#website\",\"url\":\"https:\/\/www.anno1555.com\/cs\/\",\"name\":\"Anno1555\",\"description\":\"Hauser Wein, Jus(t), Geschein\",\"potentialAction\":[{\"@type\":\"SearchAction\",\"target\":{\"@type\":\"EntryPoint\",\"urlTemplate\":\"https:\/\/www.anno1555.com\/cs\/?s={search_term_string}\"},\"query-input\":{\"@type\":\"PropertyValueSpecification\",\"valueRequired\":true,\"valueName\":\"search_term_string\"}}],\"inLanguage\":\"cs\"}]}<\/script>\n<!-- \/ Yoast SEO plugin. -->","yoast_head_json":{"title":"V\u0161echno \u0161umiv\u00e9 BOX - Anno1555","robots":{"index":"index","follow":"follow","max-snippet":"max-snippet:-1","max-image-preview":"max-image-preview:large","max-video-preview":"max-video-preview:-1"},"canonical":"https:\/\/www.anno1555.com\/cs\/shop\/alles-prickelnd-box\/","og_locale":"cs_CZ","og_type":"article","og_title":"Alles prickelnd BOX","og_description":"1 Fl Ohlala - 1 Fl Refresh - 1 Fl Pink (inkl. 20 % MwSt.) - 1 Fl Free (inkl. 20 % MwSt.) - 2 Fl Jus(t)1 (inkl. 20 % MwSt.) - 2 Fl Jus(t)2 (inkl. 20 % MwSt.)","og_url":"https:\/\/www.anno1555.com\/cs\/shop\/alles-prickelnd-box\/","og_site_name":"Anno1555","article_publisher":"https:\/\/www.facebook.com\/anno1555","article_modified_time":"2026-01-28T09:00:34+00:00","og_image":[{"width":1366,"height":768,"url":"https:\/\/www.anno1555.com\/wp-content\/uploads\/2020\/05\/alles_prickeld_package_social.jpg","type":"image\/jpeg"}],"twitter_card":"summary_large_image","schema":{"@context":"https:\/\/schema.org","@graph":[{"@type":"WebPage","@id":"https:\/\/www.anno1555.com\/cs\/shop\/alles-prickelnd-box\/","url":"https:\/\/www.anno1555.com\/cs\/shop\/alles-prickelnd-box\/","name":"V\u0161echno \u0161umiv\u00e9 BOX - Anno1555","isPartOf":{"@id":"https:\/\/www.anno1555.com\/cs\/#website"},"primaryImageOfPage":{"@id":"https:\/\/www.anno1555.com\/cs\/shop\/alles-prickelnd-box\/#primaryimage"},"image":{"@id":"https:\/\/www.anno1555.com\/shop\/alles-prickelnd-box\/#primaryimage"},"thumbnailUrl":"https:\/\/www.anno1555.com\/wp-content\/uploads\/2020\/05\/shop_alles_prickelnd_box.png","datePublished":"2020-05-14T06:35:08+00:00","dateModified":"2026-01-28T09:00:34+00:00","breadcrumb":{"@id":"https:\/\/www.anno1555.com\/cs\/shop\/alles-prickelnd-box\/#breadcrumb"},"inLanguage":"cs","potentialAction":[{"@type":"ReadAction","target":[["https:\/\/www.anno1555.com\/cs\/shop\/alles-prickelnd-box\/"]]}]},{"@type":"ImageObject","inLanguage":"cs","@id":"https:\/\/www.anno1555.com\/cs\/shop\/alles-prickelnd-box\/#primaryimage","url":"https:\/\/www.anno1555.com\/wp-content\/uploads\/2020\/05\/shop_alles_prickelnd_box.png","contentUrl":"https:\/\/www.anno1555.com\/wp-content\/uploads\/2020\/05\/shop_alles_prickelnd_box.png","width":600,"height":600,"caption":"Alles prickelnd BOX. 1 Fl Ohlala - 1 Fl Refresh - 1 Fl Pink (inkl. 20 % MwSt.) - 1 Fl Free (inkl. 20 % MwSt.) - 2 Fl Jus(t)1 (inkl. 20 % MwSt.) - 2 Fl Jus(t)2 (inkl. 20 % MwSt.)"},{"@type":"BreadcrumbList","@id":"https:\/\/www.anno1555.com\/cs\/shop\/alles-prickelnd-box\/#breadcrumb","itemListElement":[{"@type":"ListItem","position":1,"name":"Startseite","item":"https:\/\/www.anno1555.com\/cs\/"},{"@type":"ListItem","position":2,"name":"Shop","item":"https:\/\/www.anno1555.com\/cs\/shop\/"},{"@type":"ListItem","position":3,"name":"Alles prickelnd BOX"}]},{"@type":"WebSite","@id":"https:\/\/www.anno1555.com\/cs\/#website","url":"https:\/\/www.anno1555.com\/cs\/","name":"Anno1555","description":"Hauser Wein, Jus(t), Geschein","potentialAction":[{"@type":"SearchAction","target":{"@type":"EntryPoint","urlTemplate":"https:\/\/www.anno1555.com\/cs\/?s={search_term_string}"},"query-input":{"@type":"PropertyValueSpecification","valueRequired":true,"valueName":"search_term_string"}}],"inLanguage":"cs"}]}},"_links":{"self":[{"href":"https:\/\/www.anno1555.com\/cs\/wp-json\/wp\/v2\/product\/1393","targetHints":{"allow":["GET"]}}],"collection":[{"href":"https:\/\/www.anno1555.com\/cs\/wp-json\/wp\/v2\/product"}],"about":[{"href":"https:\/\/www.anno1555.com\/cs\/wp-json\/wp\/v2\/types\/product"}],"replies":[{"embeddable":true,"href":"https:\/\/www.anno1555.com\/cs\/wp-json\/wp\/v2\/comments?post=1393"}],"wp:featuredmedia":[{"embeddable":true,"href":"https:\/\/www.anno1555.com\/cs\/wp-json\/wp\/v2\/media\/1469"}],"wp:attachment":[{"href":"https:\/\/www.anno1555.com\/cs\/wp-json\/wp\/v2\/media?parent=1393"}],"wp:term":[{"taxonomy":"product_cat","embeddable":true,"href":"https:\/\/www.anno1555.com\/cs\/wp-json\/wp\/v2\/product_cat?post=1393"},{"taxonomy":"product_tag","embeddable":true,"href":"https:\/\/www.anno1555.com\/cs\/wp-json\/wp\/v2\/product_tag?post=1393"}],"curies":[{"name":"wp","href":"https:\/\/api.w.org\/{rel}","templated":true}]}}