{"id":21382,"date":"2023-09-12T15:24:44","date_gmt":"2023-09-12T13:24:44","guid":{"rendered":"https:\/\/www.anno1555.com\/?post_type=product&#038;p=21382"},"modified":"2026-04-13T08:05:35","modified_gmt":"2026-04-13T06:05:35","slug":"erstes-vorspiel-muskateller-jungwein","status":"publish","type":"product","link":"https:\/\/www.anno1555.com\/cs\/shop\/erstes-vorspiel-muskateller-jungwein\/","title":{"rendered":"Erstes Vorspiel &#8211; Muskateller Jungwein"},"content":{"rendered":"<div class=\"wpb-content-wrapper\"><p>[vc_row content_placement=&#8220;top&#8220;][vc_column width=&#8220;1\/2&#8243;][vc_column_text text_larger=&#8220;no&#8220; woodmart_inline=&#8220;no&#8220;]<\/p>\n<ul>\n<li>ovocn\u00e9 a kv\u011btinov\u00e9 t\u00f3ny, kter\u00e9 h\u00fd\u010dkaj\u00ed va\u0161e smysly<\/li>\n<li>aromatick\u00fd buket p\u0159ipom\u00ednaj\u00edc\u00ed \u0161\u0165avnat\u00e9 broskve a vo\u0148av\u00e9 okv\u011btn\u00ed l\u00edstky<\/li>\n<li>perfektn\u00ed doprovod pro tepl\u00e9 pozdn\u00ed letn\u00ed noci a spole\u010densk\u00e9 ve\u010dery s p\u0159\u00e1teli<\/li>\n<li>Obsah:<br \/>\n0,75 l\/10,5\/such\u00e9<br \/>\nObsahuje si\u0159i\u010ditany<\/li>\n<li>Vinobran\u00ed:<br \/>\n2025<\/li>\n<li>P\u016fvod: Weinviertel Doln\u00ed Rakousko<\/li>\n<li>St\u00e1\u010d\u00edrna:<br \/>\nWeingut Hauser<br \/>\nBrunngasse 38<br \/>\n2170 Poysdorf<\/li>\n<\/ul>\n<div id=\"ingredients\">\n<h4><\/h4>\n<h4 class=\"section-title\">Slo\u017een\u00ed<\/h4>\n<div class=\"text\">\n<p>Hrozny*, koncentrovan\u00fd hroznov\u00fd mo\u0161t*, konzervanty: si\u0159i\u010ditany*; antioxidant: kyselina L-askorbov\u00e1*. Baleno v ochrann\u00e9 atmosf\u00e9\u0159e.<\/p>\n<p>* z ekologick\u00e9ho zem\u011bd\u011blstv\u00ed<\/p>\n<h4 class=\"section-title\">V\u00fd\u017eivov\u00e9 \u00fadaje<\/h4>\n<div id=\"nutritionalTable\">\n<table style=\"width: 100%; border-collapse: collapse;\" cellspacing=\"0\">\n<thead>\n<tr>\n<th style=\"text-align: left; padding: 8px; border-bottom: 2px solid #000;\"><\/th>\n<th style=\"text-align: right; padding: 8px; border-bottom: 2px solid #000;\">na 100 ml<\/th>\n<\/tr>\n<\/thead>\n<tbody>\n<tr>\n<td style=\"padding: 8px; border-bottom: 1px solid #ddd;\"><strong>Energetick\u00e1 hodnota<\/strong><\/td>\n<td style=\"text-align: right; padding: 8px; border-bottom: 1px solid #ddd;\"><strong><br \/>\n275 kJ<br \/>\n66 kcal<br \/>\n<\/strong><\/td>\n<\/tr>\n<tr>\n<td style=\"padding: 8px; border-bottom: 1px solid #ddd;\"><strong>Tuky<\/strong><\/td>\n<td style=\"text-align: right; padding: 8px; border-bottom: 1px solid #ddd;\"><strong>&lt;0,5 g<\/strong><\/td>\n<\/tr>\n<tr>\n<td style=\"padding: 8px; border-bottom: 1px solid #ddd;\">z toho nasycen\u00e9 mastn\u00e9 kyseliny<\/td>\n<td style=\"text-align: right; padding: 8px; border-bottom: 1px solid #ddd;\">&lt;0,1 g<\/td>\n<\/tr>\n<tr>\n<td style=\"padding: 8px; border-bottom: 1px solid #ddd;\"><strong>Sacharidy<\/strong><\/td>\n<td style=\"text-align: right; padding: 8px; border-bottom: 1px solid #ddd;\"><strong>1,8 g<\/strong><\/td>\n<\/tr>\n<tr>\n<td style=\"padding: 8px; border-bottom: 1px solid #ddd;\">z toho cukry<\/td>\n<td style=\"text-align: right; padding: 8px; border-bottom: 1px solid #ddd;\">1 g<\/td>\n<\/tr>\n<tr>\n<td style=\"padding: 8px; border-bottom: 1px solid #ddd;\"><strong>B\u00edlkoviny<\/strong><\/td>\n<td style=\"text-align: right; padding: 8px; border-bottom: 1px solid #ddd;\"><strong>&lt;0,5 g<\/strong><\/td>\n<\/tr>\n<tr>\n<td style=\"padding: 8px;\"><strong>S\u016fl<\/strong><\/td>\n<td style=\"text-align: right; padding: 8px;\"><strong>&lt;0,01 g<\/strong><\/td>\n<\/tr>\n<\/tbody>\n<\/table>\n<\/div>\n<p>&nbsp;<\/p>\n<\/div>\n<\/div>\n<p>[\/vc_column_text][\/vc_column][vc_column width=&#8220;1\/2&#8243; css=&#8220;.vc_custom_1490694541710{padding-top: 0px !important;}&#8220;][\/vc_column][\/vc_row]<\/p>\n<\/div>","protected":false},"excerpt":{"rendered":"<p>Objevte na\u0161i \u201ePrvn\u00ed p\u0159edehru\u201c \u2013 na\u0161e mlad\u00e9 v\u00edno Muskateller. S ka\u017ed\u00fdm dou\u0161kem v\u00e1s vezmeme na cestu sluncem zalit\u00fdmi vinicemi a sv\u011b\u017e\u00edmi hrozny. Na\u0161e \u201ePrvn\u00ed p\u0159edehra\u201c zaujme svou sv\u011b\u017eest\u00ed a mladistvou \u017eivost\u00ed. Pe\u010dliv\u011b jsme vybrali hrozny, abychom vytvo\u0159ili toto jedine\u010dn\u00e9 v\u00edno.<\/p>\n<p>Na zdrav\u00ed ml\u00e1de\u017ei! \ud83c\udf1e<\/p>\n","protected":false},"featured_media":21409,"comment_status":"open","ping_status":"closed","template":"","meta":[],"product_cat":[38],"product_tag":[],"class_list":{"0":"post-21382","1":"product","2":"type-product","3":"status-publish","4":"has-post-thumbnail","6":"product_cat-hauser-wein","8":"first","9":"instock","10":"taxable","11":"shipping-taxable","12":"purchasable","13":"product-type-simple"},"yoast_head":"<!-- This site is optimized with the Yoast SEO plugin v24.0 - https:\/\/yoast.com\/wordpress\/plugins\/seo\/ -->\n<title>Erstes Vorspiel - Muskateller Jungwein - Anno1555<\/title>\n<meta name=\"robots\" content=\"index, follow, max-snippet:-1, max-image-preview:large, max-video-preview:-1\" \/>\n<link rel=\"canonical\" href=\"https:\/\/www.anno1555.com\/cs\/shop\/erstes-vorspiel-muskateller-jungwein\/\" \/>\n<meta property=\"og:locale\" content=\"cs_CZ\" \/>\n<meta property=\"og:type\" content=\"article\" \/>\n<meta property=\"og:title\" content=\"Roter Muskateller\" \/>\n<meta property=\"og:description\" content=\"Verr\u00fcckt: Hei\u00dft zwar rot, ist aber wei\u00df. Dieser Wein ist eine echte Rarit\u00e4t. Weinmacher Werner Hauser war schon als junger Winzer von dieser besonderen Rebsorte verzaubert: Zu Reifebeginn verf\u00e4rbt sich die Schale der Traube rot, das Fleisch bleibt jedoch wei\u00df. Mittlerweile verzaubert dieser besondere Wein alle, die ihn trinken. Mit seinem besonderen frischen, floralen Aroma erinnert er nicht nur leicht an Holunderbl\u00fcten und knackige gr\u00fcne Fr\u00fcchte, sondern impliziert auch ein leichtes Prickeln am Gaumen.\" \/>\n<meta property=\"og:url\" content=\"https:\/\/www.anno1555.com\/cs\/shop\/erstes-vorspiel-muskateller-jungwein\/\" \/>\n<meta property=\"og:site_name\" content=\"Anno1555\" \/>\n<meta property=\"article:publisher\" content=\"https:\/\/www.facebook.com\/anno1555\" \/>\n<meta property=\"article:modified_time\" content=\"2026-04-13T06:05:35+00:00\" \/>\n<meta property=\"og:image\" content=\"https:\/\/www.anno1555.com\/wp-content\/uploads\/2020\/02\/casanova_rot_social-1.jpg\" \/>\n\t<meta property=\"og:image:width\" content=\"1366\" \/>\n\t<meta property=\"og:image:height\" content=\"768\" \/>\n\t<meta property=\"og:image:type\" content=\"image\/jpeg\" \/>\n<meta name=\"twitter:card\" content=\"summary_large_image\" \/>\n<script type=\"application\/ld+json\" class=\"yoast-schema-graph\">{\"@context\":\"https:\/\/schema.org\",\"@graph\":[{\"@type\":\"WebPage\",\"@id\":\"https:\/\/www.anno1555.com\/cs\/shop\/erstes-vorspiel-muskateller-jungwein\/\",\"url\":\"https:\/\/www.anno1555.com\/cs\/shop\/erstes-vorspiel-muskateller-jungwein\/\",\"name\":\"Erstes Vorspiel - Muskateller Jungwein - Anno1555\",\"isPartOf\":{\"@id\":\"https:\/\/www.anno1555.com\/cs\/#website\"},\"primaryImageOfPage\":{\"@id\":\"https:\/\/www.anno1555.com\/cs\/shop\/erstes-vorspiel-muskateller-jungwein\/#primaryimage\"},\"image\":{\"@id\":\"https:\/\/www.anno1555.com\/shop\/erstes-vorspiel-muskateller-jungwein\/#primaryimage\"},\"thumbnailUrl\":\"https:\/\/www.anno1555.com\/wp-content\/uploads\/2023\/09\/shop_erstes_vorspiel_hauser.png\",\"datePublished\":\"2023-09-12T13:24:44+00:00\",\"dateModified\":\"2026-04-13T06:05:35+00:00\",\"breadcrumb\":{\"@id\":\"https:\/\/www.anno1555.com\/cs\/shop\/erstes-vorspiel-muskateller-jungwein\/#breadcrumb\"},\"inLanguage\":\"cs\",\"potentialAction\":[{\"@type\":\"ReadAction\",\"target\":[[\"https:\/\/www.anno1555.com\/cs\/shop\/erstes-vorspiel-muskateller-jungwein\/\"]]}]},{\"@type\":\"ImageObject\",\"inLanguage\":\"cs\",\"@id\":\"https:\/\/www.anno1555.com\/cs\/shop\/erstes-vorspiel-muskateller-jungwein\/#primaryimage\",\"url\":\"https:\/\/www.anno1555.com\/wp-content\/uploads\/2023\/09\/shop_erstes_vorspiel_hauser.png\",\"contentUrl\":\"https:\/\/www.anno1555.com\/wp-content\/uploads\/2023\/09\/shop_erstes_vorspiel_hauser.png\",\"width\":600,\"height\":600},{\"@type\":\"BreadcrumbList\",\"@id\":\"https:\/\/www.anno1555.com\/cs\/shop\/erstes-vorspiel-muskateller-jungwein\/#breadcrumb\",\"itemListElement\":[{\"@type\":\"ListItem\",\"position\":1,\"name\":\"Startseite\",\"item\":\"https:\/\/www.anno1555.com\/cs\/\"},{\"@type\":\"ListItem\",\"position\":2,\"name\":\"Shop\",\"item\":\"https:\/\/www.anno1555.com\/cs\/shop\/\"},{\"@type\":\"ListItem\",\"position\":3,\"name\":\"Erstes Vorspiel &#8211; Muskateller Jungwein\"}]},{\"@type\":\"WebSite\",\"@id\":\"https:\/\/www.anno1555.com\/cs\/#website\",\"url\":\"https:\/\/www.anno1555.com\/cs\/\",\"name\":\"Anno1555\",\"description\":\"Hauser Wein, Jus(t), Geschein\",\"potentialAction\":[{\"@type\":\"SearchAction\",\"target\":{\"@type\":\"EntryPoint\",\"urlTemplate\":\"https:\/\/www.anno1555.com\/cs\/?s={search_term_string}\"},\"query-input\":{\"@type\":\"PropertyValueSpecification\",\"valueRequired\":true,\"valueName\":\"search_term_string\"}}],\"inLanguage\":\"cs\"}]}<\/script>\n<!-- \/ Yoast SEO plugin. -->","yoast_head_json":{"title":"Erstes Vorspiel - Muskateller Jungwein - Anno1555","robots":{"index":"index","follow":"follow","max-snippet":"max-snippet:-1","max-image-preview":"max-image-preview:large","max-video-preview":"max-video-preview:-1"},"canonical":"https:\/\/www.anno1555.com\/cs\/shop\/erstes-vorspiel-muskateller-jungwein\/","og_locale":"cs_CZ","og_type":"article","og_title":"Roter Muskateller","og_description":"Verr\u00fcckt: Hei\u00dft zwar rot, ist aber wei\u00df. Dieser Wein ist eine echte Rarit\u00e4t. Weinmacher Werner Hauser war schon als junger Winzer von dieser besonderen Rebsorte verzaubert: Zu Reifebeginn verf\u00e4rbt sich die Schale der Traube rot, das Fleisch bleibt jedoch wei\u00df. Mittlerweile verzaubert dieser besondere Wein alle, die ihn trinken. Mit seinem besonderen frischen, floralen Aroma erinnert er nicht nur leicht an Holunderbl\u00fcten und knackige gr\u00fcne Fr\u00fcchte, sondern impliziert auch ein leichtes Prickeln am Gaumen.","og_url":"https:\/\/www.anno1555.com\/cs\/shop\/erstes-vorspiel-muskateller-jungwein\/","og_site_name":"Anno1555","article_publisher":"https:\/\/www.facebook.com\/anno1555","article_modified_time":"2026-04-13T06:05:35+00:00","og_image":[{"width":1366,"height":768,"url":"https:\/\/www.anno1555.com\/wp-content\/uploads\/2020\/02\/casanova_rot_social-1.jpg","type":"image\/jpeg"}],"twitter_card":"summary_large_image","schema":{"@context":"https:\/\/schema.org","@graph":[{"@type":"WebPage","@id":"https:\/\/www.anno1555.com\/cs\/shop\/erstes-vorspiel-muskateller-jungwein\/","url":"https:\/\/www.anno1555.com\/cs\/shop\/erstes-vorspiel-muskateller-jungwein\/","name":"Erstes Vorspiel - Muskateller Jungwein - Anno1555","isPartOf":{"@id":"https:\/\/www.anno1555.com\/cs\/#website"},"primaryImageOfPage":{"@id":"https:\/\/www.anno1555.com\/cs\/shop\/erstes-vorspiel-muskateller-jungwein\/#primaryimage"},"image":{"@id":"https:\/\/www.anno1555.com\/shop\/erstes-vorspiel-muskateller-jungwein\/#primaryimage"},"thumbnailUrl":"https:\/\/www.anno1555.com\/wp-content\/uploads\/2023\/09\/shop_erstes_vorspiel_hauser.png","datePublished":"2023-09-12T13:24:44+00:00","dateModified":"2026-04-13T06:05:35+00:00","breadcrumb":{"@id":"https:\/\/www.anno1555.com\/cs\/shop\/erstes-vorspiel-muskateller-jungwein\/#breadcrumb"},"inLanguage":"cs","potentialAction":[{"@type":"ReadAction","target":[["https:\/\/www.anno1555.com\/cs\/shop\/erstes-vorspiel-muskateller-jungwein\/"]]}]},{"@type":"ImageObject","inLanguage":"cs","@id":"https:\/\/www.anno1555.com\/cs\/shop\/erstes-vorspiel-muskateller-jungwein\/#primaryimage","url":"https:\/\/www.anno1555.com\/wp-content\/uploads\/2023\/09\/shop_erstes_vorspiel_hauser.png","contentUrl":"https:\/\/www.anno1555.com\/wp-content\/uploads\/2023\/09\/shop_erstes_vorspiel_hauser.png","width":600,"height":600},{"@type":"BreadcrumbList","@id":"https:\/\/www.anno1555.com\/cs\/shop\/erstes-vorspiel-muskateller-jungwein\/#breadcrumb","itemListElement":[{"@type":"ListItem","position":1,"name":"Startseite","item":"https:\/\/www.anno1555.com\/cs\/"},{"@type":"ListItem","position":2,"name":"Shop","item":"https:\/\/www.anno1555.com\/cs\/shop\/"},{"@type":"ListItem","position":3,"name":"Erstes Vorspiel &#8211; Muskateller Jungwein"}]},{"@type":"WebSite","@id":"https:\/\/www.anno1555.com\/cs\/#website","url":"https:\/\/www.anno1555.com\/cs\/","name":"Anno1555","description":"Hauser Wein, Jus(t), Geschein","potentialAction":[{"@type":"SearchAction","target":{"@type":"EntryPoint","urlTemplate":"https:\/\/www.anno1555.com\/cs\/?s={search_term_string}"},"query-input":{"@type":"PropertyValueSpecification","valueRequired":true,"valueName":"search_term_string"}}],"inLanguage":"cs"}]}},"_links":{"self":[{"href":"https:\/\/www.anno1555.com\/cs\/wp-json\/wp\/v2\/product\/21382","targetHints":{"allow":["GET"]}}],"collection":[{"href":"https:\/\/www.anno1555.com\/cs\/wp-json\/wp\/v2\/product"}],"about":[{"href":"https:\/\/www.anno1555.com\/cs\/wp-json\/wp\/v2\/types\/product"}],"replies":[{"embeddable":true,"href":"https:\/\/www.anno1555.com\/cs\/wp-json\/wp\/v2\/comments?post=21382"}],"wp:featuredmedia":[{"embeddable":true,"href":"https:\/\/www.anno1555.com\/cs\/wp-json\/wp\/v2\/media\/21409"}],"wp:attachment":[{"href":"https:\/\/www.anno1555.com\/cs\/wp-json\/wp\/v2\/media?parent=21382"}],"wp:term":[{"taxonomy":"product_cat","embeddable":true,"href":"https:\/\/www.anno1555.com\/cs\/wp-json\/wp\/v2\/product_cat?post=21382"},{"taxonomy":"product_tag","embeddable":true,"href":"https:\/\/www.anno1555.com\/cs\/wp-json\/wp\/v2\/product_tag?post=21382"}],"curies":[{"name":"wp","href":"https:\/\/api.w.org\/{rel}","templated":true}]}}