{"id":21422,"date":"2023-09-28T17:09:16","date_gmt":"2023-09-28T15:09:16","guid":{"rendered":"https:\/\/www.anno1555.com\/?post_type=product&#038;p=21422"},"modified":"2026-01-28T09:59:23","modified_gmt":"2026-01-28T08:59:23","slug":"poy-secco-zero-kirsch","status":"publish","type":"product","link":"https:\/\/www.anno1555.com\/cs\/shop\/poy-secco-zero-kirsch\/","title":{"rendered":"Poy-Secco Zero &#038; T\u0159e\u0161e\u0148"},"content":{"rendered":"<div class=\"wpb-content-wrapper\"><p>[vc_row content_placement=&#8220;top&#8220;][vc_column width=&#8220;1\/2&#8243;][vc_column_text text_larger=&#8220;no&#8220; woodmart_inline=&#8220;no&#8220;]<\/p>\n<ul>\n<li>Obsah:<br \/>\n0,75 l \/ nealkoholick\u00e9 \/ sladk\u00e9<\/li>\n<li>P\u016fvod:<br \/>\nWeinviertel Doln\u00ed Rakousko<\/li>\n<li>St\u00e1\u010d\u00edrna:<br \/>\nWeingut Hauser<br \/>\nBrunngasse 38<br \/>\n2170 Poysdorf<\/li>\n<\/ul>\n<p>[\/vc_column_text][\/vc_column][vc_column width=&#8220;1\/2&#8243; css=&#8220;.vc_custom_1490694541710{padding-top: 0px !important;}&#8220;][\/vc_column][\/vc_row]<\/p>\n<\/div>","protected":false},"excerpt":{"rendered":"<p>Poj\u010fme se bavit s Poy-Secco Zero &amp; Kirsch \u2013 zvedne v\u00e1s to ze \u017eidle! K\u0159upav\u00e1 t\u0159e\u0161\u0148ov\u00e1 chu\u0165 bez n\u00e1sledn\u00e9ho \u0161mrncu. Poy-Secco Zero &amp; Kirsch, to chutn\u00e1 jako Kirsch&#8217;n s n\u00e1\u0159ezem, bez jak\u00e9hokoli opojen\u00ed a se spoustou z\u00e1bavy. Popadn\u011bte to a nechte to polechtat va\u0161i t\u0159e\u0161ni\u010dku \u2013 na zdrav\u00ed, bez v\u00fd\u010ditek, u\u017e\u00edvejte si<\/p>\n","protected":false},"featured_media":21426,"comment_status":"open","ping_status":"closed","template":"","meta":[],"product_cat":[38],"product_tag":[],"class_list":{"0":"post-21422","1":"product","2":"type-product","3":"status-publish","4":"has-post-thumbnail","6":"product_cat-hauser-wein","8":"first","9":"instock","10":"taxable","11":"shipping-taxable","12":"purchasable","13":"product-type-simple"},"yoast_head":"<!-- This site is optimized with the Yoast SEO plugin v24.0 - https:\/\/yoast.com\/wordpress\/plugins\/seo\/ -->\n<title>Poy-Secco Zero &amp; T\u0159e\u0161e\u0148 - Anno1555<\/title>\n<meta name=\"robots\" content=\"index, follow, max-snippet:-1, max-image-preview:large, max-video-preview:-1\" \/>\n<link rel=\"canonical\" href=\"https:\/\/www.anno1555.com\/cs\/shop\/poy-secco-zero-kirsch\/\" \/>\n<meta property=\"og:locale\" content=\"cs_CZ\" \/>\n<meta property=\"og:type\" content=\"article\" \/>\n<meta property=\"og:title\" content=\"Poy-Secco Zero &amp; Aronia\" \/>\n<meta property=\"og:description\" content=\"Verjus meets Aroniabeere - \u201eg\u00b4s\u00fcnda geht\u2019s nimma\u201c - Belebt ganz ohne Alkohol. F\u00fcr alle Kinder und Erwachsenen die noch aufs Radl steigen oder mit den F\u00fc\u00dfen voraus die Rutsche runter wollen. Eins is fix: der brummende Kopf bleibt aus und schmecken tuts sensationell.\" \/>\n<meta property=\"og:url\" content=\"https:\/\/www.anno1555.com\/cs\/shop\/poy-secco-zero-kirsch\/\" \/>\n<meta property=\"og:site_name\" content=\"Anno1555\" \/>\n<meta property=\"article:publisher\" content=\"https:\/\/www.facebook.com\/anno1555\" \/>\n<meta property=\"article:modified_time\" content=\"2026-01-28T08:59:23+00:00\" \/>\n<meta property=\"og:image\" content=\"https:\/\/www.anno1555.com\/wp-content\/uploads\/2023\/04\/poysecco-aronia-social.jpg\" \/>\n\t<meta property=\"og:image:width\" content=\"1366\" \/>\n\t<meta property=\"og:image:height\" content=\"768\" \/>\n\t<meta property=\"og:image:type\" content=\"image\/jpeg\" \/>\n<meta name=\"twitter:card\" content=\"summary_large_image\" \/>\n<script type=\"application\/ld+json\" class=\"yoast-schema-graph\">{\"@context\":\"https:\/\/schema.org\",\"@graph\":[{\"@type\":\"WebPage\",\"@id\":\"https:\/\/www.anno1555.com\/cs\/shop\/poy-secco-zero-kirsch\/\",\"url\":\"https:\/\/www.anno1555.com\/cs\/shop\/poy-secco-zero-kirsch\/\",\"name\":\"Poy-Secco Zero & T\u0159e\u0161e\u0148 - Anno1555\",\"isPartOf\":{\"@id\":\"https:\/\/www.anno1555.com\/cs\/#website\"},\"primaryImageOfPage\":{\"@id\":\"https:\/\/www.anno1555.com\/cs\/shop\/poy-secco-zero-kirsch\/#primaryimage\"},\"image\":{\"@id\":\"https:\/\/www.anno1555.com\/shop\/poy-secco-zero-kirsch\/#primaryimage\"},\"thumbnailUrl\":\"https:\/\/www.anno1555.com\/wp-content\/uploads\/2023\/09\/POYSECCO-zero-kirsch-min.png\",\"datePublished\":\"2023-09-28T15:09:16+00:00\",\"dateModified\":\"2026-01-28T08:59:23+00:00\",\"breadcrumb\":{\"@id\":\"https:\/\/www.anno1555.com\/cs\/shop\/poy-secco-zero-kirsch\/#breadcrumb\"},\"inLanguage\":\"cs\",\"potentialAction\":[{\"@type\":\"ReadAction\",\"target\":[[\"https:\/\/www.anno1555.com\/cs\/shop\/poy-secco-zero-kirsch\/\"]]}]},{\"@type\":\"ImageObject\",\"inLanguage\":\"cs\",\"@id\":\"https:\/\/www.anno1555.com\/cs\/shop\/poy-secco-zero-kirsch\/#primaryimage\",\"url\":\"https:\/\/www.anno1555.com\/wp-content\/uploads\/2023\/09\/POYSECCO-zero-kirsch-min.png\",\"contentUrl\":\"https:\/\/www.anno1555.com\/wp-content\/uploads\/2023\/09\/POYSECCO-zero-kirsch-min.png\",\"width\":2980,\"height\":2980},{\"@type\":\"BreadcrumbList\",\"@id\":\"https:\/\/www.anno1555.com\/cs\/shop\/poy-secco-zero-kirsch\/#breadcrumb\",\"itemListElement\":[{\"@type\":\"ListItem\",\"position\":1,\"name\":\"Startseite\",\"item\":\"https:\/\/www.anno1555.com\/cs\/\"},{\"@type\":\"ListItem\",\"position\":2,\"name\":\"Shop\",\"item\":\"https:\/\/www.anno1555.com\/cs\/shop\/\"},{\"@type\":\"ListItem\",\"position\":3,\"name\":\"Poy-Secco Zero &#038; Kirsch\"}]},{\"@type\":\"WebSite\",\"@id\":\"https:\/\/www.anno1555.com\/cs\/#website\",\"url\":\"https:\/\/www.anno1555.com\/cs\/\",\"name\":\"Anno1555\",\"description\":\"Hauser Wein, Jus(t), Geschein\",\"potentialAction\":[{\"@type\":\"SearchAction\",\"target\":{\"@type\":\"EntryPoint\",\"urlTemplate\":\"https:\/\/www.anno1555.com\/cs\/?s={search_term_string}\"},\"query-input\":{\"@type\":\"PropertyValueSpecification\",\"valueRequired\":true,\"valueName\":\"search_term_string\"}}],\"inLanguage\":\"cs\"}]}<\/script>\n<!-- \/ Yoast SEO plugin. -->","yoast_head_json":{"title":"Poy-Secco Zero & T\u0159e\u0161e\u0148 - Anno1555","robots":{"index":"index","follow":"follow","max-snippet":"max-snippet:-1","max-image-preview":"max-image-preview:large","max-video-preview":"max-video-preview:-1"},"canonical":"https:\/\/www.anno1555.com\/cs\/shop\/poy-secco-zero-kirsch\/","og_locale":"cs_CZ","og_type":"article","og_title":"Poy-Secco Zero & Aronia","og_description":"Verjus meets Aroniabeere - \u201eg\u00b4s\u00fcnda geht\u2019s nimma\u201c - Belebt ganz ohne Alkohol. F\u00fcr alle Kinder und Erwachsenen die noch aufs Radl steigen oder mit den F\u00fc\u00dfen voraus die Rutsche runter wollen. Eins is fix: der brummende Kopf bleibt aus und schmecken tuts sensationell.","og_url":"https:\/\/www.anno1555.com\/cs\/shop\/poy-secco-zero-kirsch\/","og_site_name":"Anno1555","article_publisher":"https:\/\/www.facebook.com\/anno1555","article_modified_time":"2026-01-28T08:59:23+00:00","og_image":[{"width":1366,"height":768,"url":"https:\/\/www.anno1555.com\/wp-content\/uploads\/2023\/04\/poysecco-aronia-social.jpg","type":"image\/jpeg"}],"twitter_card":"summary_large_image","schema":{"@context":"https:\/\/schema.org","@graph":[{"@type":"WebPage","@id":"https:\/\/www.anno1555.com\/cs\/shop\/poy-secco-zero-kirsch\/","url":"https:\/\/www.anno1555.com\/cs\/shop\/poy-secco-zero-kirsch\/","name":"Poy-Secco Zero & T\u0159e\u0161e\u0148 - Anno1555","isPartOf":{"@id":"https:\/\/www.anno1555.com\/cs\/#website"},"primaryImageOfPage":{"@id":"https:\/\/www.anno1555.com\/cs\/shop\/poy-secco-zero-kirsch\/#primaryimage"},"image":{"@id":"https:\/\/www.anno1555.com\/shop\/poy-secco-zero-kirsch\/#primaryimage"},"thumbnailUrl":"https:\/\/www.anno1555.com\/wp-content\/uploads\/2023\/09\/POYSECCO-zero-kirsch-min.png","datePublished":"2023-09-28T15:09:16+00:00","dateModified":"2026-01-28T08:59:23+00:00","breadcrumb":{"@id":"https:\/\/www.anno1555.com\/cs\/shop\/poy-secco-zero-kirsch\/#breadcrumb"},"inLanguage":"cs","potentialAction":[{"@type":"ReadAction","target":[["https:\/\/www.anno1555.com\/cs\/shop\/poy-secco-zero-kirsch\/"]]}]},{"@type":"ImageObject","inLanguage":"cs","@id":"https:\/\/www.anno1555.com\/cs\/shop\/poy-secco-zero-kirsch\/#primaryimage","url":"https:\/\/www.anno1555.com\/wp-content\/uploads\/2023\/09\/POYSECCO-zero-kirsch-min.png","contentUrl":"https:\/\/www.anno1555.com\/wp-content\/uploads\/2023\/09\/POYSECCO-zero-kirsch-min.png","width":2980,"height":2980},{"@type":"BreadcrumbList","@id":"https:\/\/www.anno1555.com\/cs\/shop\/poy-secco-zero-kirsch\/#breadcrumb","itemListElement":[{"@type":"ListItem","position":1,"name":"Startseite","item":"https:\/\/www.anno1555.com\/cs\/"},{"@type":"ListItem","position":2,"name":"Shop","item":"https:\/\/www.anno1555.com\/cs\/shop\/"},{"@type":"ListItem","position":3,"name":"Poy-Secco Zero &#038; Kirsch"}]},{"@type":"WebSite","@id":"https:\/\/www.anno1555.com\/cs\/#website","url":"https:\/\/www.anno1555.com\/cs\/","name":"Anno1555","description":"Hauser Wein, Jus(t), Geschein","potentialAction":[{"@type":"SearchAction","target":{"@type":"EntryPoint","urlTemplate":"https:\/\/www.anno1555.com\/cs\/?s={search_term_string}"},"query-input":{"@type":"PropertyValueSpecification","valueRequired":true,"valueName":"search_term_string"}}],"inLanguage":"cs"}]}},"_links":{"self":[{"href":"https:\/\/www.anno1555.com\/cs\/wp-json\/wp\/v2\/product\/21422","targetHints":{"allow":["GET"]}}],"collection":[{"href":"https:\/\/www.anno1555.com\/cs\/wp-json\/wp\/v2\/product"}],"about":[{"href":"https:\/\/www.anno1555.com\/cs\/wp-json\/wp\/v2\/types\/product"}],"replies":[{"embeddable":true,"href":"https:\/\/www.anno1555.com\/cs\/wp-json\/wp\/v2\/comments?post=21422"}],"wp:featuredmedia":[{"embeddable":true,"href":"https:\/\/www.anno1555.com\/cs\/wp-json\/wp\/v2\/media\/21426"}],"wp:attachment":[{"href":"https:\/\/www.anno1555.com\/cs\/wp-json\/wp\/v2\/media?parent=21422"}],"wp:term":[{"taxonomy":"product_cat","embeddable":true,"href":"https:\/\/www.anno1555.com\/cs\/wp-json\/wp\/v2\/product_cat?post=21422"},{"taxonomy":"product_tag","embeddable":true,"href":"https:\/\/www.anno1555.com\/cs\/wp-json\/wp\/v2\/product_tag?post=21422"}],"curies":[{"name":"wp","href":"https:\/\/api.w.org\/{rel}","templated":true}]}}