{"id":22740,"date":"2025-11-25T20:14:39","date_gmt":"2025-11-25T19:14:39","guid":{"rendered":"https:\/\/www.anno1555.com\/?post_type=product&#038;p=22740"},"modified":"2026-01-28T09:55:05","modified_gmt":"2026-01-28T08:55:05","slug":"chaletgutscheine","status":"publish","type":"product","link":"https:\/\/www.anno1555.com\/cs\/shop\/chaletgutscheine\/","title":{"rendered":"D\u00e1rkov\u00e9 poukazy na pobyt v chaletu"},"content":{"rendered":"<p><strong>\u00datuln\u00e9 chalet pro 2 a\u017e 4 osoby<\/strong><br \/>\n<strong>Tradice se snoub\u00ed s modern\u00edm komfortem<\/strong><br \/>\nNa\u0161e chalet v historick\u00e9 poysdorfsk\u00e9 vinn\u00e9 uli\u010dce \u201eKellergstetten\u201c jedine\u010dn\u00fdm zp\u016fsobem spojuje tradici s modern\u00edm pohodl\u00edm. M\u016f\u017eete zde p\u0159espat v historick\u00e9m vinn\u00e9m sklep\u011b, u\u017e\u00edvat si klid zahrady nebo si dop\u0159\u00e1t relax ve voln\u011b stoj\u00edc\u00ed van\u011b pod hv\u011bzdnou oblohou. Okoln\u00ed malebn\u00e1 krajina nab\u00edz\u00ed mnoho aktivit \u2013 od degustac\u00ed v\u00edn a\u017e po p\u0159\u00edjemn\u00e9 proch\u00e1zky vinicemi.<\/p>\n<p>Na\u0161e chalet je ide\u00e1ln\u00edm v\u00fdchoz\u00edm m\u00edstem k objevov\u00e1n\u00ed kr\u00e1s regionu a k tomu, abyste nechali ka\u017edodenn\u00ed starosti za sebou. Po dni pln\u00e9m z\u00e1\u017eitk\u016f se m\u016f\u017eete vr\u00e1tit do \u00fatuln\u00e9ho prost\u0159ed\u00ed chaletu, odpo\u010dinout si a pln\u011b si vychutnat okam\u017eik \u2013 ide\u00e1ln\u00ed m\u00edsto pro vytvo\u0159en\u00ed nezapomenuteln\u00fdch vzpom\u00ednek.<\/p>\n<p><strong>Vybaven\u00ed<\/strong><br \/>\nSoukrom\u00e1 vonn\u00e1 zahrada s terasou ve dvou \u00farovn\u00edch a chill lounge<br \/>\nMinibar<br \/>\nPosezen\u00ed<br \/>\nKlimatizace<br \/>\nPodlahov\u00e9 vyt\u00e1p\u011bn\u00ed<br \/>\nTrezor<br \/>\nNeku\u0159\u00e1ck\u00fd interi\u00e9r<br \/>\nInfrakabina pro 2 osoby s hudbou a barevn\u00fdm osv\u011btlen\u00edm<br \/>\nAutomat na degustaci v\u00edna a automat na l\u00e1hve v presshausu<br \/>\nKabelov\u00e1\/SAT TV<br \/>\nInternet<br \/>\nWi-Fi<br \/>\n\u017dupany, ru\u010dn\u00edky, osu\u0161ky a lo\u017en\u00ed pr\u00e1dlo<br \/>\nKoupelna se sprchou<br \/>\nVoln\u011b stoj\u00edc\u00ed vana<br \/>\nSamostatn\u00e9 WC<br \/>\nVinn\u00e1 kosmetika \u2013 \u0161ampon, sprchov\u00fd gel, m\u00fddlo a t\u011blov\u00e9 ml\u00e9ko<br \/>\nF\u00e9n<br \/>\nUzamykateln\u00e1 \u00faschovna kol<\/p>\n<p><strong>Vybaven\u00ed kuchyn\u011b<\/strong><br \/>\nMy\u010dka n\u00e1dob\u00ed<br \/>\nInduk\u010dn\u00ed varn\u00e1 deska (2 plot\u00fdnky)<br \/>\nLednice s mraz\u00e1kem<br \/>\nMikrovlnn\u00e1 trouba<br \/>\nRychlovarn\u00e1 konvice<br \/>\nK\u00e1vovar<br \/>\nSendvi\u010dova\u010d<br \/>\nKuchy\u0148sk\u00e9 a j\u00eddeln\u00ed n\u00e1dob\u00ed<br \/>\nSklenice na v\u00edno<br \/>\nS\u016fl, pep\u0159, cukr, verjus, olej z hroznov\u00fdch jader, kapsle Nespresso &#038; \u010daje Sonnentor<\/p>\n<p><strong>Goodies<\/strong><br \/>\nUv\u00edtac\u00ed bal\u00ed\u010dek v hodnot\u011b 50 EUR<br \/>\nGurm\u00e1nsk\u00e1 sn\u00eddan\u011b (mo\u017eno objednat nav\u00edc)<\/p>\n<p><strong>Pozn\u00e1mka<\/strong><br \/>\nKou\u0159en\u00ed je povoleno ve vonn\u00e9 zahrad\u011b.<br \/>\nDom\u00e1c\u00ed mazl\u00ed\u010dci nejsou povoleni.<\/p>","protected":false},"excerpt":{"rendered":"<p>Darujte v\u00fdjime\u010dn\u00e9 chv\u00edle \u2013 s d\u00e1rkov\u00fdm poukazem na Weingenuss.Chalet nad na\u0161\u00edm historick\u00fdm vinn\u00fdm sklepem v poysdorfsk\u00e9 Kellergasse.<\/p>\n<p>A\u0165 u\u017e jde o romantick\u00fd v\u00edkend, mal\u00fd odpo\u010dinek nebo mil\u00fd d\u00e1rek \u2013 na\u0161e poukazy jsou pozv\u00e1nkou k u\u017e\u00edv\u00e1n\u00ed, relaxaci a objevov\u00e1n\u00ed.<\/p>\n<p>Za\u017eijte klid vinic, vonnou zahradu a tu nejv\u011bt\u0161\u00ed minibar \u2013 n\u00e1\u0161 vinn\u00fd sklep.<\/p>\n<p>Poukaz je k dispozici v kr\u00e1sn\u00e9m d\u00e1rkov\u00e9m balen\u00ed nebo jako PDF \u2013 d\u00e1rek, na kter\u00fd se nezapom\u00edn\u00e1.<\/p>\n","protected":false},"featured_media":22746,"comment_status":"open","ping_status":"closed","template":"","meta":[],"product_cat":[178],"product_tag":[],"class_list":{"0":"post-22740","1":"product","2":"type-product","3":"status-publish","4":"has-post-thumbnail","6":"product_cat-gutscheine","8":"first","9":"instock","10":"purchasable","11":"product-type-variable"},"yoast_head":"<!-- This site is optimized with the Yoast SEO plugin v24.0 - https:\/\/yoast.com\/wordpress\/plugins\/seo\/ -->\n<title>D\u00e1rkov\u00e9 poukazy na pobyt v chaletu - Anno1555<\/title>\n<meta name=\"robots\" content=\"index, follow, max-snippet:-1, max-image-preview:large, max-video-preview:-1\" \/>\n<link rel=\"canonical\" href=\"https:\/\/www.anno1555.com\/cs\/shop\/chaletgutscheine\/\" \/>\n<meta property=\"og:locale\" content=\"cs_CZ\" \/>\n<meta property=\"og:type\" content=\"article\" \/>\n<meta property=\"og:title\" content=\"D\u00e1rkov\u00e9 poukazy na pobyt v chaletu - Anno1555\" \/>\n<meta property=\"og:description\" content=\"Darujte v\u00fdjime\u010dn\u00e9 chv\u00edle \u2013 s d\u00e1rkov\u00fdm poukazem na Weingenuss.Chalet nad na\u0161\u00edm historick\u00fdm vinn\u00fdm sklepem v poysdorfsk\u00e9 Kellergasse.  A\u0165 u\u017e jde o romantick\u00fd v\u00edkend, mal\u00fd odpo\u010dinek nebo mil\u00fd d\u00e1rek \u2013 na\u0161e poukazy jsou pozv\u00e1nkou k u\u017e\u00edv\u00e1n\u00ed, relaxaci a objevov\u00e1n\u00ed.  Za\u017eijte klid vinic, vonnou zahradu a tu nejv\u011bt\u0161\u00ed minibar \u2013 n\u00e1\u0161 vinn\u00fd sklep.  Poukaz je k dispozici v kr\u00e1sn\u00e9m d\u00e1rkov\u00e9m balen\u00ed nebo jako PDF \u2013 d\u00e1rek, na kter\u00fd se nezapom\u00edn\u00e1.\" \/>\n<meta property=\"og:url\" content=\"https:\/\/www.anno1555.com\/cs\/shop\/chaletgutscheine\/\" \/>\n<meta property=\"og:site_name\" content=\"Anno1555\" \/>\n<meta property=\"article:publisher\" content=\"https:\/\/www.facebook.com\/anno1555\" \/>\n<meta property=\"article:modified_time\" content=\"2026-01-28T08:55:05+00:00\" \/>\n<meta property=\"og:image\" content=\"https:\/\/www.anno1555.com\/wp-content\/uploads\/2025\/11\/gutschein-bg-2.jpg\" \/>\n\t<meta property=\"og:image:width\" content=\"1280\" \/>\n\t<meta property=\"og:image:height\" content=\"1920\" \/>\n\t<meta property=\"og:image:type\" content=\"image\/jpeg\" \/>\n<meta name=\"twitter:card\" content=\"summary_large_image\" \/>\n<script type=\"application\/ld+json\" class=\"yoast-schema-graph\">{\"@context\":\"https:\/\/schema.org\",\"@graph\":[{\"@type\":\"WebPage\",\"@id\":\"https:\/\/www.anno1555.com\/cs\/shop\/chaletgutscheine\/\",\"url\":\"https:\/\/www.anno1555.com\/cs\/shop\/chaletgutscheine\/\",\"name\":\"D\u00e1rkov\u00e9 poukazy na pobyt v chaletu - Anno1555\",\"isPartOf\":{\"@id\":\"https:\/\/www.anno1555.com\/cs\/#website\"},\"primaryImageOfPage\":{\"@id\":\"https:\/\/www.anno1555.com\/cs\/shop\/chaletgutscheine\/#primaryimage\"},\"image\":{\"@id\":\"https:\/\/www.anno1555.com\/shop\/chaletgutscheine\/#primaryimage\"},\"thumbnailUrl\":\"https:\/\/www.anno1555.com\/wp-content\/uploads\/2025\/11\/gutschein-bg-2.jpg\",\"datePublished\":\"2025-11-25T19:14:39+00:00\",\"dateModified\":\"2026-01-28T08:55:05+00:00\",\"breadcrumb\":{\"@id\":\"https:\/\/www.anno1555.com\/cs\/shop\/chaletgutscheine\/#breadcrumb\"},\"inLanguage\":\"cs\",\"potentialAction\":[{\"@type\":\"ReadAction\",\"target\":[[\"https:\/\/www.anno1555.com\/cs\/shop\/chaletgutscheine\/\"]]}]},{\"@type\":\"ImageObject\",\"inLanguage\":\"cs\",\"@id\":\"https:\/\/www.anno1555.com\/cs\/shop\/chaletgutscheine\/#primaryimage\",\"url\":\"https:\/\/www.anno1555.com\/wp-content\/uploads\/2025\/11\/gutschein-bg-2.jpg\",\"contentUrl\":\"https:\/\/www.anno1555.com\/wp-content\/uploads\/2025\/11\/gutschein-bg-2.jpg\",\"width\":1280,\"height\":1920},{\"@type\":\"BreadcrumbList\",\"@id\":\"https:\/\/www.anno1555.com\/cs\/shop\/chaletgutscheine\/#breadcrumb\",\"itemListElement\":[{\"@type\":\"ListItem\",\"position\":1,\"name\":\"Startseite\",\"item\":\"https:\/\/www.anno1555.com\/cs\/\"},{\"@type\":\"ListItem\",\"position\":2,\"name\":\"Shop\",\"item\":\"https:\/\/www.anno1555.com\/cs\/shop\/\"},{\"@type\":\"ListItem\",\"position\":3,\"name\":\"Chalet-Gutschein\"}]},{\"@type\":\"WebSite\",\"@id\":\"https:\/\/www.anno1555.com\/cs\/#website\",\"url\":\"https:\/\/www.anno1555.com\/cs\/\",\"name\":\"Anno1555\",\"description\":\"Hauser Wein, Jus(t), Geschein\",\"potentialAction\":[{\"@type\":\"SearchAction\",\"target\":{\"@type\":\"EntryPoint\",\"urlTemplate\":\"https:\/\/www.anno1555.com\/cs\/?s={search_term_string}\"},\"query-input\":{\"@type\":\"PropertyValueSpecification\",\"valueRequired\":true,\"valueName\":\"search_term_string\"}}],\"inLanguage\":\"cs\"}]}<\/script>\n<!-- \/ Yoast SEO plugin. -->","yoast_head_json":{"title":"D\u00e1rkov\u00e9 poukazy na pobyt v chaletu - Anno1555","robots":{"index":"index","follow":"follow","max-snippet":"max-snippet:-1","max-image-preview":"max-image-preview:large","max-video-preview":"max-video-preview:-1"},"canonical":"https:\/\/www.anno1555.com\/cs\/shop\/chaletgutscheine\/","og_locale":"cs_CZ","og_type":"article","og_title":"D\u00e1rkov\u00e9 poukazy na pobyt v chaletu - Anno1555","og_description":"Darujte v\u00fdjime\u010dn\u00e9 chv\u00edle \u2013 s d\u00e1rkov\u00fdm poukazem na Weingenuss.Chalet nad na\u0161\u00edm historick\u00fdm vinn\u00fdm sklepem v poysdorfsk\u00e9 Kellergasse.  A\u0165 u\u017e jde o romantick\u00fd v\u00edkend, mal\u00fd odpo\u010dinek nebo mil\u00fd d\u00e1rek \u2013 na\u0161e poukazy jsou pozv\u00e1nkou k u\u017e\u00edv\u00e1n\u00ed, relaxaci a objevov\u00e1n\u00ed.  Za\u017eijte klid vinic, vonnou zahradu a tu nejv\u011bt\u0161\u00ed minibar \u2013 n\u00e1\u0161 vinn\u00fd sklep.  Poukaz je k dispozici v kr\u00e1sn\u00e9m d\u00e1rkov\u00e9m balen\u00ed nebo jako PDF \u2013 d\u00e1rek, na kter\u00fd se nezapom\u00edn\u00e1.","og_url":"https:\/\/www.anno1555.com\/cs\/shop\/chaletgutscheine\/","og_site_name":"Anno1555","article_publisher":"https:\/\/www.facebook.com\/anno1555","article_modified_time":"2026-01-28T08:55:05+00:00","og_image":[{"width":1280,"height":1920,"url":"https:\/\/www.anno1555.com\/wp-content\/uploads\/2025\/11\/gutschein-bg-2.jpg","type":"image\/jpeg"}],"twitter_card":"summary_large_image","schema":{"@context":"https:\/\/schema.org","@graph":[{"@type":"WebPage","@id":"https:\/\/www.anno1555.com\/cs\/shop\/chaletgutscheine\/","url":"https:\/\/www.anno1555.com\/cs\/shop\/chaletgutscheine\/","name":"D\u00e1rkov\u00e9 poukazy na pobyt v chaletu - Anno1555","isPartOf":{"@id":"https:\/\/www.anno1555.com\/cs\/#website"},"primaryImageOfPage":{"@id":"https:\/\/www.anno1555.com\/cs\/shop\/chaletgutscheine\/#primaryimage"},"image":{"@id":"https:\/\/www.anno1555.com\/shop\/chaletgutscheine\/#primaryimage"},"thumbnailUrl":"https:\/\/www.anno1555.com\/wp-content\/uploads\/2025\/11\/gutschein-bg-2.jpg","datePublished":"2025-11-25T19:14:39+00:00","dateModified":"2026-01-28T08:55:05+00:00","breadcrumb":{"@id":"https:\/\/www.anno1555.com\/cs\/shop\/chaletgutscheine\/#breadcrumb"},"inLanguage":"cs","potentialAction":[{"@type":"ReadAction","target":[["https:\/\/www.anno1555.com\/cs\/shop\/chaletgutscheine\/"]]}]},{"@type":"ImageObject","inLanguage":"cs","@id":"https:\/\/www.anno1555.com\/cs\/shop\/chaletgutscheine\/#primaryimage","url":"https:\/\/www.anno1555.com\/wp-content\/uploads\/2025\/11\/gutschein-bg-2.jpg","contentUrl":"https:\/\/www.anno1555.com\/wp-content\/uploads\/2025\/11\/gutschein-bg-2.jpg","width":1280,"height":1920},{"@type":"BreadcrumbList","@id":"https:\/\/www.anno1555.com\/cs\/shop\/chaletgutscheine\/#breadcrumb","itemListElement":[{"@type":"ListItem","position":1,"name":"Startseite","item":"https:\/\/www.anno1555.com\/cs\/"},{"@type":"ListItem","position":2,"name":"Shop","item":"https:\/\/www.anno1555.com\/cs\/shop\/"},{"@type":"ListItem","position":3,"name":"Chalet-Gutschein"}]},{"@type":"WebSite","@id":"https:\/\/www.anno1555.com\/cs\/#website","url":"https:\/\/www.anno1555.com\/cs\/","name":"Anno1555","description":"Hauser Wein, Jus(t), Geschein","potentialAction":[{"@type":"SearchAction","target":{"@type":"EntryPoint","urlTemplate":"https:\/\/www.anno1555.com\/cs\/?s={search_term_string}"},"query-input":{"@type":"PropertyValueSpecification","valueRequired":true,"valueName":"search_term_string"}}],"inLanguage":"cs"}]}},"_links":{"self":[{"href":"https:\/\/www.anno1555.com\/cs\/wp-json\/wp\/v2\/product\/22740","targetHints":{"allow":["GET"]}}],"collection":[{"href":"https:\/\/www.anno1555.com\/cs\/wp-json\/wp\/v2\/product"}],"about":[{"href":"https:\/\/www.anno1555.com\/cs\/wp-json\/wp\/v2\/types\/product"}],"replies":[{"embeddable":true,"href":"https:\/\/www.anno1555.com\/cs\/wp-json\/wp\/v2\/comments?post=22740"}],"wp:featuredmedia":[{"embeddable":true,"href":"https:\/\/www.anno1555.com\/cs\/wp-json\/wp\/v2\/media\/22746"}],"wp:attachment":[{"href":"https:\/\/www.anno1555.com\/cs\/wp-json\/wp\/v2\/media?parent=22740"}],"wp:term":[{"taxonomy":"product_cat","embeddable":true,"href":"https:\/\/www.anno1555.com\/cs\/wp-json\/wp\/v2\/product_cat?post=22740"},{"taxonomy":"product_tag","embeddable":true,"href":"https:\/\/www.anno1555.com\/cs\/wp-json\/wp\/v2\/product_tag?post=22740"}],"curies":[{"name":"wp","href":"https:\/\/api.w.org\/{rel}","templated":true}]}}