{"id":2605,"date":"2021-06-01T11:38:25","date_gmt":"2021-06-01T09:38:25","guid":{"rendered":"https:\/\/www.anno1555.com\/?post_type=product&#038;p=2605"},"modified":"2026-01-28T09:39:15","modified_gmt":"2026-01-28T08:39:15","slug":"fresh-and-bubbly","status":"publish","type":"product","link":"https:\/\/www.anno1555.com\/cs\/shop\/fresh-and-bubbly\/","title":{"rendered":"\u201cBal\u00ed\u010dek potravin na l\u00e9to\u201d"},"content":{"rendered":"<div class=\"wpb-content-wrapper\"><p>[vc_row content_placement=&#8220;top&#8220;][vc_column][vc_custom_heading text=&#8220;&#8220; use_theme_fonts=&#8220;yes&#8220;][vc_row_inner][vc_column_inner width=&#8220;1\/2&#8243;][vc_column_text text_larger=&#8220;no&#8220;]<\/p>\n<ul>\n<li>12 Flaschen<\/li>\n<\/ul>\n<p>[\/vc_column_text][\/vc_column_inner][vc_column_inner width=&#8220;1\/2&#8243;][\/vc_column_inner][\/vc_row_inner][\/vc_column][\/vc_row]<\/p>\n<\/div>","protected":false},"excerpt":{"rendered":"<p>4 Fl POYTONIC Flotte Rosi 330ml<br \/>\n4 Fl G\u2019SPRITZER WEISS 330ml<br \/>\n2 Fl Jus(t) No.1<br \/>\n2 Fl Jus(t) No.2<\/p>\n","protected":false},"featured_media":21946,"comment_status":"open","ping_status":"closed","template":"","meta":[],"product_cat":[78,41,73],"product_tag":[],"class_list":{"0":"post-2605","1":"product","2":"type-product","3":"status-publish","4":"has-post-thumbnail","6":"product_cat-gspritzter","7":"product_cat-just","8":"product_cat-packages","10":"first","11":"instock","12":"sale","13":"taxable","14":"shipping-taxable","15":"purchasable","16":"product-type-simple"},"yoast_head":"<!-- This site is optimized with the Yoast SEO plugin v24.0 - https:\/\/yoast.com\/wordpress\/plugins\/seo\/ -->\n<title>\u201cBal\u00ed\u010dek potravin na l\u00e9to\u201d - Anno1555<\/title>\n<meta name=\"robots\" content=\"index, follow, max-snippet:-1, max-image-preview:large, max-video-preview:-1\" \/>\n<link rel=\"canonical\" href=\"https:\/\/www.anno1555.com\/cs\/shop\/fresh-and-bubbly\/\" \/>\n<meta property=\"og:locale\" content=\"cs_CZ\" \/>\n<meta property=\"og:type\" content=\"article\" \/>\n<meta property=\"og:title\" content=\"Fresh &amp; Bubbly\" \/>\n<meta property=\"og:description\" content=\"4 Fl POYTONIC Flotte Rosi, 2 Fl G\u2019SPRITZER WEISS, 2 Fl G\u2019SPRITZTER ROS\u00c9, \u2028\u20282 Fl Jus(t) No.1, 2 Fl Jus(t) No.2\" \/>\n<meta property=\"og:url\" content=\"https:\/\/www.anno1555.com\/cs\/shop\/fresh-and-bubbly\/\" \/>\n<meta property=\"og:site_name\" content=\"Anno1555\" \/>\n<meta property=\"article:publisher\" content=\"https:\/\/www.facebook.com\/anno1555\" \/>\n<meta property=\"article:modified_time\" content=\"2026-01-28T08:39:15+00:00\" \/>\n<meta property=\"og:image\" content=\"https:\/\/www.anno1555.com\/wp-content\/uploads\/2021\/06\/fresh_and_bubbly_social.jpg\" \/>\n\t<meta property=\"og:image:width\" content=\"1366\" \/>\n\t<meta property=\"og:image:height\" content=\"768\" \/>\n\t<meta property=\"og:image:type\" content=\"image\/jpeg\" \/>\n<meta name=\"twitter:card\" content=\"summary_large_image\" \/>\n<script type=\"application\/ld+json\" class=\"yoast-schema-graph\">{\"@context\":\"https:\/\/schema.org\",\"@graph\":[{\"@type\":\"WebPage\",\"@id\":\"https:\/\/www.anno1555.com\/cs\/shop\/fresh-and-bubbly\/\",\"url\":\"https:\/\/www.anno1555.com\/cs\/shop\/fresh-and-bubbly\/\",\"name\":\"\u201cBal\u00ed\u010dek potravin na l\u00e9to\u201d - Anno1555\",\"isPartOf\":{\"@id\":\"https:\/\/www.anno1555.com\/cs\/#website\"},\"primaryImageOfPage\":{\"@id\":\"https:\/\/www.anno1555.com\/cs\/shop\/fresh-and-bubbly\/#primaryimage\"},\"image\":{\"@id\":\"https:\/\/www.anno1555.com\/shop\/fresh-and-bubbly\/#primaryimage\"},\"thumbnailUrl\":\"https:\/\/www.anno1555.com\/wp-content\/uploads\/2021\/06\/Fresh-Bubbly.png\",\"datePublished\":\"2021-06-01T09:38:25+00:00\",\"dateModified\":\"2026-01-28T08:39:15+00:00\",\"breadcrumb\":{\"@id\":\"https:\/\/www.anno1555.com\/cs\/shop\/fresh-and-bubbly\/#breadcrumb\"},\"inLanguage\":\"cs\",\"potentialAction\":[{\"@type\":\"ReadAction\",\"target\":[[\"https:\/\/www.anno1555.com\/cs\/shop\/fresh-and-bubbly\/\"]]}]},{\"@type\":\"ImageObject\",\"inLanguage\":\"cs\",\"@id\":\"https:\/\/www.anno1555.com\/cs\/shop\/fresh-and-bubbly\/#primaryimage\",\"url\":\"https:\/\/www.anno1555.com\/wp-content\/uploads\/2021\/06\/Fresh-Bubbly.png\",\"contentUrl\":\"https:\/\/www.anno1555.com\/wp-content\/uploads\/2021\/06\/Fresh-Bubbly.png\",\"width\":600,\"height\":600},{\"@type\":\"BreadcrumbList\",\"@id\":\"https:\/\/www.anno1555.com\/cs\/shop\/fresh-and-bubbly\/#breadcrumb\",\"itemListElement\":[{\"@type\":\"ListItem\",\"position\":1,\"name\":\"Startseite\",\"item\":\"https:\/\/www.anno1555.com\/cs\/\"},{\"@type\":\"ListItem\",\"position\":2,\"name\":\"Shop\",\"item\":\"https:\/\/www.anno1555.com\/cs\/shop\/\"},{\"@type\":\"ListItem\",\"position\":3,\"name\":\"Fresh &#038; Bubbly\"}]},{\"@type\":\"WebSite\",\"@id\":\"https:\/\/www.anno1555.com\/cs\/#website\",\"url\":\"https:\/\/www.anno1555.com\/cs\/\",\"name\":\"Anno1555\",\"description\":\"Hauser Wein, Jus(t), Geschein\",\"potentialAction\":[{\"@type\":\"SearchAction\",\"target\":{\"@type\":\"EntryPoint\",\"urlTemplate\":\"https:\/\/www.anno1555.com\/cs\/?s={search_term_string}\"},\"query-input\":{\"@type\":\"PropertyValueSpecification\",\"valueRequired\":true,\"valueName\":\"search_term_string\"}}],\"inLanguage\":\"cs\"}]}<\/script>\n<!-- \/ Yoast SEO plugin. -->","yoast_head_json":{"title":"\u201cBal\u00ed\u010dek potravin na l\u00e9to\u201d - Anno1555","robots":{"index":"index","follow":"follow","max-snippet":"max-snippet:-1","max-image-preview":"max-image-preview:large","max-video-preview":"max-video-preview:-1"},"canonical":"https:\/\/www.anno1555.com\/cs\/shop\/fresh-and-bubbly\/","og_locale":"cs_CZ","og_type":"article","og_title":"Fresh & Bubbly","og_description":"4 Fl POYTONIC Flotte Rosi, 2 Fl G\u2019SPRITZER WEISS, 2 Fl G\u2019SPRITZTER ROS\u00c9, \u2028\u20282 Fl Jus(t) No.1, 2 Fl Jus(t) No.2","og_url":"https:\/\/www.anno1555.com\/cs\/shop\/fresh-and-bubbly\/","og_site_name":"Anno1555","article_publisher":"https:\/\/www.facebook.com\/anno1555","article_modified_time":"2026-01-28T08:39:15+00:00","og_image":[{"width":1366,"height":768,"url":"https:\/\/www.anno1555.com\/wp-content\/uploads\/2021\/06\/fresh_and_bubbly_social.jpg","type":"image\/jpeg"}],"twitter_card":"summary_large_image","schema":{"@context":"https:\/\/schema.org","@graph":[{"@type":"WebPage","@id":"https:\/\/www.anno1555.com\/cs\/shop\/fresh-and-bubbly\/","url":"https:\/\/www.anno1555.com\/cs\/shop\/fresh-and-bubbly\/","name":"\u201cBal\u00ed\u010dek potravin na l\u00e9to\u201d - Anno1555","isPartOf":{"@id":"https:\/\/www.anno1555.com\/cs\/#website"},"primaryImageOfPage":{"@id":"https:\/\/www.anno1555.com\/cs\/shop\/fresh-and-bubbly\/#primaryimage"},"image":{"@id":"https:\/\/www.anno1555.com\/shop\/fresh-and-bubbly\/#primaryimage"},"thumbnailUrl":"https:\/\/www.anno1555.com\/wp-content\/uploads\/2021\/06\/Fresh-Bubbly.png","datePublished":"2021-06-01T09:38:25+00:00","dateModified":"2026-01-28T08:39:15+00:00","breadcrumb":{"@id":"https:\/\/www.anno1555.com\/cs\/shop\/fresh-and-bubbly\/#breadcrumb"},"inLanguage":"cs","potentialAction":[{"@type":"ReadAction","target":[["https:\/\/www.anno1555.com\/cs\/shop\/fresh-and-bubbly\/"]]}]},{"@type":"ImageObject","inLanguage":"cs","@id":"https:\/\/www.anno1555.com\/cs\/shop\/fresh-and-bubbly\/#primaryimage","url":"https:\/\/www.anno1555.com\/wp-content\/uploads\/2021\/06\/Fresh-Bubbly.png","contentUrl":"https:\/\/www.anno1555.com\/wp-content\/uploads\/2021\/06\/Fresh-Bubbly.png","width":600,"height":600},{"@type":"BreadcrumbList","@id":"https:\/\/www.anno1555.com\/cs\/shop\/fresh-and-bubbly\/#breadcrumb","itemListElement":[{"@type":"ListItem","position":1,"name":"Startseite","item":"https:\/\/www.anno1555.com\/cs\/"},{"@type":"ListItem","position":2,"name":"Shop","item":"https:\/\/www.anno1555.com\/cs\/shop\/"},{"@type":"ListItem","position":3,"name":"Fresh &#038; Bubbly"}]},{"@type":"WebSite","@id":"https:\/\/www.anno1555.com\/cs\/#website","url":"https:\/\/www.anno1555.com\/cs\/","name":"Anno1555","description":"Hauser Wein, Jus(t), Geschein","potentialAction":[{"@type":"SearchAction","target":{"@type":"EntryPoint","urlTemplate":"https:\/\/www.anno1555.com\/cs\/?s={search_term_string}"},"query-input":{"@type":"PropertyValueSpecification","valueRequired":true,"valueName":"search_term_string"}}],"inLanguage":"cs"}]}},"_links":{"self":[{"href":"https:\/\/www.anno1555.com\/cs\/wp-json\/wp\/v2\/product\/2605","targetHints":{"allow":["GET"]}}],"collection":[{"href":"https:\/\/www.anno1555.com\/cs\/wp-json\/wp\/v2\/product"}],"about":[{"href":"https:\/\/www.anno1555.com\/cs\/wp-json\/wp\/v2\/types\/product"}],"replies":[{"embeddable":true,"href":"https:\/\/www.anno1555.com\/cs\/wp-json\/wp\/v2\/comments?post=2605"}],"wp:featuredmedia":[{"embeddable":true,"href":"https:\/\/www.anno1555.com\/cs\/wp-json\/wp\/v2\/media\/21946"}],"wp:attachment":[{"href":"https:\/\/www.anno1555.com\/cs\/wp-json\/wp\/v2\/media?parent=2605"}],"wp:term":[{"taxonomy":"product_cat","embeddable":true,"href":"https:\/\/www.anno1555.com\/cs\/wp-json\/wp\/v2\/product_cat?post=2605"},{"taxonomy":"product_tag","embeddable":true,"href":"https:\/\/www.anno1555.com\/cs\/wp-json\/wp\/v2\/product_tag?post=2605"}],"curies":[{"name":"wp","href":"https:\/\/api.w.org\/{rel}","templated":true}]}}