{"id":4129,"date":"2022-01-17T10:19:27","date_gmt":"2022-01-17T09:19:27","guid":{"rendered":"https:\/\/www.anno1555.com\/?post_type=product&#038;p=4129"},"modified":"2026-01-28T09:59:50","modified_gmt":"2026-01-28T08:59:50","slug":"poy-secco-smile-piccolo-025lt-24-flaschen","status":"publish","type":"product","link":"https:\/\/www.anno1555.com\/cs\/shop\/poy-secco-smile-piccolo-025lt-24-flaschen\/","title":{"rendered":"Poy-Secco Smile-Piccolo 0,25lt &#8211; 24 lahv\u00ed"},"content":{"rendered":"<div class=\"wpb-content-wrapper\"><p>[vc_row content_placement=&#8220;top&#8220;][vc_column width=&#8220;1\/2&#8243;][vc_column_text text_larger=&#8220;no&#8220; woodmart_inline=&#8220;no&#8220;]<\/p>\n<ul>\n<li>24 lahv\u00ed je 0,25lt<\/li>\n<li>Our Poy-Secco Smile-Piccolo is a sparkling wine, i.e. wine with added carbon dioxide.<\/li>\n<li>It can be drunk smoothly 24 hours a day and is easily digestible: little alcohol, little carbon dioxide.<\/li>\n<li>It is encouraging and refreshing.<\/li>\n<li>Content:<br \/>\n0.25 l \/ 10% alcohol \/ dry<br \/>\nContains sulphites<\/li>\n<li>Obsah cukru:<br \/>\n18g\/lt<\/li>\n<li>Vintage:<br \/>\n2024<\/li>\n<li>Origin: Weinviertel Lower Austria<\/li>\n<li>Bottler:<br \/>\nWeingut Hauser<br \/>\nBrunngasse 38<br \/>\n2170 Poysdorf<\/li>\n<\/ul>\n<div id=\"ingredients\">\n<h4 class=\"section-title\">Slo\u017een\u00ed<\/h4>\n<div class=\"text\">\n<p>        Hrozny, koncentrovan\u00fd hroznov\u00fd mo\u0161t, konzervanty: si\u0159i\u010ditany; antioxidant: kyselina askorbov\u00e1. Baleno v ochrann\u00e9 atmosf\u00e9\u0159e.<\/p>\n<p>        &nbsp;<\/p>\n<h4 class=\"section-title\">V\u00fd\u017eivov\u00e9 \u00fadaje<\/h4>\n<div id=\"nutritionalTable\">\n<table style=\"width: 100%; border-collapse: collapse;\" cellspacing=\"0\">\n<thead>\n<tr>\n<th style=\"text-align: left; padding: 8px; border-bottom: 2px solid #000;\"><\/th>\n<th style=\"text-align: right; padding: 8px; border-bottom: 2px solid #000;\">na 100 ml<\/th>\n<\/tr>\n<\/thead>\n<tbody>\n<tr>\n<td style=\"padding: 8px; border-bottom: 1px solid #ddd;\"><strong>Energetick\u00e1 hodnota<\/strong><\/td>\n<td style=\"text-align: right; padding: 8px; border-bottom: 1px solid #ddd;\">\n                            <strong><br \/>\n                                275 kJ<br \/>\n                                66 kcal<br \/>\n                            <\/strong>\n                        <\/td>\n<\/tr>\n<tr>\n<td style=\"padding: 8px; border-bottom: 1px solid #ddd;\"><strong>Tuky<\/strong><\/td>\n<td style=\"text-align: right; padding: 8px; border-bottom: 1px solid #ddd;\"><strong>&lt;0,5 g<\/strong><\/td>\n<\/tr>\n<tr>\n<td style=\"padding: 8px; border-bottom: 1px solid #ddd;\">z toho nasycen\u00e9 mastn\u00e9 kyseliny<\/td>\n<td style=\"text-align: right; padding: 8px; border-bottom: 1px solid #ddd;\">&lt;0,1 g<\/td>\n<\/tr>\n<tr>\n<td style=\"padding: 8px; border-bottom: 1px solid #ddd;\"><strong>Sacharidy<\/strong><\/td>\n<td style=\"text-align: right; padding: 8px; border-bottom: 1px solid #ddd;\"><strong>1,8 g<\/strong><\/td>\n<\/tr>\n<tr>\n<td style=\"padding: 8px; border-bottom: 1px solid #ddd;\">z toho cukry<\/td>\n<td style=\"text-align: right; padding: 8px; border-bottom: 1px solid #ddd;\">1 g<\/td>\n<\/tr>\n<tr>\n<td style=\"padding: 8px; border-bottom: 1px solid #ddd;\"><strong>B\u00edlkoviny<\/strong><\/td>\n<td style=\"text-align: right; padding: 8px; border-bottom: 1px solid #ddd;\"><strong>&lt;0,5 g<\/strong><\/td>\n<\/tr>\n<tr>\n<td style=\"padding: 8px;\"><strong>S\u016fl<\/strong><\/td>\n<td style=\"text-align: right; padding: 8px;\"><strong>&lt;0,01 g<\/strong><\/td>\n<\/tr>\n<\/tbody>\n<\/table><\/div>\n<p>        &nbsp;<\/p><\/div>\n<\/div>\n<p>[\/vc_column_text][\/vc_column][vc_column width=&#8220;1\/2&#8243; css=&#8220;.vc_custom_1490694541710{padding-top: 0px !important;}&#8220;][\/vc_column][\/vc_row]<\/p>\n<\/div>","protected":false},"excerpt":{"rendered":"<p>Is the world distressful right now? That can change. Thanks to a sip of Lachflash and Bah\u00f6l, the idleness disappears. Insider knowledge: Recently, we have been hearing more and more indignant voices from our customers saying \u201cWe can\u2019t stop drinking it!\u201d.<\/p>\n","protected":false},"featured_media":4131,"comment_status":"open","ping_status":"closed","template":"","meta":[],"product_cat":[179],"product_tag":[],"class_list":{"0":"post-4129","1":"product","2":"type-product","3":"status-publish","4":"has-post-thumbnail","6":"product_cat-poy-secco","8":"first","9":"instock","10":"sale","11":"taxable","12":"shipping-taxable","13":"purchasable","14":"product-type-simple"},"yoast_head":"<!-- This site is optimized with the Yoast SEO plugin v24.0 - https:\/\/yoast.com\/wordpress\/plugins\/seo\/ -->\n<title>Poy-Secco Smile-Piccolo 0,25lt - 24 lahv\u00ed - Anno1555<\/title>\n<meta name=\"robots\" content=\"index, follow, max-snippet:-1, max-image-preview:large, max-video-preview:-1\" \/>\n<link rel=\"canonical\" href=\"https:\/\/www.anno1555.com\/cs\/shop\/poy-secco-smile-piccolo-025lt-24-flaschen\/\" \/>\n<meta property=\"og:locale\" content=\"cs_CZ\" \/>\n<meta property=\"og:type\" content=\"article\" \/>\n<meta property=\"og:title\" content=\"Poy-Secco Smile-Piccolo 0,25lt - 24 Flaschen\" \/>\n<meta property=\"og:description\" content=\"Ist die Welt grad m\u00fchsam? Das muss ja nicht so bleiben. Ein Schluck Lachflash und Bah\u00f6l l\u00e4sst M\u00fc\u00dfiggang verschwinden. Insider-Wissen: Wir bekommen in letzter Zeit immer mehr emp\u00f6rte Kundenstimmen \u201cWir k\u00f6nnen nicht aufh\u00f6ren ihn zu trinken!\u201c.\" \/>\n<meta property=\"og:url\" content=\"https:\/\/www.anno1555.com\/cs\/shop\/poy-secco-smile-piccolo-025lt-24-flaschen\/\" \/>\n<meta property=\"og:site_name\" content=\"Anno1555\" \/>\n<meta property=\"article:publisher\" content=\"https:\/\/www.facebook.com\/anno1555\" \/>\n<meta property=\"article:modified_time\" content=\"2026-01-28T08:59:50+00:00\" \/>\n<meta property=\"og:image\" content=\"https:\/\/www.anno1555.com\/wp-content\/uploads\/2022\/01\/poysecco_piccolo_24_social.jpg\" \/>\n\t<meta property=\"og:image:width\" content=\"1366\" \/>\n\t<meta property=\"og:image:height\" content=\"768\" \/>\n\t<meta property=\"og:image:type\" content=\"image\/jpeg\" \/>\n<meta name=\"twitter:card\" content=\"summary_large_image\" \/>\n<script type=\"application\/ld+json\" class=\"yoast-schema-graph\">{\"@context\":\"https:\/\/schema.org\",\"@graph\":[{\"@type\":\"WebPage\",\"@id\":\"https:\/\/www.anno1555.com\/cs\/shop\/poy-secco-smile-piccolo-025lt-24-flaschen\/\",\"url\":\"https:\/\/www.anno1555.com\/cs\/shop\/poy-secco-smile-piccolo-025lt-24-flaschen\/\",\"name\":\"Poy-Secco Smile-Piccolo 0,25lt - 24 lahv\u00ed - Anno1555\",\"isPartOf\":{\"@id\":\"https:\/\/www.anno1555.com\/cs\/#website\"},\"primaryImageOfPage\":{\"@id\":\"https:\/\/www.anno1555.com\/cs\/shop\/poy-secco-smile-piccolo-025lt-24-flaschen\/#primaryimage\"},\"image\":{\"@id\":\"https:\/\/www.anno1555.com\/shop\/poy-secco-smile-piccolo-025lt-24-flaschen\/#primaryimage\"},\"thumbnailUrl\":\"https:\/\/www.anno1555.com\/wp-content\/uploads\/2022\/01\/shop_piccolo_24.png\",\"datePublished\":\"2022-01-17T09:19:27+00:00\",\"dateModified\":\"2026-01-28T08:59:50+00:00\",\"breadcrumb\":{\"@id\":\"https:\/\/www.anno1555.com\/cs\/shop\/poy-secco-smile-piccolo-025lt-24-flaschen\/#breadcrumb\"},\"inLanguage\":\"cs\",\"potentialAction\":[{\"@type\":\"ReadAction\",\"target\":[[\"https:\/\/www.anno1555.com\/cs\/shop\/poy-secco-smile-piccolo-025lt-24-flaschen\/\"]]}]},{\"@type\":\"ImageObject\",\"inLanguage\":\"cs\",\"@id\":\"https:\/\/www.anno1555.com\/cs\/shop\/poy-secco-smile-piccolo-025lt-24-flaschen\/#primaryimage\",\"url\":\"https:\/\/www.anno1555.com\/wp-content\/uploads\/2022\/01\/shop_piccolo_24.png\",\"contentUrl\":\"https:\/\/www.anno1555.com\/wp-content\/uploads\/2022\/01\/shop_piccolo_24.png\",\"width\":600,\"height\":600},{\"@type\":\"BreadcrumbList\",\"@id\":\"https:\/\/www.anno1555.com\/cs\/shop\/poy-secco-smile-piccolo-025lt-24-flaschen\/#breadcrumb\",\"itemListElement\":[{\"@type\":\"ListItem\",\"position\":1,\"name\":\"Startseite\",\"item\":\"https:\/\/www.anno1555.com\/cs\/\"},{\"@type\":\"ListItem\",\"position\":2,\"name\":\"Shop\",\"item\":\"https:\/\/www.anno1555.com\/cs\/shop\/\"},{\"@type\":\"ListItem\",\"position\":3,\"name\":\"Poy-Secco Smile-Piccolo 0,25lt &#8211; 24 Flaschen\"}]},{\"@type\":\"WebSite\",\"@id\":\"https:\/\/www.anno1555.com\/cs\/#website\",\"url\":\"https:\/\/www.anno1555.com\/cs\/\",\"name\":\"Anno1555\",\"description\":\"Hauser Wein, Jus(t), Geschein\",\"potentialAction\":[{\"@type\":\"SearchAction\",\"target\":{\"@type\":\"EntryPoint\",\"urlTemplate\":\"https:\/\/www.anno1555.com\/cs\/?s={search_term_string}\"},\"query-input\":{\"@type\":\"PropertyValueSpecification\",\"valueRequired\":true,\"valueName\":\"search_term_string\"}}],\"inLanguage\":\"cs\"}]}<\/script>\n<!-- \/ Yoast SEO plugin. -->","yoast_head_json":{"title":"Poy-Secco Smile-Piccolo 0,25lt - 24 lahv\u00ed - Anno1555","robots":{"index":"index","follow":"follow","max-snippet":"max-snippet:-1","max-image-preview":"max-image-preview:large","max-video-preview":"max-video-preview:-1"},"canonical":"https:\/\/www.anno1555.com\/cs\/shop\/poy-secco-smile-piccolo-025lt-24-flaschen\/","og_locale":"cs_CZ","og_type":"article","og_title":"Poy-Secco Smile-Piccolo 0,25lt - 24 Flaschen","og_description":"Ist die Welt grad m\u00fchsam? Das muss ja nicht so bleiben. Ein Schluck Lachflash und Bah\u00f6l l\u00e4sst M\u00fc\u00dfiggang verschwinden. Insider-Wissen: Wir bekommen in letzter Zeit immer mehr emp\u00f6rte Kundenstimmen \u201cWir k\u00f6nnen nicht aufh\u00f6ren ihn zu trinken!\u201c.","og_url":"https:\/\/www.anno1555.com\/cs\/shop\/poy-secco-smile-piccolo-025lt-24-flaschen\/","og_site_name":"Anno1555","article_publisher":"https:\/\/www.facebook.com\/anno1555","article_modified_time":"2026-01-28T08:59:50+00:00","og_image":[{"width":1366,"height":768,"url":"https:\/\/www.anno1555.com\/wp-content\/uploads\/2022\/01\/poysecco_piccolo_24_social.jpg","type":"image\/jpeg"}],"twitter_card":"summary_large_image","schema":{"@context":"https:\/\/schema.org","@graph":[{"@type":"WebPage","@id":"https:\/\/www.anno1555.com\/cs\/shop\/poy-secco-smile-piccolo-025lt-24-flaschen\/","url":"https:\/\/www.anno1555.com\/cs\/shop\/poy-secco-smile-piccolo-025lt-24-flaschen\/","name":"Poy-Secco Smile-Piccolo 0,25lt - 24 lahv\u00ed - Anno1555","isPartOf":{"@id":"https:\/\/www.anno1555.com\/cs\/#website"},"primaryImageOfPage":{"@id":"https:\/\/www.anno1555.com\/cs\/shop\/poy-secco-smile-piccolo-025lt-24-flaschen\/#primaryimage"},"image":{"@id":"https:\/\/www.anno1555.com\/shop\/poy-secco-smile-piccolo-025lt-24-flaschen\/#primaryimage"},"thumbnailUrl":"https:\/\/www.anno1555.com\/wp-content\/uploads\/2022\/01\/shop_piccolo_24.png","datePublished":"2022-01-17T09:19:27+00:00","dateModified":"2026-01-28T08:59:50+00:00","breadcrumb":{"@id":"https:\/\/www.anno1555.com\/cs\/shop\/poy-secco-smile-piccolo-025lt-24-flaschen\/#breadcrumb"},"inLanguage":"cs","potentialAction":[{"@type":"ReadAction","target":[["https:\/\/www.anno1555.com\/cs\/shop\/poy-secco-smile-piccolo-025lt-24-flaschen\/"]]}]},{"@type":"ImageObject","inLanguage":"cs","@id":"https:\/\/www.anno1555.com\/cs\/shop\/poy-secco-smile-piccolo-025lt-24-flaschen\/#primaryimage","url":"https:\/\/www.anno1555.com\/wp-content\/uploads\/2022\/01\/shop_piccolo_24.png","contentUrl":"https:\/\/www.anno1555.com\/wp-content\/uploads\/2022\/01\/shop_piccolo_24.png","width":600,"height":600},{"@type":"BreadcrumbList","@id":"https:\/\/www.anno1555.com\/cs\/shop\/poy-secco-smile-piccolo-025lt-24-flaschen\/#breadcrumb","itemListElement":[{"@type":"ListItem","position":1,"name":"Startseite","item":"https:\/\/www.anno1555.com\/cs\/"},{"@type":"ListItem","position":2,"name":"Shop","item":"https:\/\/www.anno1555.com\/cs\/shop\/"},{"@type":"ListItem","position":3,"name":"Poy-Secco Smile-Piccolo 0,25lt &#8211; 24 Flaschen"}]},{"@type":"WebSite","@id":"https:\/\/www.anno1555.com\/cs\/#website","url":"https:\/\/www.anno1555.com\/cs\/","name":"Anno1555","description":"Hauser Wein, Jus(t), Geschein","potentialAction":[{"@type":"SearchAction","target":{"@type":"EntryPoint","urlTemplate":"https:\/\/www.anno1555.com\/cs\/?s={search_term_string}"},"query-input":{"@type":"PropertyValueSpecification","valueRequired":true,"valueName":"search_term_string"}}],"inLanguage":"cs"}]}},"_links":{"self":[{"href":"https:\/\/www.anno1555.com\/cs\/wp-json\/wp\/v2\/product\/4129","targetHints":{"allow":["GET"]}}],"collection":[{"href":"https:\/\/www.anno1555.com\/cs\/wp-json\/wp\/v2\/product"}],"about":[{"href":"https:\/\/www.anno1555.com\/cs\/wp-json\/wp\/v2\/types\/product"}],"replies":[{"embeddable":true,"href":"https:\/\/www.anno1555.com\/cs\/wp-json\/wp\/v2\/comments?post=4129"}],"wp:featuredmedia":[{"embeddable":true,"href":"https:\/\/www.anno1555.com\/cs\/wp-json\/wp\/v2\/media\/4131"}],"wp:attachment":[{"href":"https:\/\/www.anno1555.com\/cs\/wp-json\/wp\/v2\/media?parent=4129"}],"wp:term":[{"taxonomy":"product_cat","embeddable":true,"href":"https:\/\/www.anno1555.com\/cs\/wp-json\/wp\/v2\/product_cat?post=4129"},{"taxonomy":"product_tag","embeddable":true,"href":"https:\/\/www.anno1555.com\/cs\/wp-json\/wp\/v2\/product_tag?post=4129"}],"curies":[{"name":"wp","href":"https:\/\/api.w.org\/{rel}","templated":true}]}}