{"id":753,"date":"2020-02-27T15:15:21","date_gmt":"2020-02-27T14:15:21","guid":{"rendered":"https:\/\/www.anno1555.com\/?post_type=product&#038;p=753"},"modified":"2026-01-11T11:33:32","modified_gmt":"2026-01-11T10:33:32","slug":"gemischter-satz","status":"publish","type":"product","link":"https:\/\/www.anno1555.com\/cs\/shop\/gemischter-satz\/","title":{"rendered":"Gemischter Satz"},"content":{"rendered":"<div class=\"wpb-content-wrapper\"><p>[vc_row content_placement=&#8220;top&#8220;][vc_column width=&#8220;1\/2&#8243;][vc_column_text text_larger=&#8220;no&#8220; woodmart_inline=&#8220;no&#8220;]<\/p>\n<ul>\n<li>Prav\u00e9 jarn\u00ed a letn\u00ed v\u00edno.<\/li>\n<li>Gemischter Satz, v\u00edno s n\u00e1zvem, kter\u00fd m\u00e1 tradici, nikdy nesm\u00ed b\u00fdt jednoodr\u016fdov\u00e9. V\u017edy se jedn\u00e1 o skladbu.<\/li>\n<li>Na\u0161e nejkr\u00e1sn\u011bj\u0161\u00ed odr\u016fdy vinn\u00e9 r\u00e9vy se spojily, aby lehce pohladily na pat\u0159e.<\/li>\n<li>Obsah:<br \/>\n0,75 l \/11,5% \/such\u00e9<br \/>\nObsahuje si\u0159i\u010ditany<\/li>\n<li>vinobran\u00ed:<br \/>\n2025<\/li>\n<li>P\u016fvod: Weinviertel Doln\u00ed Rakousko<\/li>\n<li>St\u00e1\u010d\u00edrna:<br \/>\nWeingut Hauser<br \/>\nBrunngasse 38<br \/>\n2170 Poysdorf<\/li>\n<\/ul>\n<p>[\/vc_column_text][\/vc_column][vc_column width=&#8220;1\/2&#8243; css=&#8220;.vc_custom_1490694541710{padding-top: 0px !important;}&#8220;][\/vc_column][\/vc_row]<\/p>\n<\/div>","protected":false},"excerpt":{"rendered":"<p>M\u00e1te r\u00e1di snadn\u00e9 a nekomplikovan\u00e9 v\u011bci? Skv\u011bl\u00e9, stejn\u011b tak i my. Pokud si \u010dasto kladete ot\u00e1zku \u201eAle vyvol\u00e1v\u00e1 to radost?\u201c, my odpov\u00edme \u201eAno, vyvol\u00e1v\u00e1!\u201c. Na\u0161e v\u00edno Gemischter Satz je lehk\u00e9, \u0161\u0165avnat\u00e9 a animuj\u00edc\u00ed. Perfektn\u00ed v\u00edno pro zah\u00e1jen\u00ed \u017eiv\u00e9ho ve\u010dera (nebo r\u00e1na). U tohoto v\u00edna kombinujeme ty nejkr\u00e1sn\u011bj\u0161\u00ed odr\u016fdy, abyste si u\u017eili ty nejlep\u0161\u00ed chv\u00edle. Na zdrav\u00ed!<\/p>\n","protected":false},"featured_media":21582,"comment_status":"open","ping_status":"closed","template":"","meta":[],"product_cat":[38],"product_tag":[],"class_list":{"0":"post-753","1":"product","2":"type-product","3":"status-publish","4":"has-post-thumbnail","6":"product_cat-hauser-wein","8":"first","9":"instock","10":"taxable","11":"shipping-taxable","12":"purchasable","13":"product-type-simple"},"yoast_head":"<!-- This site is optimized with the Yoast SEO plugin v24.0 - https:\/\/yoast.com\/wordpress\/plugins\/seo\/ -->\n<title>Gemischter Satz - Anno1555<\/title>\n<meta name=\"robots\" content=\"index, follow, max-snippet:-1, max-image-preview:large, max-video-preview:-1\" \/>\n<link rel=\"canonical\" href=\"https:\/\/www.anno1555.com\/cs\/shop\/gemischter-satz\/\" \/>\n<meta property=\"og:locale\" content=\"cs_CZ\" \/>\n<meta property=\"og:type\" content=\"article\" \/>\n<meta property=\"og:title\" content=\"Gemischter Satz\" \/>\n<meta property=\"og:description\" content=\"Sie m\u00f6gen\u2019s leicht und unkompliziert? Super, wir auch. Wenn Sie sich \u00f6fter die Frage \u201cBut does it spark joy?\u201c stellen, sagen wir \u201cJa, it does!\u201c. Unser Gemischter Satz ist leicht, saftig und animierend. Der perfekte Wein zum Einstieg in einen beschwingten Abend (oder Morgen). In diesem Wein vereinen wir die sch\u00f6nsten Rebsorten, um Ihnen die sch\u00f6nste Zeit zu bereiten. Cheers!\" \/>\n<meta property=\"og:url\" content=\"https:\/\/www.anno1555.com\/cs\/shop\/gemischter-satz\/\" \/>\n<meta property=\"og:site_name\" content=\"Anno1555\" \/>\n<meta property=\"article:publisher\" content=\"https:\/\/www.facebook.com\/anno1555\" \/>\n<meta property=\"article:modified_time\" content=\"2026-01-11T10:33:32+00:00\" \/>\n<meta property=\"og:image\" content=\"https:\/\/www.anno1555.com\/wp-content\/uploads\/2020\/02\/shop_gemischter_satz-2.png\" \/>\n\t<meta property=\"og:image:width\" content=\"600\" \/>\n\t<meta property=\"og:image:height\" content=\"600\" \/>\n\t<meta property=\"og:image:type\" content=\"image\/png\" \/>\n<meta name=\"twitter:card\" content=\"summary_large_image\" \/>\n<script type=\"application\/ld+json\" class=\"yoast-schema-graph\">{\"@context\":\"https:\/\/schema.org\",\"@graph\":[{\"@type\":\"WebPage\",\"@id\":\"https:\/\/www.anno1555.com\/cs\/shop\/gemischter-satz\/\",\"url\":\"https:\/\/www.anno1555.com\/cs\/shop\/gemischter-satz\/\",\"name\":\"Gemischter Satz - Anno1555\",\"isPartOf\":{\"@id\":\"https:\/\/www.anno1555.com\/cs\/#website\"},\"primaryImageOfPage\":{\"@id\":\"https:\/\/www.anno1555.com\/cs\/shop\/gemischter-satz\/#primaryimage\"},\"image\":{\"@id\":\"https:\/\/www.anno1555.com\/shop\/gemischter-satz\/#primaryimage\"},\"thumbnailUrl\":\"https:\/\/www.anno1555.com\/wp-content\/uploads\/2020\/02\/shop_gemischter_satz-1.png\",\"datePublished\":\"2020-02-27T14:15:21+00:00\",\"dateModified\":\"2026-01-11T10:33:32+00:00\",\"breadcrumb\":{\"@id\":\"https:\/\/www.anno1555.com\/cs\/shop\/gemischter-satz\/#breadcrumb\"},\"inLanguage\":\"cs\",\"potentialAction\":[{\"@type\":\"ReadAction\",\"target\":[[\"https:\/\/www.anno1555.com\/cs\/shop\/gemischter-satz\/\"]]}]},{\"@type\":\"ImageObject\",\"inLanguage\":\"cs\",\"@id\":\"https:\/\/www.anno1555.com\/cs\/shop\/gemischter-satz\/#primaryimage\",\"url\":\"https:\/\/www.anno1555.com\/wp-content\/uploads\/2020\/02\/shop_gemischter_satz-1.png\",\"contentUrl\":\"https:\/\/www.anno1555.com\/wp-content\/uploads\/2020\/02\/shop_gemischter_satz-1.png\",\"width\":600,\"height\":600},{\"@type\":\"BreadcrumbList\",\"@id\":\"https:\/\/www.anno1555.com\/cs\/shop\/gemischter-satz\/#breadcrumb\",\"itemListElement\":[{\"@type\":\"ListItem\",\"position\":1,\"name\":\"Startseite\",\"item\":\"https:\/\/www.anno1555.com\/cs\/\"},{\"@type\":\"ListItem\",\"position\":2,\"name\":\"Shop\",\"item\":\"https:\/\/www.anno1555.com\/cs\/shop\/\"},{\"@type\":\"ListItem\",\"position\":3,\"name\":\"Gemischter Satz\"}]},{\"@type\":\"WebSite\",\"@id\":\"https:\/\/www.anno1555.com\/cs\/#website\",\"url\":\"https:\/\/www.anno1555.com\/cs\/\",\"name\":\"Anno1555\",\"description\":\"Hauser Wein, Jus(t), Geschein\",\"potentialAction\":[{\"@type\":\"SearchAction\",\"target\":{\"@type\":\"EntryPoint\",\"urlTemplate\":\"https:\/\/www.anno1555.com\/cs\/?s={search_term_string}\"},\"query-input\":{\"@type\":\"PropertyValueSpecification\",\"valueRequired\":true,\"valueName\":\"search_term_string\"}}],\"inLanguage\":\"cs\"}]}<\/script>\n<!-- \/ Yoast SEO plugin. -->","yoast_head_json":{"title":"Gemischter Satz - Anno1555","robots":{"index":"index","follow":"follow","max-snippet":"max-snippet:-1","max-image-preview":"max-image-preview:large","max-video-preview":"max-video-preview:-1"},"canonical":"https:\/\/www.anno1555.com\/cs\/shop\/gemischter-satz\/","og_locale":"cs_CZ","og_type":"article","og_title":"Gemischter Satz","og_description":"Sie m\u00f6gen\u2019s leicht und unkompliziert? Super, wir auch. Wenn Sie sich \u00f6fter die Frage \u201cBut does it spark joy?\u201c stellen, sagen wir \u201cJa, it does!\u201c. Unser Gemischter Satz ist leicht, saftig und animierend. Der perfekte Wein zum Einstieg in einen beschwingten Abend (oder Morgen). In diesem Wein vereinen wir die sch\u00f6nsten Rebsorten, um Ihnen die sch\u00f6nste Zeit zu bereiten. Cheers!","og_url":"https:\/\/www.anno1555.com\/cs\/shop\/gemischter-satz\/","og_site_name":"Anno1555","article_publisher":"https:\/\/www.facebook.com\/anno1555","article_modified_time":"2026-01-11T10:33:32+00:00","og_image":[{"width":600,"height":600,"url":"https:\/\/www.anno1555.com\/wp-content\/uploads\/2020\/02\/shop_gemischter_satz-2.png","type":"image\/png"}],"twitter_card":"summary_large_image","schema":{"@context":"https:\/\/schema.org","@graph":[{"@type":"WebPage","@id":"https:\/\/www.anno1555.com\/cs\/shop\/gemischter-satz\/","url":"https:\/\/www.anno1555.com\/cs\/shop\/gemischter-satz\/","name":"Gemischter Satz - Anno1555","isPartOf":{"@id":"https:\/\/www.anno1555.com\/cs\/#website"},"primaryImageOfPage":{"@id":"https:\/\/www.anno1555.com\/cs\/shop\/gemischter-satz\/#primaryimage"},"image":{"@id":"https:\/\/www.anno1555.com\/shop\/gemischter-satz\/#primaryimage"},"thumbnailUrl":"https:\/\/www.anno1555.com\/wp-content\/uploads\/2020\/02\/shop_gemischter_satz-1.png","datePublished":"2020-02-27T14:15:21+00:00","dateModified":"2026-01-11T10:33:32+00:00","breadcrumb":{"@id":"https:\/\/www.anno1555.com\/cs\/shop\/gemischter-satz\/#breadcrumb"},"inLanguage":"cs","potentialAction":[{"@type":"ReadAction","target":[["https:\/\/www.anno1555.com\/cs\/shop\/gemischter-satz\/"]]}]},{"@type":"ImageObject","inLanguage":"cs","@id":"https:\/\/www.anno1555.com\/cs\/shop\/gemischter-satz\/#primaryimage","url":"https:\/\/www.anno1555.com\/wp-content\/uploads\/2020\/02\/shop_gemischter_satz-1.png","contentUrl":"https:\/\/www.anno1555.com\/wp-content\/uploads\/2020\/02\/shop_gemischter_satz-1.png","width":600,"height":600},{"@type":"BreadcrumbList","@id":"https:\/\/www.anno1555.com\/cs\/shop\/gemischter-satz\/#breadcrumb","itemListElement":[{"@type":"ListItem","position":1,"name":"Startseite","item":"https:\/\/www.anno1555.com\/cs\/"},{"@type":"ListItem","position":2,"name":"Shop","item":"https:\/\/www.anno1555.com\/cs\/shop\/"},{"@type":"ListItem","position":3,"name":"Gemischter Satz"}]},{"@type":"WebSite","@id":"https:\/\/www.anno1555.com\/cs\/#website","url":"https:\/\/www.anno1555.com\/cs\/","name":"Anno1555","description":"Hauser Wein, Jus(t), Geschein","potentialAction":[{"@type":"SearchAction","target":{"@type":"EntryPoint","urlTemplate":"https:\/\/www.anno1555.com\/cs\/?s={search_term_string}"},"query-input":{"@type":"PropertyValueSpecification","valueRequired":true,"valueName":"search_term_string"}}],"inLanguage":"cs"}]}},"_links":{"self":[{"href":"https:\/\/www.anno1555.com\/cs\/wp-json\/wp\/v2\/product\/753","targetHints":{"allow":["GET"]}}],"collection":[{"href":"https:\/\/www.anno1555.com\/cs\/wp-json\/wp\/v2\/product"}],"about":[{"href":"https:\/\/www.anno1555.com\/cs\/wp-json\/wp\/v2\/types\/product"}],"replies":[{"embeddable":true,"href":"https:\/\/www.anno1555.com\/cs\/wp-json\/wp\/v2\/comments?post=753"}],"wp:featuredmedia":[{"embeddable":true,"href":"https:\/\/www.anno1555.com\/cs\/wp-json\/wp\/v2\/media\/21582"}],"wp:attachment":[{"href":"https:\/\/www.anno1555.com\/cs\/wp-json\/wp\/v2\/media?parent=753"}],"wp:term":[{"taxonomy":"product_cat","embeddable":true,"href":"https:\/\/www.anno1555.com\/cs\/wp-json\/wp\/v2\/product_cat?post=753"},{"taxonomy":"product_tag","embeddable":true,"href":"https:\/\/www.anno1555.com\/cs\/wp-json\/wp\/v2\/product_tag?post=753"}],"curies":[{"name":"wp","href":"https:\/\/api.w.org\/{rel}","templated":true}]}}