{"id":761,"date":"2020-02-27T15:44:24","date_gmt":"2020-02-27T14:44:24","guid":{"rendered":"https:\/\/www.anno1555.com\/?post_type=product&#038;p=761"},"modified":"2026-04-13T08:04:26","modified_gmt":"2026-04-13T06:04:26","slug":"roter-muskateller","status":"publish","type":"product","link":"https:\/\/www.anno1555.com\/cs\/shop\/roter-muskateller\/","title":{"rendered":"Roter Muskateller (Mu\u0161k\u00e1t \u010derven\u00fd)"},"content":{"rendered":"<div class=\"wpb-content-wrapper\"><p>[vc_row content_placement=&#8220;top&#8220;][vc_column width=&#8220;1\/2&#8243;][vc_column_text text_larger=&#8220;no&#8220; woodmart_inline=&#8220;no&#8220;]<\/p>\n<ul>\n<li>V\u0161estrann\u00e9 a p\u0159ekvapiv\u00e9.<\/li>\n<li>Rarita vegetace: na za\u010d\u00e1tku zr\u00e1n\u00ed hrozny zm\u011bn\u00ed barvu na jasn\u011b \u010dervenou, odtud tak\u00e9 jejich n\u00e1zev. V\u00edno je v\u0161ak b\u00edl\u00e9.<\/li>\n<li>Vo\u0148av\u00e9, okouzluj\u00edc\u00ed, ale p\u0159esto sv\u011b\u017e\u00ed na pat\u0159e s dobr\u00fdm dozvukem.<\/li>\n<li>Obsah:<br \/>\n0,75 l\/11,5\/such\u00e9<br \/>\nObsahuje si\u0159i\u010ditany<\/li>\n<li>Vinobran\u00ed:<br \/>\n2024<\/li>\n<li>P\u016fvod: Weinviertel Doln\u00ed Rakousko<\/li>\n<li>St\u00e1\u010d\u00edrna:<br \/>\nWeingut Hauser<br \/>\nBrunngasse 38<br \/>\n2170 Poysdorf<\/li>\n<\/ul>\n<div id=\"ingredients\">\n<h4 class=\"section-title\">Slo\u017een\u00ed<\/h4>\n<div class=\"text\">\n<p>        Hrozny*, koncentrovan\u00fd hroznov\u00fd mo\u0161t*, konzervanty: si\u0159i\u010ditany*; antioxidant: kyselina L-askorbov\u00e1*. Baleno v ochrann\u00e9 atmosf\u00e9\u0159e.<br \/>\n        <br \/>\n        * z ekologick\u00e9ho zem\u011bd\u011blstv\u00ed<\/p>\n<h4 class=\"section-title\">V\u00fd\u017eivov\u00e9 \u00fadaje<\/h4>\n<div id=\"nutritionalTable\">\n<table style=\"width: 100%; border-collapse: collapse;\" cellspacing=\"0\">\n<thead>\n<tr>\n<th style=\"text-align: left; padding: 8px; border-bottom: 2px solid #000;\"><\/th>\n<th style=\"text-align: right; padding: 8px; border-bottom: 2px solid #000;\">na 100 ml<\/th>\n<\/tr>\n<\/thead>\n<tbody>\n<tr>\n<td style=\"padding: 8px; border-bottom: 1px solid #ddd;\"><strong>Energetick\u00e1 hodnota<\/strong><\/td>\n<td style=\"text-align: right; padding: 8px; border-bottom: 1px solid #ddd;\">\n                            <strong><br \/>\n                                275 kJ<br \/>\n                                66 kcal<br \/>\n                            <\/strong>\n                        <\/td>\n<\/tr>\n<tr>\n<td style=\"padding: 8px; border-bottom: 1px solid #ddd;\"><strong>Tuky<\/strong><\/td>\n<td style=\"text-align: right; padding: 8px; border-bottom: 1px solid #ddd;\"><strong>&lt;0,5 g<\/strong><\/td>\n<\/tr>\n<tr>\n<td style=\"padding: 8px; border-bottom: 1px solid #ddd;\">z toho nasycen\u00e9 mastn\u00e9 kyseliny<\/td>\n<td style=\"text-align: right; padding: 8px; border-bottom: 1px solid #ddd;\">&lt;0,1 g<\/td>\n<\/tr>\n<tr>\n<td style=\"padding: 8px; border-bottom: 1px solid #ddd;\"><strong>Sacharidy<\/strong><\/td>\n<td style=\"text-align: right; padding: 8px; border-bottom: 1px solid #ddd;\"><strong>1,8 g<\/strong><\/td>\n<\/tr>\n<tr>\n<td style=\"padding: 8px; border-bottom: 1px solid #ddd;\">z toho cukry<\/td>\n<td style=\"text-align: right; padding: 8px; border-bottom: 1px solid #ddd;\">1 g<\/td>\n<\/tr>\n<tr>\n<td style=\"padding: 8px; border-bottom: 1px solid #ddd;\"><strong>B\u00edlkoviny<\/strong><\/td>\n<td style=\"text-align: right; padding: 8px; border-bottom: 1px solid #ddd;\"><strong>&lt;0,5 g<\/strong><\/td>\n<\/tr>\n<tr>\n<td style=\"padding: 8px;\"><strong>S\u016fl<\/strong><\/td>\n<td style=\"text-align: right; padding: 8px;\"><strong>&lt;0,01 g<\/strong><\/td>\n<\/tr>\n<\/tbody>\n<\/table><\/div>\n<p>        &nbsp;\n    <\/p><\/div>\n<\/div>\n<p>[\/vc_column_text][\/vc_column][vc_column width=&#8220;1\/2&#8243; css=&#8220;.vc_custom_1490694541710{padding-top: 0px !important;}&#8220;][\/vc_column][\/vc_row]<\/p>\n<\/div>","protected":false},"excerpt":{"rendered":"<p>Je to k zbl\u00e1zn\u011bn\u00ed: Jmenuje se sice \u010derven\u00fd, ale v\u00edno je to b\u00edl\u00e9. Toto v\u00edno je opravdov\u00e1 rarita.<br \/>\nVina\u0159 Werner Hauser byl touto speci\u00e1ln\u00ed odr\u016fdou hrozn\u016f o\u010darov\u00e1n ji\u017e jako mlad\u00fd: Na za\u010d\u00e1tku zr\u00e1n\u00ed se slupka hrozn\u016f zbarv\u00ed \u010derven\u011b, ale du\u017eina z\u016fstane b\u00edl\u00e1. Toto speci\u00e1ln\u00ed v\u00edno mezit\u00edm okouzl\u00ed ka\u017ed\u00e9ho, kdo ho pije. D\u00edky sv\u00e9 speci\u00e1ln\u00ed sv\u011b\u017e\u00ed kv\u011btinov\u00e9 v\u016fni nejen m\u00edrn\u011b p\u0159ipom\u00edn\u00e1 bezov\u00fd kv\u011bt a k\u0159upav\u00e9 zelen\u00e9 ovoce, ale tak\u00e9 vyvol\u00e1v\u00e1 m\u00edrn\u00e9 brn\u011bn\u00ed na pat\u0159e.<\/p>\n","protected":false},"featured_media":21530,"comment_status":"open","ping_status":"closed","template":"","meta":[],"product_cat":[38],"product_tag":[],"class_list":{"0":"post-761","1":"product","2":"type-product","3":"status-publish","4":"has-post-thumbnail","6":"product_cat-hauser-wein","8":"first","9":"instock","10":"taxable","11":"shipping-taxable","12":"purchasable","13":"product-type-simple"},"yoast_head":"<!-- This site is optimized with the Yoast SEO plugin v24.0 - https:\/\/yoast.com\/wordpress\/plugins\/seo\/ -->\n<title>Roter Muskateller (Mu\u0161k\u00e1t \u010derven\u00fd) - Anno1555<\/title>\n<meta name=\"robots\" content=\"index, follow, max-snippet:-1, max-image-preview:large, max-video-preview:-1\" \/>\n<link rel=\"canonical\" href=\"https:\/\/www.anno1555.com\/cs\/shop\/roter-muskateller\/\" \/>\n<meta property=\"og:locale\" content=\"cs_CZ\" \/>\n<meta property=\"og:type\" content=\"article\" \/>\n<meta property=\"og:title\" content=\"Roter Muskateller\" \/>\n<meta property=\"og:description\" content=\"Verr\u00fcckt: Hei\u00dft zwar rot, ist aber wei\u00df. Dieser Wein ist eine echte Rarit\u00e4t. Weinmacher Werner Hauser war schon als junger Winzer von dieser besonderen Rebsorte verzaubert: Zu Reifebeginn verf\u00e4rbt sich die Schale der Traube rot, das Fleisch bleibt jedoch wei\u00df. Mittlerweile verzaubert dieser besondere Wein alle, die ihn trinken. Mit seinem besonderen frischen, floralen Aroma erinnert er nicht nur leicht an Holunderbl\u00fcten und knackige gr\u00fcne Fr\u00fcchte, sondern impliziert auch ein leichtes Prickeln am Gaumen.\" \/>\n<meta property=\"og:url\" content=\"https:\/\/www.anno1555.com\/cs\/shop\/roter-muskateller\/\" \/>\n<meta property=\"og:site_name\" content=\"Anno1555\" \/>\n<meta property=\"article:publisher\" content=\"https:\/\/www.facebook.com\/anno1555\" \/>\n<meta property=\"article:modified_time\" content=\"2026-04-13T06:04:26+00:00\" \/>\n<meta property=\"og:image\" content=\"https:\/\/www.anno1555.com\/wp-content\/uploads\/2020\/02\/roter-muskateller_social.jpg\" \/>\n\t<meta property=\"og:image:width\" content=\"1366\" \/>\n\t<meta property=\"og:image:height\" content=\"768\" \/>\n\t<meta property=\"og:image:type\" content=\"image\/jpeg\" \/>\n<meta name=\"twitter:card\" content=\"summary_large_image\" \/>\n<script type=\"application\/ld+json\" class=\"yoast-schema-graph\">{\"@context\":\"https:\/\/schema.org\",\"@graph\":[{\"@type\":\"WebPage\",\"@id\":\"https:\/\/www.anno1555.com\/cs\/shop\/roter-muskateller\/\",\"url\":\"https:\/\/www.anno1555.com\/cs\/shop\/roter-muskateller\/\",\"name\":\"Roter Muskateller (Mu\u0161k\u00e1t \u010derven\u00fd) - Anno1555\",\"isPartOf\":{\"@id\":\"https:\/\/www.anno1555.com\/cs\/#website\"},\"primaryImageOfPage\":{\"@id\":\"https:\/\/www.anno1555.com\/cs\/shop\/roter-muskateller\/#primaryimage\"},\"image\":{\"@id\":\"https:\/\/www.anno1555.com\/shop\/roter-muskateller\/#primaryimage\"},\"thumbnailUrl\":\"https:\/\/www.anno1555.com\/wp-content\/uploads\/2020\/02\/shop_roter-muskatellerr.png\",\"datePublished\":\"2020-02-27T14:44:24+00:00\",\"dateModified\":\"2026-04-13T06:04:26+00:00\",\"breadcrumb\":{\"@id\":\"https:\/\/www.anno1555.com\/cs\/shop\/roter-muskateller\/#breadcrumb\"},\"inLanguage\":\"cs\",\"potentialAction\":[{\"@type\":\"ReadAction\",\"target\":[[\"https:\/\/www.anno1555.com\/cs\/shop\/roter-muskateller\/\"]]}]},{\"@type\":\"ImageObject\",\"inLanguage\":\"cs\",\"@id\":\"https:\/\/www.anno1555.com\/cs\/shop\/roter-muskateller\/#primaryimage\",\"url\":\"https:\/\/www.anno1555.com\/wp-content\/uploads\/2020\/02\/shop_roter-muskatellerr.png\",\"contentUrl\":\"https:\/\/www.anno1555.com\/wp-content\/uploads\/2020\/02\/shop_roter-muskatellerr.png\",\"width\":600,\"height\":600},{\"@type\":\"BreadcrumbList\",\"@id\":\"https:\/\/www.anno1555.com\/cs\/shop\/roter-muskateller\/#breadcrumb\",\"itemListElement\":[{\"@type\":\"ListItem\",\"position\":1,\"name\":\"Startseite\",\"item\":\"https:\/\/www.anno1555.com\/cs\/\"},{\"@type\":\"ListItem\",\"position\":2,\"name\":\"Shop\",\"item\":\"https:\/\/www.anno1555.com\/cs\/shop\/\"},{\"@type\":\"ListItem\",\"position\":3,\"name\":\"Roter Muskateller\"}]},{\"@type\":\"WebSite\",\"@id\":\"https:\/\/www.anno1555.com\/cs\/#website\",\"url\":\"https:\/\/www.anno1555.com\/cs\/\",\"name\":\"Anno1555\",\"description\":\"Hauser Wein, Jus(t), Geschein\",\"potentialAction\":[{\"@type\":\"SearchAction\",\"target\":{\"@type\":\"EntryPoint\",\"urlTemplate\":\"https:\/\/www.anno1555.com\/cs\/?s={search_term_string}\"},\"query-input\":{\"@type\":\"PropertyValueSpecification\",\"valueRequired\":true,\"valueName\":\"search_term_string\"}}],\"inLanguage\":\"cs\"}]}<\/script>\n<!-- \/ Yoast SEO plugin. -->","yoast_head_json":{"title":"Roter Muskateller (Mu\u0161k\u00e1t \u010derven\u00fd) - Anno1555","robots":{"index":"index","follow":"follow","max-snippet":"max-snippet:-1","max-image-preview":"max-image-preview:large","max-video-preview":"max-video-preview:-1"},"canonical":"https:\/\/www.anno1555.com\/cs\/shop\/roter-muskateller\/","og_locale":"cs_CZ","og_type":"article","og_title":"Roter Muskateller","og_description":"Verr\u00fcckt: Hei\u00dft zwar rot, ist aber wei\u00df. Dieser Wein ist eine echte Rarit\u00e4t. Weinmacher Werner Hauser war schon als junger Winzer von dieser besonderen Rebsorte verzaubert: Zu Reifebeginn verf\u00e4rbt sich die Schale der Traube rot, das Fleisch bleibt jedoch wei\u00df. Mittlerweile verzaubert dieser besondere Wein alle, die ihn trinken. Mit seinem besonderen frischen, floralen Aroma erinnert er nicht nur leicht an Holunderbl\u00fcten und knackige gr\u00fcne Fr\u00fcchte, sondern impliziert auch ein leichtes Prickeln am Gaumen.","og_url":"https:\/\/www.anno1555.com\/cs\/shop\/roter-muskateller\/","og_site_name":"Anno1555","article_publisher":"https:\/\/www.facebook.com\/anno1555","article_modified_time":"2026-04-13T06:04:26+00:00","og_image":[{"width":1366,"height":768,"url":"https:\/\/www.anno1555.com\/wp-content\/uploads\/2020\/02\/roter-muskateller_social.jpg","type":"image\/jpeg"}],"twitter_card":"summary_large_image","schema":{"@context":"https:\/\/schema.org","@graph":[{"@type":"WebPage","@id":"https:\/\/www.anno1555.com\/cs\/shop\/roter-muskateller\/","url":"https:\/\/www.anno1555.com\/cs\/shop\/roter-muskateller\/","name":"Roter Muskateller (Mu\u0161k\u00e1t \u010derven\u00fd) - Anno1555","isPartOf":{"@id":"https:\/\/www.anno1555.com\/cs\/#website"},"primaryImageOfPage":{"@id":"https:\/\/www.anno1555.com\/cs\/shop\/roter-muskateller\/#primaryimage"},"image":{"@id":"https:\/\/www.anno1555.com\/shop\/roter-muskateller\/#primaryimage"},"thumbnailUrl":"https:\/\/www.anno1555.com\/wp-content\/uploads\/2020\/02\/shop_roter-muskatellerr.png","datePublished":"2020-02-27T14:44:24+00:00","dateModified":"2026-04-13T06:04:26+00:00","breadcrumb":{"@id":"https:\/\/www.anno1555.com\/cs\/shop\/roter-muskateller\/#breadcrumb"},"inLanguage":"cs","potentialAction":[{"@type":"ReadAction","target":[["https:\/\/www.anno1555.com\/cs\/shop\/roter-muskateller\/"]]}]},{"@type":"ImageObject","inLanguage":"cs","@id":"https:\/\/www.anno1555.com\/cs\/shop\/roter-muskateller\/#primaryimage","url":"https:\/\/www.anno1555.com\/wp-content\/uploads\/2020\/02\/shop_roter-muskatellerr.png","contentUrl":"https:\/\/www.anno1555.com\/wp-content\/uploads\/2020\/02\/shop_roter-muskatellerr.png","width":600,"height":600},{"@type":"BreadcrumbList","@id":"https:\/\/www.anno1555.com\/cs\/shop\/roter-muskateller\/#breadcrumb","itemListElement":[{"@type":"ListItem","position":1,"name":"Startseite","item":"https:\/\/www.anno1555.com\/cs\/"},{"@type":"ListItem","position":2,"name":"Shop","item":"https:\/\/www.anno1555.com\/cs\/shop\/"},{"@type":"ListItem","position":3,"name":"Roter Muskateller"}]},{"@type":"WebSite","@id":"https:\/\/www.anno1555.com\/cs\/#website","url":"https:\/\/www.anno1555.com\/cs\/","name":"Anno1555","description":"Hauser Wein, Jus(t), Geschein","potentialAction":[{"@type":"SearchAction","target":{"@type":"EntryPoint","urlTemplate":"https:\/\/www.anno1555.com\/cs\/?s={search_term_string}"},"query-input":{"@type":"PropertyValueSpecification","valueRequired":true,"valueName":"search_term_string"}}],"inLanguage":"cs"}]}},"_links":{"self":[{"href":"https:\/\/www.anno1555.com\/cs\/wp-json\/wp\/v2\/product\/761","targetHints":{"allow":["GET"]}}],"collection":[{"href":"https:\/\/www.anno1555.com\/cs\/wp-json\/wp\/v2\/product"}],"about":[{"href":"https:\/\/www.anno1555.com\/cs\/wp-json\/wp\/v2\/types\/product"}],"replies":[{"embeddable":true,"href":"https:\/\/www.anno1555.com\/cs\/wp-json\/wp\/v2\/comments?post=761"}],"wp:featuredmedia":[{"embeddable":true,"href":"https:\/\/www.anno1555.com\/cs\/wp-json\/wp\/v2\/media\/21530"}],"wp:attachment":[{"href":"https:\/\/www.anno1555.com\/cs\/wp-json\/wp\/v2\/media?parent=761"}],"wp:term":[{"taxonomy":"product_cat","embeddable":true,"href":"https:\/\/www.anno1555.com\/cs\/wp-json\/wp\/v2\/product_cat?post=761"},{"taxonomy":"product_tag","embeddable":true,"href":"https:\/\/www.anno1555.com\/cs\/wp-json\/wp\/v2\/product_tag?post=761"}],"curies":[{"name":"wp","href":"https:\/\/api.w.org\/{rel}","templated":true}]}}