{"id":764,"date":"2020-02-27T16:04:30","date_gmt":"2020-02-27T15:04:30","guid":{"rendered":"https:\/\/www.anno1555.com\/?post_type=product&#038;p=764"},"modified":"2026-01-11T11:52:18","modified_gmt":"2026-01-11T10:52:18","slug":"friends","status":"publish","type":"product","link":"https:\/\/www.anno1555.com\/cs\/shop\/friends\/","title":{"rendered":"FRIENDS Rotweincuv\u00e8e (Cuv\u00e9e z \u010derven\u00e9ho v\u00edna)"},"content":{"rendered":"<div class=\"wpb-content-wrapper\"><p>[vc_row content_placement=&#8220;top&#8220;][vc_column width=&#8220;1\/2&#8243;][vc_column_text text_larger=&#8220;no&#8220; woodmart_inline=&#8220;no&#8220;]<\/p>\n<ul>\n<li>Jasn\u011b \u010derven\u00e1 s hlubok\u00fdm ovocem.<\/li>\n<li>Burgundsk\u00fd nos s n\u00e1dechem Weinviertelu v dozvuku.<\/li>\n<li>\u010c\u00edm star\u0161\u00ed, t\u00edm lep\u0161\u00ed!<\/li>\n<li>Obsah:<br \/>\n0,75 l\/13%\/such\u00e9<br \/>\nObsahuje si\u0159i\u010ditany<\/li>\n<li>Vinobran\u00ed:<br \/>\n2016<\/li>\n<li>P\u016fvod: Weinviertel Doln\u00ed Rakousko<\/li>\n<li>St\u00e1\u010d\u00edrna:<br \/>\nWeingut Hauser<br \/>\nBrunngasse 38<br \/>\n2170 Poysdorf<\/li>\n<\/ul>\n<div id=\"ingredients\">\n<h4 class=\"section-title\">Slo\u017een\u00ed<\/h4>\n<div class=\"text\">\n<p>        Hrozny*, koncentrovan\u00fd hroznov\u00fd mo\u0161t*, konzervanty: si\u0159i\u010ditany*; antioxidant: kyselina L-askorbov\u00e1*. Baleno v ochrann\u00e9 atmosf\u00e9\u0159e.<br \/>\n        <br \/>\n        * z ekologick\u00e9ho zem\u011bd\u011blstv\u00ed<\/p>\n<h4 class=\"section-title\">V\u00fd\u017eivov\u00e9 \u00fadaje<\/h4>\n<div id=\"nutritionalTable\">\n<table style=\"width: 100%; border-collapse: collapse;\" cellspacing=\"0\">\n<thead>\n<tr>\n<th style=\"text-align: left; padding: 8px; border-bottom: 2px solid #000;\"><\/th>\n<th style=\"text-align: right; padding: 8px; border-bottom: 2px solid #000;\">na 100 ml<\/th>\n<\/tr>\n<\/thead>\n<tbody>\n<tr>\n<td style=\"padding: 8px; border-bottom: 1px solid #ddd;\"><strong>Energetick\u00e1 hodnota<\/strong><\/td>\n<td style=\"text-align: right; padding: 8px; border-bottom: 1px solid #ddd;\">\n                            <strong><br \/>\n                                275 kJ<br \/>\n                                66 kcal<br \/>\n                            <\/strong>\n                        <\/td>\n<\/tr>\n<tr>\n<td style=\"padding: 8px; border-bottom: 1px solid #ddd;\"><strong>Tuky<\/strong><\/td>\n<td style=\"text-align: right; padding: 8px; border-bottom: 1px solid #ddd;\"><strong>&lt;0,5 g<\/strong><\/td>\n<\/tr>\n<tr>\n<td style=\"padding: 8px; border-bottom: 1px solid #ddd;\">z toho nasycen\u00e9 mastn\u00e9 kyseliny<\/td>\n<td style=\"text-align: right; padding: 8px; border-bottom: 1px solid #ddd;\">&lt;0,1 g<\/td>\n<\/tr>\n<tr>\n<td style=\"padding: 8px; border-bottom: 1px solid #ddd;\"><strong>Sacharidy<\/strong><\/td>\n<td style=\"text-align: right; padding: 8px; border-bottom: 1px solid #ddd;\"><strong>1,8 g<\/strong><\/td>\n<\/tr>\n<tr>\n<td style=\"padding: 8px; border-bottom: 1px solid #ddd;\">z toho cukry<\/td>\n<td style=\"text-align: right; padding: 8px; border-bottom: 1px solid #ddd;\">1 g<\/td>\n<\/tr>\n<tr>\n<td style=\"padding: 8px; border-bottom: 1px solid #ddd;\"><strong>B\u00edlkoviny<\/strong><\/td>\n<td style=\"text-align: right; padding: 8px; border-bottom: 1px solid #ddd;\"><strong>&lt;0,5 g<\/strong><\/td>\n<\/tr>\n<tr>\n<td style=\"padding: 8px;\"><strong>S\u016fl<\/strong><\/td>\n<td style=\"text-align: right; padding: 8px;\"><strong>&lt;0,01 g<\/strong><\/td>\n<\/tr>\n<\/tbody>\n<\/table><\/div>\n<p>        &nbsp;\n    <\/p><\/div>\n<\/div>\n<p>[\/vc_column_text][\/vc_column][vc_column width=&#8220;1\/2&#8243; css=&#8220;.vc_custom_1490694541710{padding-top: 0px !important;}&#8220;][\/vc_column][\/vc_row]<\/p>\n<\/div>","protected":false},"excerpt":{"rendered":"<p>\u010cas na poh\u00e1dku: Toto geni\u00e1ln\u00ed v\u00edno se vlastn\u011b vyno\u0159ilo z opil\u00e9ho obli\u010deje dvou p\u0159\u00e1tel. FRIENDS je esenc\u00ed nejlep\u0161\u00edch \u010derven\u00fdch v\u00edn Pinot noir, Cabernet Sauvignon a Zweigelt z vina\u0159stv\u00ed Werner Hauser a Michael Martin. Vintage cuv\u00e9e \u0161pi\u010dkov\u00e9 t\u0159\u00eddy, zde se navz\u00e1jem dopl\u0148uj\u00ed siln\u00e9 str\u00e1nky a vytv\u00e1\u0159ej\u00ed harmonickou symfonii se st\u00e1le nov\u00fdmi dojmy: \u017eiv\u00e9 ovoce, ohniv\u00e9 v\u016fn\u011b, ji\u017e nyn\u00ed \u010dist\u00e9 pot\u011b\u0161en\u00ed z pit\u00ed &#8211; u\u017eijte si tuto kompozici. \u00dazk\u00e9 pouto, nezi\u0161tn\u00e1 pomoc, st\u00e1t p\u0159i sob\u011b \u2013 proj\u00edt \u017eivotem spole\u010dn\u011b.<\/p>\n","protected":false},"featured_media":1244,"comment_status":"open","ping_status":"closed","template":"","meta":[],"product_cat":[38],"product_tag":[],"class_list":{"0":"post-764","1":"product","2":"type-product","3":"status-publish","4":"has-post-thumbnail","6":"product_cat-hauser-wein","8":"first","9":"instock","10":"taxable","11":"shipping-taxable","12":"purchasable","13":"product-type-simple"},"yoast_head":"<!-- This site is optimized with the Yoast SEO plugin v24.0 - https:\/\/yoast.com\/wordpress\/plugins\/seo\/ -->\n<title>FRIENDS Rotweincuv\u00e8e (Cuv\u00e9e z \u010derven\u00e9ho v\u00edna) - Anno1555<\/title>\n<meta name=\"robots\" content=\"index, follow, max-snippet:-1, max-image-preview:large, max-video-preview:-1\" \/>\n<link rel=\"canonical\" href=\"https:\/\/www.anno1555.com\/cs\/shop\/friends\/\" \/>\n<meta property=\"og:locale\" content=\"cs_CZ\" \/>\n<meta property=\"og:type\" content=\"article\" \/>\n<meta property=\"og:title\" content=\"FRIENDS Rotweincuv\u00e8e\" \/>\n<meta property=\"og:description\" content=\"Storytime: Dieser geniale Wein entstand tats\u00e4chlich aus einer b\u2019soffenen G\u2019schicht zweier Freunde. FRIENDS ist die Essenz der besten Rotweine Pinot noir, Cabernet Sauvignon und Zweigelt aus den Weing\u00fctern Werner Hauser und Michael Martin. Ein Jahrgangscuvee der Spitzenklasse, hier erg\u00e4nzen sich die St\u00e4rken zu einer harmonischen Symphonie mit immer neuen Eindr\u00fccken: lebendige Frucht, feurige Aromen, schon jetzt ein pures Trinkvergn\u00fcgen \u2013 genie\u00dfen sie diese Komposition.Innige Verbundenheit, selbstloses Helfen, zueinander stehen \u2013 gemeinsam durch das Leben gehen.\" \/>\n<meta property=\"og:url\" content=\"https:\/\/www.anno1555.com\/cs\/shop\/friends\/\" \/>\n<meta property=\"og:site_name\" content=\"Anno1555\" \/>\n<meta property=\"article:publisher\" content=\"https:\/\/www.facebook.com\/anno1555\" \/>\n<meta property=\"article:modified_time\" content=\"2026-01-11T10:52:18+00:00\" \/>\n<meta property=\"og:image\" content=\"https:\/\/www.anno1555.com\/wp-content\/uploads\/2020\/02\/friends_rot_social.jpg\" \/>\n\t<meta property=\"og:image:width\" content=\"1366\" \/>\n\t<meta property=\"og:image:height\" content=\"768\" \/>\n\t<meta property=\"og:image:type\" content=\"image\/jpeg\" \/>\n<meta name=\"twitter:card\" content=\"summary_large_image\" \/>\n<script type=\"application\/ld+json\" class=\"yoast-schema-graph\">{\"@context\":\"https:\/\/schema.org\",\"@graph\":[{\"@type\":\"WebPage\",\"@id\":\"https:\/\/www.anno1555.com\/cs\/shop\/friends\/\",\"url\":\"https:\/\/www.anno1555.com\/cs\/shop\/friends\/\",\"name\":\"FRIENDS Rotweincuv\u00e8e (Cuv\u00e9e z \u010derven\u00e9ho v\u00edna) - Anno1555\",\"isPartOf\":{\"@id\":\"https:\/\/www.anno1555.com\/cs\/#website\"},\"primaryImageOfPage\":{\"@id\":\"https:\/\/www.anno1555.com\/cs\/shop\/friends\/#primaryimage\"},\"image\":{\"@id\":\"https:\/\/www.anno1555.com\/shop\/friends\/#primaryimage\"},\"thumbnailUrl\":\"https:\/\/www.anno1555.com\/wp-content\/uploads\/2020\/02\/shop_friends_rot.png\",\"datePublished\":\"2020-02-27T15:04:30+00:00\",\"dateModified\":\"2026-01-11T10:52:18+00:00\",\"breadcrumb\":{\"@id\":\"https:\/\/www.anno1555.com\/cs\/shop\/friends\/#breadcrumb\"},\"inLanguage\":\"cs\",\"potentialAction\":[{\"@type\":\"ReadAction\",\"target\":[[\"https:\/\/www.anno1555.com\/cs\/shop\/friends\/\"]]}]},{\"@type\":\"ImageObject\",\"inLanguage\":\"cs\",\"@id\":\"https:\/\/www.anno1555.com\/cs\/shop\/friends\/#primaryimage\",\"url\":\"https:\/\/www.anno1555.com\/wp-content\/uploads\/2020\/02\/shop_friends_rot.png\",\"contentUrl\":\"https:\/\/www.anno1555.com\/wp-content\/uploads\/2020\/02\/shop_friends_rot.png\",\"width\":600,\"height\":600,\"caption\":\"FRIENDS Rotweincuv\u00e8e. Strahlendes Rot mit tiefer Frucht. Burgundische Nase mit Weinviertler Note im Abgang. Je \u00e4lter, desto besser!\"},{\"@type\":\"BreadcrumbList\",\"@id\":\"https:\/\/www.anno1555.com\/cs\/shop\/friends\/#breadcrumb\",\"itemListElement\":[{\"@type\":\"ListItem\",\"position\":1,\"name\":\"Startseite\",\"item\":\"https:\/\/www.anno1555.com\/cs\/\"},{\"@type\":\"ListItem\",\"position\":2,\"name\":\"Shop\",\"item\":\"https:\/\/www.anno1555.com\/cs\/shop\/\"},{\"@type\":\"ListItem\",\"position\":3,\"name\":\"FRIENDS Rotweincuv\u00e8e\"}]},{\"@type\":\"WebSite\",\"@id\":\"https:\/\/www.anno1555.com\/cs\/#website\",\"url\":\"https:\/\/www.anno1555.com\/cs\/\",\"name\":\"Anno1555\",\"description\":\"Hauser Wein, Jus(t), Geschein\",\"potentialAction\":[{\"@type\":\"SearchAction\",\"target\":{\"@type\":\"EntryPoint\",\"urlTemplate\":\"https:\/\/www.anno1555.com\/cs\/?s={search_term_string}\"},\"query-input\":{\"@type\":\"PropertyValueSpecification\",\"valueRequired\":true,\"valueName\":\"search_term_string\"}}],\"inLanguage\":\"cs\"}]}<\/script>\n<!-- \/ Yoast SEO plugin. -->","yoast_head_json":{"title":"FRIENDS Rotweincuv\u00e8e (Cuv\u00e9e z \u010derven\u00e9ho v\u00edna) - Anno1555","robots":{"index":"index","follow":"follow","max-snippet":"max-snippet:-1","max-image-preview":"max-image-preview:large","max-video-preview":"max-video-preview:-1"},"canonical":"https:\/\/www.anno1555.com\/cs\/shop\/friends\/","og_locale":"cs_CZ","og_type":"article","og_title":"FRIENDS Rotweincuv\u00e8e","og_description":"Storytime: Dieser geniale Wein entstand tats\u00e4chlich aus einer b\u2019soffenen G\u2019schicht zweier Freunde. FRIENDS ist die Essenz der besten Rotweine Pinot noir, Cabernet Sauvignon und Zweigelt aus den Weing\u00fctern Werner Hauser und Michael Martin. Ein Jahrgangscuvee der Spitzenklasse, hier erg\u00e4nzen sich die St\u00e4rken zu einer harmonischen Symphonie mit immer neuen Eindr\u00fccken: lebendige Frucht, feurige Aromen, schon jetzt ein pures Trinkvergn\u00fcgen \u2013 genie\u00dfen sie diese Komposition.Innige Verbundenheit, selbstloses Helfen, zueinander stehen \u2013 gemeinsam durch das Leben gehen.","og_url":"https:\/\/www.anno1555.com\/cs\/shop\/friends\/","og_site_name":"Anno1555","article_publisher":"https:\/\/www.facebook.com\/anno1555","article_modified_time":"2026-01-11T10:52:18+00:00","og_image":[{"width":1366,"height":768,"url":"https:\/\/www.anno1555.com\/wp-content\/uploads\/2020\/02\/friends_rot_social.jpg","type":"image\/jpeg"}],"twitter_card":"summary_large_image","schema":{"@context":"https:\/\/schema.org","@graph":[{"@type":"WebPage","@id":"https:\/\/www.anno1555.com\/cs\/shop\/friends\/","url":"https:\/\/www.anno1555.com\/cs\/shop\/friends\/","name":"FRIENDS Rotweincuv\u00e8e (Cuv\u00e9e z \u010derven\u00e9ho v\u00edna) - Anno1555","isPartOf":{"@id":"https:\/\/www.anno1555.com\/cs\/#website"},"primaryImageOfPage":{"@id":"https:\/\/www.anno1555.com\/cs\/shop\/friends\/#primaryimage"},"image":{"@id":"https:\/\/www.anno1555.com\/shop\/friends\/#primaryimage"},"thumbnailUrl":"https:\/\/www.anno1555.com\/wp-content\/uploads\/2020\/02\/shop_friends_rot.png","datePublished":"2020-02-27T15:04:30+00:00","dateModified":"2026-01-11T10:52:18+00:00","breadcrumb":{"@id":"https:\/\/www.anno1555.com\/cs\/shop\/friends\/#breadcrumb"},"inLanguage":"cs","potentialAction":[{"@type":"ReadAction","target":[["https:\/\/www.anno1555.com\/cs\/shop\/friends\/"]]}]},{"@type":"ImageObject","inLanguage":"cs","@id":"https:\/\/www.anno1555.com\/cs\/shop\/friends\/#primaryimage","url":"https:\/\/www.anno1555.com\/wp-content\/uploads\/2020\/02\/shop_friends_rot.png","contentUrl":"https:\/\/www.anno1555.com\/wp-content\/uploads\/2020\/02\/shop_friends_rot.png","width":600,"height":600,"caption":"FRIENDS Rotweincuv\u00e8e. Strahlendes Rot mit tiefer Frucht. Burgundische Nase mit Weinviertler Note im Abgang. Je \u00e4lter, desto besser!"},{"@type":"BreadcrumbList","@id":"https:\/\/www.anno1555.com\/cs\/shop\/friends\/#breadcrumb","itemListElement":[{"@type":"ListItem","position":1,"name":"Startseite","item":"https:\/\/www.anno1555.com\/cs\/"},{"@type":"ListItem","position":2,"name":"Shop","item":"https:\/\/www.anno1555.com\/cs\/shop\/"},{"@type":"ListItem","position":3,"name":"FRIENDS Rotweincuv\u00e8e"}]},{"@type":"WebSite","@id":"https:\/\/www.anno1555.com\/cs\/#website","url":"https:\/\/www.anno1555.com\/cs\/","name":"Anno1555","description":"Hauser Wein, Jus(t), Geschein","potentialAction":[{"@type":"SearchAction","target":{"@type":"EntryPoint","urlTemplate":"https:\/\/www.anno1555.com\/cs\/?s={search_term_string}"},"query-input":{"@type":"PropertyValueSpecification","valueRequired":true,"valueName":"search_term_string"}}],"inLanguage":"cs"}]}},"_links":{"self":[{"href":"https:\/\/www.anno1555.com\/cs\/wp-json\/wp\/v2\/product\/764","targetHints":{"allow":["GET"]}}],"collection":[{"href":"https:\/\/www.anno1555.com\/cs\/wp-json\/wp\/v2\/product"}],"about":[{"href":"https:\/\/www.anno1555.com\/cs\/wp-json\/wp\/v2\/types\/product"}],"replies":[{"embeddable":true,"href":"https:\/\/www.anno1555.com\/cs\/wp-json\/wp\/v2\/comments?post=764"}],"wp:featuredmedia":[{"embeddable":true,"href":"https:\/\/www.anno1555.com\/cs\/wp-json\/wp\/v2\/media\/1244"}],"wp:attachment":[{"href":"https:\/\/www.anno1555.com\/cs\/wp-json\/wp\/v2\/media?parent=764"}],"wp:term":[{"taxonomy":"product_cat","embeddable":true,"href":"https:\/\/www.anno1555.com\/cs\/wp-json\/wp\/v2\/product_cat?post=764"},{"taxonomy":"product_tag","embeddable":true,"href":"https:\/\/www.anno1555.com\/cs\/wp-json\/wp\/v2\/product_tag?post=764"}],"curies":[{"name":"wp","href":"https:\/\/api.w.org\/{rel}","templated":true}]}}