{"id":765,"date":"2020-02-27T16:08:23","date_gmt":"2020-02-27T15:08:23","guid":{"rendered":"https:\/\/www.anno1555.com\/?post_type=product&#038;p=765"},"modified":"2026-01-11T11:52:46","modified_gmt":"2026-01-11T10:52:46","slug":"riesling","status":"publish","type":"product","link":"https:\/\/www.anno1555.com\/cs\/shop\/riesling\/","title":{"rendered":"Riesling (Ryzlink r\u00fdnsk\u00fd)"},"content":{"rendered":"<div class=\"wpb-content-wrapper\"><p>[vc_row content_placement=&#8220;top&#8220;][vc_column width=&#8220;1\/2&#8243;][vc_column_text text_larger=&#8220;no&#8220; woodmart_inline=&#8220;no&#8220;]<\/p>\n<ul>\n<li>Po n\u011bkolika skleni\u010dk\u00e1ch je to legrace!<\/li>\n<li>Vd\u011b\u010dn\u00e9 za skladov\u00e1n\u00ed<\/li>\n<li>Skv\u011bl\u00fd spole\u010dn\u00edk k j\u00eddlu.<\/li>\n<li>Obsah:<br \/>\n0,75 l\/12,5%\/such\u00e9<br \/>\nObsahuje si\u0159i\u010ditany<\/li>\n<li>Vinobran\u00ed:<br \/>\n2024<\/li>\n<li>P\u016fvod: Weinviertel Doln\u00ed Rakousko<\/li>\n<li>St\u00e1\u010d\u00edrna:<br \/>\nWeingut Hauser<br \/>\nBrunngasse 38<br \/>\n2170 Poysdorf<\/li>\n<\/ul>\n<div id=\"ingredients\">\n<h4 class=\"section-title\">Slo\u017een\u00ed<\/h4>\n<div class=\"text\">\n<p>        Hrozny*, koncentrovan\u00fd hroznov\u00fd mo\u0161t*, konzervanty: si\u0159i\u010ditany*; antioxidant: kyselina L-askorbov\u00e1*. Baleno v ochrann\u00e9 atmosf\u00e9\u0159e.<br \/>\n        <br \/>\n        * z ekologick\u00e9ho zem\u011bd\u011blstv\u00ed<\/p>\n<h4 class=\"section-title\">V\u00fd\u017eivov\u00e9 \u00fadaje<\/h4>\n<div id=\"nutritionalTable\">\n<table style=\"width: 100%; border-collapse: collapse;\" cellspacing=\"0\">\n<thead>\n<tr>\n<th style=\"text-align: left; padding: 8px; border-bottom: 2px solid #000;\"><\/th>\n<th style=\"text-align: right; padding: 8px; border-bottom: 2px solid #000;\">na 100 ml<\/th>\n<\/tr>\n<\/thead>\n<tbody>\n<tr>\n<td style=\"padding: 8px; border-bottom: 1px solid #ddd;\"><strong>Energetick\u00e1 hodnota<\/strong><\/td>\n<td style=\"text-align: right; padding: 8px; border-bottom: 1px solid #ddd;\">\n                            <strong><br \/>\n                                275 kJ<br \/>\n                                66 kcal<br \/>\n                            <\/strong>\n                        <\/td>\n<\/tr>\n<tr>\n<td style=\"padding: 8px; border-bottom: 1px solid #ddd;\"><strong>Tuky<\/strong><\/td>\n<td style=\"text-align: right; padding: 8px; border-bottom: 1px solid #ddd;\"><strong>&lt;0,5 g<\/strong><\/td>\n<\/tr>\n<tr>\n<td style=\"padding: 8px; border-bottom: 1px solid #ddd;\">z toho nasycen\u00e9 mastn\u00e9 kyseliny<\/td>\n<td style=\"text-align: right; padding: 8px; border-bottom: 1px solid #ddd;\">&lt;0,1 g<\/td>\n<\/tr>\n<tr>\n<td style=\"padding: 8px; border-bottom: 1px solid #ddd;\"><strong>Sacharidy<\/strong><\/td>\n<td style=\"text-align: right; padding: 8px; border-bottom: 1px solid #ddd;\"><strong>1,8 g<\/strong><\/td>\n<\/tr>\n<tr>\n<td style=\"padding: 8px; border-bottom: 1px solid #ddd;\">z toho cukry<\/td>\n<td style=\"text-align: right; padding: 8px; border-bottom: 1px solid #ddd;\">1 g<\/td>\n<\/tr>\n<tr>\n<td style=\"padding: 8px; border-bottom: 1px solid #ddd;\"><strong>B\u00edlkoviny<\/strong><\/td>\n<td style=\"text-align: right; padding: 8px; border-bottom: 1px solid #ddd;\"><strong>&lt;0,5 g<\/strong><\/td>\n<\/tr>\n<tr>\n<td style=\"padding: 8px;\"><strong>S\u016fl<\/strong><\/td>\n<td style=\"text-align: right; padding: 8px;\"><strong>&lt;0,01 g<\/strong><\/td>\n<\/tr>\n<\/tbody>\n<\/table><\/div>\n<p>        &nbsp;\n    <\/p><\/div>\n<\/div>\n<p>[\/vc_column_text][\/vc_column][vc_column width=&#8220;1\/2&#8243; css=&#8220;.vc_custom_1490694541710{padding-top: 0px !important;}&#8220;][\/vc_column][\/vc_row]<\/p>\n<\/div>","protected":false},"excerpt":{"rendered":"<p>Delik\u00e1tn\u00ed v\u00edno s velmi jemnou, elegantn\u00ed v\u016fn\u00ed broskv\u00ed a citrus\u016f a lehk\u00fdmi t\u00f3ny \u010derstv\u011b posekan\u00e9 letn\u00ed louky &#8211; elegantn\u00ed, jemn\u00e1 ovocn\u00e1 sladkost, u\u0161lechtile sv\u011b\u017e\u00ed, pohr\u00e1vaj\u00edc si na pat\u0159e s v\u00fdraznou ovocnou sm\u011bs\u00ed a siln\u00fdm t\u011blem &#8211; slibn\u00e9 v\u00edno pro bezstarostn\u00e9 hodiny ve dvou.<\/p>\n","protected":false},"featured_media":21618,"comment_status":"open","ping_status":"closed","template":"","meta":[],"product_cat":[38],"product_tag":[],"class_list":{"0":"post-765","1":"product","2":"type-product","3":"status-publish","4":"has-post-thumbnail","6":"product_cat-hauser-wein","8":"first","9":"instock","10":"taxable","11":"shipping-taxable","12":"purchasable","13":"product-type-simple"},"yoast_head":"<!-- This site is optimized with the Yoast SEO plugin v24.0 - https:\/\/yoast.com\/wordpress\/plugins\/seo\/ -->\n<title>Riesling (Ryzlink r\u00fdnsk\u00fd) - Anno1555<\/title>\n<meta name=\"robots\" content=\"index, follow, max-snippet:-1, max-image-preview:large, max-video-preview:-1\" \/>\n<link rel=\"canonical\" href=\"https:\/\/www.anno1555.com\/cs\/shop\/riesling\/\" \/>\n<meta property=\"og:locale\" content=\"cs_CZ\" \/>\n<meta property=\"og:type\" content=\"article\" \/>\n<meta property=\"og:title\" content=\"Riesling\" \/>\n<meta property=\"og:description\" content=\"Ein finessenreicher Wein mit sehr feinen, eleganten Pfirsich- und Zitrusaromen und leichten Ankl\u00e4ngen einer frisch gem\u00e4hten Sommerwiese \u2013 eine vornehme, zarte Fruchts\u00fc\u00dfe, rassig frisch, am Gaumen verspielt mit ausgepr\u00e4gtem Fruchtschmelz und kr\u00e4ftigem K\u00f6rper \u2013 ein viel versprechender Wein f\u00fcr unbeschwerte Stunden zu zweit.\" \/>\n<meta property=\"og:url\" content=\"https:\/\/www.anno1555.com\/cs\/shop\/riesling\/\" \/>\n<meta property=\"og:site_name\" content=\"Anno1555\" \/>\n<meta property=\"article:publisher\" content=\"https:\/\/www.facebook.com\/anno1555\" \/>\n<meta property=\"article:modified_time\" content=\"2026-01-11T10:52:46+00:00\" \/>\n<meta property=\"og:image\" content=\"https:\/\/www.anno1555.com\/wp-content\/uploads\/2020\/02\/riesling_social-1.jpg\" \/>\n\t<meta property=\"og:image:width\" content=\"1366\" \/>\n\t<meta property=\"og:image:height\" content=\"768\" \/>\n\t<meta property=\"og:image:type\" content=\"image\/jpeg\" \/>\n<meta name=\"twitter:card\" content=\"summary_large_image\" \/>\n<script type=\"application\/ld+json\" class=\"yoast-schema-graph\">{\"@context\":\"https:\/\/schema.org\",\"@graph\":[{\"@type\":\"WebPage\",\"@id\":\"https:\/\/www.anno1555.com\/cs\/shop\/riesling\/\",\"url\":\"https:\/\/www.anno1555.com\/cs\/shop\/riesling\/\",\"name\":\"Riesling (Ryzlink r\u00fdnsk\u00fd) - Anno1555\",\"isPartOf\":{\"@id\":\"https:\/\/www.anno1555.com\/cs\/#website\"},\"primaryImageOfPage\":{\"@id\":\"https:\/\/www.anno1555.com\/cs\/shop\/riesling\/#primaryimage\"},\"image\":{\"@id\":\"https:\/\/www.anno1555.com\/shop\/riesling\/#primaryimage\"},\"thumbnailUrl\":\"https:\/\/www.anno1555.com\/wp-content\/uploads\/2020\/02\/shop_riesling-1.png\",\"datePublished\":\"2020-02-27T15:08:23+00:00\",\"dateModified\":\"2026-01-11T10:52:46+00:00\",\"breadcrumb\":{\"@id\":\"https:\/\/www.anno1555.com\/cs\/shop\/riesling\/#breadcrumb\"},\"inLanguage\":\"cs\",\"potentialAction\":[{\"@type\":\"ReadAction\",\"target\":[[\"https:\/\/www.anno1555.com\/cs\/shop\/riesling\/\"]]}]},{\"@type\":\"ImageObject\",\"inLanguage\":\"cs\",\"@id\":\"https:\/\/www.anno1555.com\/cs\/shop\/riesling\/#primaryimage\",\"url\":\"https:\/\/www.anno1555.com\/wp-content\/uploads\/2020\/02\/shop_riesling-1.png\",\"contentUrl\":\"https:\/\/www.anno1555.com\/wp-content\/uploads\/2020\/02\/shop_riesling-1.png\",\"width\":600,\"height\":600},{\"@type\":\"BreadcrumbList\",\"@id\":\"https:\/\/www.anno1555.com\/cs\/shop\/riesling\/#breadcrumb\",\"itemListElement\":[{\"@type\":\"ListItem\",\"position\":1,\"name\":\"Startseite\",\"item\":\"https:\/\/www.anno1555.com\/cs\/\"},{\"@type\":\"ListItem\",\"position\":2,\"name\":\"Shop\",\"item\":\"https:\/\/www.anno1555.com\/cs\/shop\/\"},{\"@type\":\"ListItem\",\"position\":3,\"name\":\"Riesling\"}]},{\"@type\":\"WebSite\",\"@id\":\"https:\/\/www.anno1555.com\/cs\/#website\",\"url\":\"https:\/\/www.anno1555.com\/cs\/\",\"name\":\"Anno1555\",\"description\":\"Hauser Wein, Jus(t), Geschein\",\"potentialAction\":[{\"@type\":\"SearchAction\",\"target\":{\"@type\":\"EntryPoint\",\"urlTemplate\":\"https:\/\/www.anno1555.com\/cs\/?s={search_term_string}\"},\"query-input\":{\"@type\":\"PropertyValueSpecification\",\"valueRequired\":true,\"valueName\":\"search_term_string\"}}],\"inLanguage\":\"cs\"}]}<\/script>\n<!-- \/ Yoast SEO plugin. -->","yoast_head_json":{"title":"Riesling (Ryzlink r\u00fdnsk\u00fd) - Anno1555","robots":{"index":"index","follow":"follow","max-snippet":"max-snippet:-1","max-image-preview":"max-image-preview:large","max-video-preview":"max-video-preview:-1"},"canonical":"https:\/\/www.anno1555.com\/cs\/shop\/riesling\/","og_locale":"cs_CZ","og_type":"article","og_title":"Riesling","og_description":"Ein finessenreicher Wein mit sehr feinen, eleganten Pfirsich- und Zitrusaromen und leichten Ankl\u00e4ngen einer frisch gem\u00e4hten Sommerwiese \u2013 eine vornehme, zarte Fruchts\u00fc\u00dfe, rassig frisch, am Gaumen verspielt mit ausgepr\u00e4gtem Fruchtschmelz und kr\u00e4ftigem K\u00f6rper \u2013 ein viel versprechender Wein f\u00fcr unbeschwerte Stunden zu zweit.","og_url":"https:\/\/www.anno1555.com\/cs\/shop\/riesling\/","og_site_name":"Anno1555","article_publisher":"https:\/\/www.facebook.com\/anno1555","article_modified_time":"2026-01-11T10:52:46+00:00","og_image":[{"width":1366,"height":768,"url":"https:\/\/www.anno1555.com\/wp-content\/uploads\/2020\/02\/riesling_social-1.jpg","type":"image\/jpeg"}],"twitter_card":"summary_large_image","schema":{"@context":"https:\/\/schema.org","@graph":[{"@type":"WebPage","@id":"https:\/\/www.anno1555.com\/cs\/shop\/riesling\/","url":"https:\/\/www.anno1555.com\/cs\/shop\/riesling\/","name":"Riesling (Ryzlink r\u00fdnsk\u00fd) - Anno1555","isPartOf":{"@id":"https:\/\/www.anno1555.com\/cs\/#website"},"primaryImageOfPage":{"@id":"https:\/\/www.anno1555.com\/cs\/shop\/riesling\/#primaryimage"},"image":{"@id":"https:\/\/www.anno1555.com\/shop\/riesling\/#primaryimage"},"thumbnailUrl":"https:\/\/www.anno1555.com\/wp-content\/uploads\/2020\/02\/shop_riesling-1.png","datePublished":"2020-02-27T15:08:23+00:00","dateModified":"2026-01-11T10:52:46+00:00","breadcrumb":{"@id":"https:\/\/www.anno1555.com\/cs\/shop\/riesling\/#breadcrumb"},"inLanguage":"cs","potentialAction":[{"@type":"ReadAction","target":[["https:\/\/www.anno1555.com\/cs\/shop\/riesling\/"]]}]},{"@type":"ImageObject","inLanguage":"cs","@id":"https:\/\/www.anno1555.com\/cs\/shop\/riesling\/#primaryimage","url":"https:\/\/www.anno1555.com\/wp-content\/uploads\/2020\/02\/shop_riesling-1.png","contentUrl":"https:\/\/www.anno1555.com\/wp-content\/uploads\/2020\/02\/shop_riesling-1.png","width":600,"height":600},{"@type":"BreadcrumbList","@id":"https:\/\/www.anno1555.com\/cs\/shop\/riesling\/#breadcrumb","itemListElement":[{"@type":"ListItem","position":1,"name":"Startseite","item":"https:\/\/www.anno1555.com\/cs\/"},{"@type":"ListItem","position":2,"name":"Shop","item":"https:\/\/www.anno1555.com\/cs\/shop\/"},{"@type":"ListItem","position":3,"name":"Riesling"}]},{"@type":"WebSite","@id":"https:\/\/www.anno1555.com\/cs\/#website","url":"https:\/\/www.anno1555.com\/cs\/","name":"Anno1555","description":"Hauser Wein, Jus(t), Geschein","potentialAction":[{"@type":"SearchAction","target":{"@type":"EntryPoint","urlTemplate":"https:\/\/www.anno1555.com\/cs\/?s={search_term_string}"},"query-input":{"@type":"PropertyValueSpecification","valueRequired":true,"valueName":"search_term_string"}}],"inLanguage":"cs"}]}},"_links":{"self":[{"href":"https:\/\/www.anno1555.com\/cs\/wp-json\/wp\/v2\/product\/765","targetHints":{"allow":["GET"]}}],"collection":[{"href":"https:\/\/www.anno1555.com\/cs\/wp-json\/wp\/v2\/product"}],"about":[{"href":"https:\/\/www.anno1555.com\/cs\/wp-json\/wp\/v2\/types\/product"}],"replies":[{"embeddable":true,"href":"https:\/\/www.anno1555.com\/cs\/wp-json\/wp\/v2\/comments?post=765"}],"wp:featuredmedia":[{"embeddable":true,"href":"https:\/\/www.anno1555.com\/cs\/wp-json\/wp\/v2\/media\/21618"}],"wp:attachment":[{"href":"https:\/\/www.anno1555.com\/cs\/wp-json\/wp\/v2\/media?parent=765"}],"wp:term":[{"taxonomy":"product_cat","embeddable":true,"href":"https:\/\/www.anno1555.com\/cs\/wp-json\/wp\/v2\/product_cat?post=765"},{"taxonomy":"product_tag","embeddable":true,"href":"https:\/\/www.anno1555.com\/cs\/wp-json\/wp\/v2\/product_tag?post=765"}],"curies":[{"name":"wp","href":"https:\/\/api.w.org\/{rel}","templated":true}]}}