{"id":767,"date":"2020-02-27T16:18:25","date_gmt":"2020-02-27T15:18:25","guid":{"rendered":"https:\/\/www.anno1555.com\/?post_type=product&#038;p=767"},"modified":"2026-01-28T10:01:52","modified_gmt":"2026-01-28T09:01:52","slug":"poysecco-ooh-la-la","status":"publish","type":"product","link":"https:\/\/www.anno1555.com\/cs\/shop\/poysecco-ooh-la-la\/","title":{"rendered":"Poy-Secco Ooh La La"},"content":{"rendered":"<div class=\"wpb-content-wrapper\"><p>[vc_row content_placement=&#8220;top&#8220;][vc_column width=&#8220;1\/2&#8243;][vc_column_text text_larger=&#8220;no&#8220; woodmart_inline=&#8220;no&#8220;]<\/p>\n<ul>\n<li>Na\u0161e Poy-Secco Ooh La La je perliv\u00e9 v\u00edno, tedy v\u00edno s p\u0159idan\u00fdm oxidem uhli\u010dit\u00fdm.<\/li>\n<li>Lze ho p\u00edt hladce 24 hodin denn\u011b a je lehce straviteln\u00e9: m\u00e1lo alkoholu, m\u00e1lo oxidu uhli\u010dit\u00e9ho.<\/li>\n<li>Povzbuzuje a osv\u011b\u017euje.<\/li>\n<li>Obsah:<br \/>\n0,75 l\/10% alkoholu\/such\u00e9<br \/>\nObsahuje si\u0159i\u010ditany<\/li>\n<li>Obsah cukru:<br \/>\n18g\/lt<\/li>\n<li>P\u016fvod: Weinviertel Doln\u00ed Rakousko<\/li>\n<li>St\u00e1\u010d\u00edrna:<br \/>\nWeingut Hauser<br \/>\nBrunngasse 38<br \/>\n2170 Poysdorf<\/li>\n<\/ul>\n<div id=\"ingredients\">\n<h4 class=\"section-title\">Slo\u017een\u00ed<\/h4>\n<div class=\"text\">\n<p>        Hrozny, koncentrovan\u00fd hroznov\u00fd mo\u0161t, konzervanty: si\u0159i\u010ditany; antioxidant: kyselina askorbov\u00e1. Baleno v ochrann\u00e9 atmosf\u00e9\u0159e.<\/p>\n<p>        &nbsp;<\/p>\n<h4 class=\"section-title\">V\u00fd\u017eivov\u00e9 \u00fadaje<\/h4>\n<div id=\"nutritionalTable\">\n<table style=\"width: 100%; border-collapse: collapse;\" cellspacing=\"0\">\n<thead>\n<tr>\n<th style=\"text-align: left; padding: 8px; border-bottom: 2px solid #000;\"><\/th>\n<th style=\"text-align: right; padding: 8px; border-bottom: 2px solid #000;\">na 100 ml<\/th>\n<\/tr>\n<\/thead>\n<tbody>\n<tr>\n<td style=\"padding: 8px; border-bottom: 1px solid #ddd;\"><strong>Energetick\u00e1 hodnota<\/strong><\/td>\n<td style=\"text-align: right; padding: 8px; border-bottom: 1px solid #ddd;\">\n                            <strong><br \/>\n                                275 kJ<br \/>\n                                66 kcal<br \/>\n                            <\/strong>\n                        <\/td>\n<\/tr>\n<tr>\n<td style=\"padding: 8px; border-bottom: 1px solid #ddd;\"><strong>Tuky<\/strong><\/td>\n<td style=\"text-align: right; padding: 8px; border-bottom: 1px solid #ddd;\"><strong>&lt;0,5 g<\/strong><\/td>\n<\/tr>\n<tr>\n<td style=\"padding: 8px; border-bottom: 1px solid #ddd;\">z toho nasycen\u00e9 mastn\u00e9 kyseliny<\/td>\n<td style=\"text-align: right; padding: 8px; border-bottom: 1px solid #ddd;\">&lt;0,1 g<\/td>\n<\/tr>\n<tr>\n<td style=\"padding: 8px; border-bottom: 1px solid #ddd;\"><strong>Sacharidy<\/strong><\/td>\n<td style=\"text-align: right; padding: 8px; border-bottom: 1px solid #ddd;\"><strong>1,8 g<\/strong><\/td>\n<\/tr>\n<tr>\n<td style=\"padding: 8px; border-bottom: 1px solid #ddd;\">z toho cukry<\/td>\n<td style=\"text-align: right; padding: 8px; border-bottom: 1px solid #ddd;\">1 g<\/td>\n<\/tr>\n<tr>\n<td style=\"padding: 8px; border-bottom: 1px solid #ddd;\"><strong>B\u00edlkoviny<\/strong><\/td>\n<td style=\"text-align: right; padding: 8px; border-bottom: 1px solid #ddd;\"><strong>&lt;0,5 g<\/strong><\/td>\n<\/tr>\n<tr>\n<td style=\"padding: 8px;\"><strong>S\u016fl<\/strong><\/td>\n<td style=\"text-align: right; padding: 8px;\"><strong>&lt;0,01 g<\/strong><\/td>\n<\/tr>\n<\/tbody>\n<\/table><\/div>\n<p>        &nbsp;<\/p><\/div>\n<\/div>\n<p>[\/vc_column_text][\/vc_column][vc_column width=&#8220;1\/2&#8243; css=&#8220;.vc_custom_1490694541710{padding-top: 0px !important;}&#8220;][\/vc_column][\/vc_row]<\/p>\n<\/div>","protected":false},"excerpt":{"rendered":"<p>Je sv\u011bt pr\u00e1v\u011b te\u010f trudn\u00fd? To se ale m\u016f\u017ee zm\u011bnit. D\u00edky dou\u0161ku Lachflash a Bah\u00f6l zmiz\u00ed zah\u00e1lka. Poznatky zasv\u011bcen\u00fdch osob: V posledn\u00ed dob\u011b dost\u00e1v\u00e1me st\u00e1le v\u00edce rozho\u0159\u010den\u00fdch hlas\u016f na\u0161ich z\u00e1kazn\u00edk\u016f \u201eNem\u016f\u017eeme ho p\u0159estat p\u00edt!\u201c.<\/p>\n","protected":false},"featured_media":1493,"comment_status":"open","ping_status":"closed","template":"","meta":[],"product_cat":[179],"product_tag":[],"class_list":{"0":"post-767","1":"product","2":"type-product","3":"status-publish","4":"has-post-thumbnail","6":"product_cat-poy-secco","8":"first","9":"instock","10":"taxable","11":"shipping-taxable","12":"purchasable","13":"product-type-simple"},"yoast_head":"<!-- This site is optimized with the Yoast SEO plugin v24.0 - https:\/\/yoast.com\/wordpress\/plugins\/seo\/ -->\n<title>Poy-Secco Ooh La La - Anno1555<\/title>\n<meta name=\"robots\" content=\"index, follow, max-snippet:-1, max-image-preview:large, max-video-preview:-1\" \/>\n<link rel=\"canonical\" href=\"https:\/\/www.anno1555.com\/cs\/shop\/poysecco-ooh-la-la\/\" \/>\n<meta property=\"og:locale\" content=\"cs_CZ\" \/>\n<meta property=\"og:type\" content=\"article\" \/>\n<meta property=\"og:title\" content=\"Poy-Secco Ooh La La (vormals SMILE)\" \/>\n<meta property=\"og:description\" content=\"Ist die Welt grad m\u00fchsam? Das muss ja nicht so bleiben. Ein Schluck Lachflash und Bah\u00f6l l\u00e4sst M\u00fc\u00dfiggang verschwinden. Insider-Wissen: Wir bekommen in letzter Zeit immer mehr emp\u00f6rte Kundenstimmen \u201cWir k\u00f6nnen nicht aufh\u00f6ren ihn zu trinken!\u201c.\" \/>\n<meta property=\"og:url\" content=\"https:\/\/www.anno1555.com\/cs\/shop\/poysecco-ooh-la-la\/\" \/>\n<meta property=\"og:site_name\" content=\"Anno1555\" \/>\n<meta property=\"article:publisher\" content=\"https:\/\/www.facebook.com\/anno1555\" \/>\n<meta property=\"article:modified_time\" content=\"2026-01-28T09:01:52+00:00\" \/>\n<meta property=\"og:image\" content=\"https:\/\/www.anno1555.com\/wp-content\/uploads\/2020\/02\/poysecco_ohlala_social.jpg\" \/>\n\t<meta property=\"og:image:width\" content=\"1366\" \/>\n\t<meta property=\"og:image:height\" content=\"768\" \/>\n\t<meta property=\"og:image:type\" content=\"image\/jpeg\" \/>\n<meta name=\"twitter:card\" content=\"summary_large_image\" \/>\n<script type=\"application\/ld+json\" class=\"yoast-schema-graph\">{\"@context\":\"https:\/\/schema.org\",\"@graph\":[{\"@type\":\"WebPage\",\"@id\":\"https:\/\/www.anno1555.com\/cs\/shop\/poysecco-ooh-la-la\/\",\"url\":\"https:\/\/www.anno1555.com\/cs\/shop\/poysecco-ooh-la-la\/\",\"name\":\"Poy-Secco Ooh La La - Anno1555\",\"isPartOf\":{\"@id\":\"https:\/\/www.anno1555.com\/cs\/#website\"},\"primaryImageOfPage\":{\"@id\":\"https:\/\/www.anno1555.com\/cs\/shop\/poysecco-ooh-la-la\/#primaryimage\"},\"image\":{\"@id\":\"https:\/\/www.anno1555.com\/shop\/poysecco-ooh-la-la\/#primaryimage\"},\"thumbnailUrl\":\"https:\/\/www.anno1555.com\/wp-content\/uploads\/2020\/02\/shop_poysecco_oohlala.png\",\"datePublished\":\"2020-02-27T15:18:25+00:00\",\"dateModified\":\"2026-01-28T09:01:52+00:00\",\"breadcrumb\":{\"@id\":\"https:\/\/www.anno1555.com\/cs\/shop\/poysecco-ooh-la-la\/#breadcrumb\"},\"inLanguage\":\"cs\",\"potentialAction\":[{\"@type\":\"ReadAction\",\"target\":[[\"https:\/\/www.anno1555.com\/cs\/shop\/poysecco-ooh-la-la\/\"]]}]},{\"@type\":\"ImageObject\",\"inLanguage\":\"cs\",\"@id\":\"https:\/\/www.anno1555.com\/cs\/shop\/poysecco-ooh-la-la\/#primaryimage\",\"url\":\"https:\/\/www.anno1555.com\/wp-content\/uploads\/2020\/02\/shop_poysecco_oohlala.png\",\"contentUrl\":\"https:\/\/www.anno1555.com\/wp-content\/uploads\/2020\/02\/shop_poysecco_oohlala.png\",\"width\":600,\"height\":600,\"caption\":\"Poy-Secco Ooh La La (vormals SMILE). Unser Poy-Secco Ooh La La ist ein Frizzante, also ein Wein mit zugesetzter Kohlens\u00e4ure. L\u00e4sst sich geschmeidige 24 Stunden am Tag trinken und ist bek\u00f6mmlich: Wenig Alkohol, wenig Kohlens\u00e4ure. Belebt und erfrischt.\"},{\"@type\":\"BreadcrumbList\",\"@id\":\"https:\/\/www.anno1555.com\/cs\/shop\/poysecco-ooh-la-la\/#breadcrumb\",\"itemListElement\":[{\"@type\":\"ListItem\",\"position\":1,\"name\":\"Startseite\",\"item\":\"https:\/\/www.anno1555.com\/cs\/\"},{\"@type\":\"ListItem\",\"position\":2,\"name\":\"Shop\",\"item\":\"https:\/\/www.anno1555.com\/cs\/shop\/\"},{\"@type\":\"ListItem\",\"position\":3,\"name\":\"Poy-Secco Ooh La La\"}]},{\"@type\":\"WebSite\",\"@id\":\"https:\/\/www.anno1555.com\/cs\/#website\",\"url\":\"https:\/\/www.anno1555.com\/cs\/\",\"name\":\"Anno1555\",\"description\":\"Hauser Wein, Jus(t), Geschein\",\"potentialAction\":[{\"@type\":\"SearchAction\",\"target\":{\"@type\":\"EntryPoint\",\"urlTemplate\":\"https:\/\/www.anno1555.com\/cs\/?s={search_term_string}\"},\"query-input\":{\"@type\":\"PropertyValueSpecification\",\"valueRequired\":true,\"valueName\":\"search_term_string\"}}],\"inLanguage\":\"cs\"}]}<\/script>\n<!-- \/ Yoast SEO plugin. -->","yoast_head_json":{"title":"Poy-Secco Ooh La La - Anno1555","robots":{"index":"index","follow":"follow","max-snippet":"max-snippet:-1","max-image-preview":"max-image-preview:large","max-video-preview":"max-video-preview:-1"},"canonical":"https:\/\/www.anno1555.com\/cs\/shop\/poysecco-ooh-la-la\/","og_locale":"cs_CZ","og_type":"article","og_title":"Poy-Secco Ooh La La (vormals SMILE)","og_description":"Ist die Welt grad m\u00fchsam? Das muss ja nicht so bleiben. Ein Schluck Lachflash und Bah\u00f6l l\u00e4sst M\u00fc\u00dfiggang verschwinden. Insider-Wissen: Wir bekommen in letzter Zeit immer mehr emp\u00f6rte Kundenstimmen \u201cWir k\u00f6nnen nicht aufh\u00f6ren ihn zu trinken!\u201c.","og_url":"https:\/\/www.anno1555.com\/cs\/shop\/poysecco-ooh-la-la\/","og_site_name":"Anno1555","article_publisher":"https:\/\/www.facebook.com\/anno1555","article_modified_time":"2026-01-28T09:01:52+00:00","og_image":[{"width":1366,"height":768,"url":"https:\/\/www.anno1555.com\/wp-content\/uploads\/2020\/02\/poysecco_ohlala_social.jpg","type":"image\/jpeg"}],"twitter_card":"summary_large_image","schema":{"@context":"https:\/\/schema.org","@graph":[{"@type":"WebPage","@id":"https:\/\/www.anno1555.com\/cs\/shop\/poysecco-ooh-la-la\/","url":"https:\/\/www.anno1555.com\/cs\/shop\/poysecco-ooh-la-la\/","name":"Poy-Secco Ooh La La - Anno1555","isPartOf":{"@id":"https:\/\/www.anno1555.com\/cs\/#website"},"primaryImageOfPage":{"@id":"https:\/\/www.anno1555.com\/cs\/shop\/poysecco-ooh-la-la\/#primaryimage"},"image":{"@id":"https:\/\/www.anno1555.com\/shop\/poysecco-ooh-la-la\/#primaryimage"},"thumbnailUrl":"https:\/\/www.anno1555.com\/wp-content\/uploads\/2020\/02\/shop_poysecco_oohlala.png","datePublished":"2020-02-27T15:18:25+00:00","dateModified":"2026-01-28T09:01:52+00:00","breadcrumb":{"@id":"https:\/\/www.anno1555.com\/cs\/shop\/poysecco-ooh-la-la\/#breadcrumb"},"inLanguage":"cs","potentialAction":[{"@type":"ReadAction","target":[["https:\/\/www.anno1555.com\/cs\/shop\/poysecco-ooh-la-la\/"]]}]},{"@type":"ImageObject","inLanguage":"cs","@id":"https:\/\/www.anno1555.com\/cs\/shop\/poysecco-ooh-la-la\/#primaryimage","url":"https:\/\/www.anno1555.com\/wp-content\/uploads\/2020\/02\/shop_poysecco_oohlala.png","contentUrl":"https:\/\/www.anno1555.com\/wp-content\/uploads\/2020\/02\/shop_poysecco_oohlala.png","width":600,"height":600,"caption":"Poy-Secco Ooh La La (vormals SMILE). Unser Poy-Secco Ooh La La ist ein Frizzante, also ein Wein mit zugesetzter Kohlens\u00e4ure. L\u00e4sst sich geschmeidige 24 Stunden am Tag trinken und ist bek\u00f6mmlich: Wenig Alkohol, wenig Kohlens\u00e4ure. Belebt und erfrischt."},{"@type":"BreadcrumbList","@id":"https:\/\/www.anno1555.com\/cs\/shop\/poysecco-ooh-la-la\/#breadcrumb","itemListElement":[{"@type":"ListItem","position":1,"name":"Startseite","item":"https:\/\/www.anno1555.com\/cs\/"},{"@type":"ListItem","position":2,"name":"Shop","item":"https:\/\/www.anno1555.com\/cs\/shop\/"},{"@type":"ListItem","position":3,"name":"Poy-Secco Ooh La La"}]},{"@type":"WebSite","@id":"https:\/\/www.anno1555.com\/cs\/#website","url":"https:\/\/www.anno1555.com\/cs\/","name":"Anno1555","description":"Hauser Wein, Jus(t), Geschein","potentialAction":[{"@type":"SearchAction","target":{"@type":"EntryPoint","urlTemplate":"https:\/\/www.anno1555.com\/cs\/?s={search_term_string}"},"query-input":{"@type":"PropertyValueSpecification","valueRequired":true,"valueName":"search_term_string"}}],"inLanguage":"cs"}]}},"_links":{"self":[{"href":"https:\/\/www.anno1555.com\/cs\/wp-json\/wp\/v2\/product\/767","targetHints":{"allow":["GET"]}}],"collection":[{"href":"https:\/\/www.anno1555.com\/cs\/wp-json\/wp\/v2\/product"}],"about":[{"href":"https:\/\/www.anno1555.com\/cs\/wp-json\/wp\/v2\/types\/product"}],"replies":[{"embeddable":true,"href":"https:\/\/www.anno1555.com\/cs\/wp-json\/wp\/v2\/comments?post=767"}],"wp:featuredmedia":[{"embeddable":true,"href":"https:\/\/www.anno1555.com\/cs\/wp-json\/wp\/v2\/media\/1493"}],"wp:attachment":[{"href":"https:\/\/www.anno1555.com\/cs\/wp-json\/wp\/v2\/media?parent=767"}],"wp:term":[{"taxonomy":"product_cat","embeddable":true,"href":"https:\/\/www.anno1555.com\/cs\/wp-json\/wp\/v2\/product_cat?post=767"},{"taxonomy":"product_tag","embeddable":true,"href":"https:\/\/www.anno1555.com\/cs\/wp-json\/wp\/v2\/product_tag?post=767"}],"curies":[{"name":"wp","href":"https:\/\/api.w.org\/{rel}","templated":true}]}}