{"id":770,"date":"2020-02-27T16:29:11","date_gmt":"2020-02-27T15:29:11","guid":{"rendered":"https:\/\/www.anno1555.com\/?post_type=product&#038;p=770"},"modified":"2026-01-28T10:01:29","modified_gmt":"2026-01-28T09:01:29","slug":"poysecco-zero-free","status":"publish","type":"product","link":"https:\/\/www.anno1555.com\/cs\/shop\/poysecco-zero-free\/","title":{"rendered":"Poy-Secco Zero &#038; Free"},"content":{"rendered":"<div class=\"wpb-content-wrapper\"><p>[vc_row content_placement=&#8220;top&#8220;][vc_column width=&#8220;1\/2&#8243;][vc_column_text text_larger=&#8220;no&#8220; woodmart_inline=&#8220;no&#8220;]<\/p>\n<ul>\n<li>Unser hauseigener Verjus liefert das Grundrezept f\u00fcr diesen erstaunlichen Tropfen.<\/li>\n<li>Verjus ist der Saft der gr\u00fcnen Traube, der bereits in der Antike verwendet wurde.<\/li>\n<li>Mit reinem Quellwasser und Kohlens\u00e4ure.<\/li>\n<li>Inhalt:<br \/>\n0,75lt \/ alkoholfrei \/ s\u00fcss<\/li>\n<li>Vinobran\u00ed<br \/>\n2021<\/li>\n<li>Herkunft<span lang=\"DE\">:<br \/>\n<\/span>Weinviertel N\u00d6<\/li>\n<li>Abf\u00fcller:<br \/>\nWeingut Hauser<br \/>\nBrunngasse 38<br \/>\n2170 Poysdorf<\/li>\n<\/ul>\n<p>[\/vc_column_text][\/vc_column][vc_column width=&#8220;1\/2&#8243; css=&#8220;.vc_custom_1490694541710{padding-top: 0px !important;}&#8220;][\/vc_column][\/vc_row]<\/p>\n<\/div>","protected":false},"excerpt":{"rendered":"<p>Die alkoholfreie Antwort unseres Poy-Seccos. F\u00fcr alle, die heute noch Auto fahren m\u00fcssen und\/oder H\u00fcpfburg springen wollen. Genuss ohne Reue und Katerbrand. \u201eKa b\u2019soffene G\u2019schicht und trotzdem Spa\u00df im Glas.\u201c<\/p>\n","protected":false},"featured_media":1490,"comment_status":"open","ping_status":"closed","template":"","meta":[],"product_cat":[175,179],"product_tag":[],"class_list":{"0":"post-770","1":"product","2":"type-product","3":"status-publish","4":"has-post-thumbnail","6":"product_cat-antialkoholisch","7":"product_cat-poy-secco","9":"first","10":"instock","11":"taxable","12":"shipping-taxable","13":"purchasable","14":"product-type-simple"},"yoast_head":"<!-- This site is optimized with the Yoast SEO plugin v24.0 - https:\/\/yoast.com\/wordpress\/plugins\/seo\/ -->\n<title>Poy-Secco Zero &amp; Free - Anno1555<\/title>\n<meta name=\"robots\" content=\"index, follow, max-snippet:-1, max-image-preview:large, max-video-preview:-1\" \/>\n<link rel=\"canonical\" href=\"https:\/\/www.anno1555.com\/cs\/shop\/poysecco-zero-free\/\" \/>\n<meta property=\"og:locale\" content=\"cs_CZ\" \/>\n<meta property=\"og:type\" content=\"article\" \/>\n<meta property=\"og:title\" content=\"Poy-Secco Zero &amp; Free\" \/>\n<meta property=\"og:description\" content=\"Die alkoholfreie Antwort unseres Poy-Seccos. F\u00fcr alle, die heute noch Auto fahren m\u00fcssen und\/oder H\u00fcpfburg springen wollen. Genuss ohne Reue und Katerbrand. \u201eKa b\u2019soffene G\u2019schicht und trotzdem Spa\u00df im Glas.\u201c\" \/>\n<meta property=\"og:url\" content=\"https:\/\/www.anno1555.com\/cs\/shop\/poysecco-zero-free\/\" \/>\n<meta property=\"og:site_name\" content=\"Anno1555\" \/>\n<meta property=\"article:publisher\" content=\"https:\/\/www.facebook.com\/anno1555\" \/>\n<meta property=\"article:modified_time\" content=\"2026-01-28T09:01:29+00:00\" \/>\n<meta property=\"og:image\" content=\"https:\/\/www.anno1555.com\/wp-content\/uploads\/2020\/02\/poysecco_free_social.jpg\" \/>\n\t<meta property=\"og:image:width\" content=\"1366\" \/>\n\t<meta property=\"og:image:height\" content=\"768\" \/>\n\t<meta property=\"og:image:type\" content=\"image\/jpeg\" \/>\n<meta name=\"twitter:card\" content=\"summary_large_image\" \/>\n<script type=\"application\/ld+json\" class=\"yoast-schema-graph\">{\"@context\":\"https:\/\/schema.org\",\"@graph\":[{\"@type\":\"WebPage\",\"@id\":\"https:\/\/www.anno1555.com\/cs\/shop\/poysecco-zero-free\/\",\"url\":\"https:\/\/www.anno1555.com\/cs\/shop\/poysecco-zero-free\/\",\"name\":\"Poy-Secco Zero & Free - Anno1555\",\"isPartOf\":{\"@id\":\"https:\/\/www.anno1555.com\/cs\/#website\"},\"primaryImageOfPage\":{\"@id\":\"https:\/\/www.anno1555.com\/cs\/shop\/poysecco-zero-free\/#primaryimage\"},\"image\":{\"@id\":\"https:\/\/www.anno1555.com\/shop\/poysecco-zero-free\/#primaryimage\"},\"thumbnailUrl\":\"https:\/\/www.anno1555.com\/wp-content\/uploads\/2020\/02\/shop_poysecco_zero.png\",\"datePublished\":\"2020-02-27T15:29:11+00:00\",\"dateModified\":\"2026-01-28T09:01:29+00:00\",\"breadcrumb\":{\"@id\":\"https:\/\/www.anno1555.com\/cs\/shop\/poysecco-zero-free\/#breadcrumb\"},\"inLanguage\":\"cs\",\"potentialAction\":[{\"@type\":\"ReadAction\",\"target\":[[\"https:\/\/www.anno1555.com\/cs\/shop\/poysecco-zero-free\/\"]]}]},{\"@type\":\"ImageObject\",\"inLanguage\":\"cs\",\"@id\":\"https:\/\/www.anno1555.com\/cs\/shop\/poysecco-zero-free\/#primaryimage\",\"url\":\"https:\/\/www.anno1555.com\/wp-content\/uploads\/2020\/02\/shop_poysecco_zero.png\",\"contentUrl\":\"https:\/\/www.anno1555.com\/wp-content\/uploads\/2020\/02\/shop_poysecco_zero.png\",\"width\":600,\"height\":600,\"caption\":\"Poy-Secco Zero & Free. Unser hauseigener Verjus liefert das Grundrezept f\u00fcr diesen erstaunlichen Tropfen. Verjus ist der Saft der gr\u00fcnen Traube, der bereits in der Antike verwendet wurde. Mit reinem Quellwasser und Kohlens\u00e4ure.\"},{\"@type\":\"BreadcrumbList\",\"@id\":\"https:\/\/www.anno1555.com\/cs\/shop\/poysecco-zero-free\/#breadcrumb\",\"itemListElement\":[{\"@type\":\"ListItem\",\"position\":1,\"name\":\"Startseite\",\"item\":\"https:\/\/www.anno1555.com\/cs\/\"},{\"@type\":\"ListItem\",\"position\":2,\"name\":\"Shop\",\"item\":\"https:\/\/www.anno1555.com\/cs\/shop\/\"},{\"@type\":\"ListItem\",\"position\":3,\"name\":\"Poy-Secco Zero &#038; Free\"}]},{\"@type\":\"WebSite\",\"@id\":\"https:\/\/www.anno1555.com\/cs\/#website\",\"url\":\"https:\/\/www.anno1555.com\/cs\/\",\"name\":\"Anno1555\",\"description\":\"Hauser Wein, Jus(t), Geschein\",\"potentialAction\":[{\"@type\":\"SearchAction\",\"target\":{\"@type\":\"EntryPoint\",\"urlTemplate\":\"https:\/\/www.anno1555.com\/cs\/?s={search_term_string}\"},\"query-input\":{\"@type\":\"PropertyValueSpecification\",\"valueRequired\":true,\"valueName\":\"search_term_string\"}}],\"inLanguage\":\"cs\"}]}<\/script>\n<!-- \/ Yoast SEO plugin. -->","yoast_head_json":{"title":"Poy-Secco Zero & Free - Anno1555","robots":{"index":"index","follow":"follow","max-snippet":"max-snippet:-1","max-image-preview":"max-image-preview:large","max-video-preview":"max-video-preview:-1"},"canonical":"https:\/\/www.anno1555.com\/cs\/shop\/poysecco-zero-free\/","og_locale":"cs_CZ","og_type":"article","og_title":"Poy-Secco Zero & Free","og_description":"Die alkoholfreie Antwort unseres Poy-Seccos. F\u00fcr alle, die heute noch Auto fahren m\u00fcssen und\/oder H\u00fcpfburg springen wollen. Genuss ohne Reue und Katerbrand. \u201eKa b\u2019soffene G\u2019schicht und trotzdem Spa\u00df im Glas.\u201c","og_url":"https:\/\/www.anno1555.com\/cs\/shop\/poysecco-zero-free\/","og_site_name":"Anno1555","article_publisher":"https:\/\/www.facebook.com\/anno1555","article_modified_time":"2026-01-28T09:01:29+00:00","og_image":[{"width":1366,"height":768,"url":"https:\/\/www.anno1555.com\/wp-content\/uploads\/2020\/02\/poysecco_free_social.jpg","type":"image\/jpeg"}],"twitter_card":"summary_large_image","schema":{"@context":"https:\/\/schema.org","@graph":[{"@type":"WebPage","@id":"https:\/\/www.anno1555.com\/cs\/shop\/poysecco-zero-free\/","url":"https:\/\/www.anno1555.com\/cs\/shop\/poysecco-zero-free\/","name":"Poy-Secco Zero & Free - Anno1555","isPartOf":{"@id":"https:\/\/www.anno1555.com\/cs\/#website"},"primaryImageOfPage":{"@id":"https:\/\/www.anno1555.com\/cs\/shop\/poysecco-zero-free\/#primaryimage"},"image":{"@id":"https:\/\/www.anno1555.com\/shop\/poysecco-zero-free\/#primaryimage"},"thumbnailUrl":"https:\/\/www.anno1555.com\/wp-content\/uploads\/2020\/02\/shop_poysecco_zero.png","datePublished":"2020-02-27T15:29:11+00:00","dateModified":"2026-01-28T09:01:29+00:00","breadcrumb":{"@id":"https:\/\/www.anno1555.com\/cs\/shop\/poysecco-zero-free\/#breadcrumb"},"inLanguage":"cs","potentialAction":[{"@type":"ReadAction","target":[["https:\/\/www.anno1555.com\/cs\/shop\/poysecco-zero-free\/"]]}]},{"@type":"ImageObject","inLanguage":"cs","@id":"https:\/\/www.anno1555.com\/cs\/shop\/poysecco-zero-free\/#primaryimage","url":"https:\/\/www.anno1555.com\/wp-content\/uploads\/2020\/02\/shop_poysecco_zero.png","contentUrl":"https:\/\/www.anno1555.com\/wp-content\/uploads\/2020\/02\/shop_poysecco_zero.png","width":600,"height":600,"caption":"Poy-Secco Zero & Free. Unser hauseigener Verjus liefert das Grundrezept f\u00fcr diesen erstaunlichen Tropfen. Verjus ist der Saft der gr\u00fcnen Traube, der bereits in der Antike verwendet wurde. Mit reinem Quellwasser und Kohlens\u00e4ure."},{"@type":"BreadcrumbList","@id":"https:\/\/www.anno1555.com\/cs\/shop\/poysecco-zero-free\/#breadcrumb","itemListElement":[{"@type":"ListItem","position":1,"name":"Startseite","item":"https:\/\/www.anno1555.com\/cs\/"},{"@type":"ListItem","position":2,"name":"Shop","item":"https:\/\/www.anno1555.com\/cs\/shop\/"},{"@type":"ListItem","position":3,"name":"Poy-Secco Zero &#038; Free"}]},{"@type":"WebSite","@id":"https:\/\/www.anno1555.com\/cs\/#website","url":"https:\/\/www.anno1555.com\/cs\/","name":"Anno1555","description":"Hauser Wein, Jus(t), Geschein","potentialAction":[{"@type":"SearchAction","target":{"@type":"EntryPoint","urlTemplate":"https:\/\/www.anno1555.com\/cs\/?s={search_term_string}"},"query-input":{"@type":"PropertyValueSpecification","valueRequired":true,"valueName":"search_term_string"}}],"inLanguage":"cs"}]}},"_links":{"self":[{"href":"https:\/\/www.anno1555.com\/cs\/wp-json\/wp\/v2\/product\/770","targetHints":{"allow":["GET"]}}],"collection":[{"href":"https:\/\/www.anno1555.com\/cs\/wp-json\/wp\/v2\/product"}],"about":[{"href":"https:\/\/www.anno1555.com\/cs\/wp-json\/wp\/v2\/types\/product"}],"replies":[{"embeddable":true,"href":"https:\/\/www.anno1555.com\/cs\/wp-json\/wp\/v2\/comments?post=770"}],"wp:featuredmedia":[{"embeddable":true,"href":"https:\/\/www.anno1555.com\/cs\/wp-json\/wp\/v2\/media\/1490"}],"wp:attachment":[{"href":"https:\/\/www.anno1555.com\/cs\/wp-json\/wp\/v2\/media?parent=770"}],"wp:term":[{"taxonomy":"product_cat","embeddable":true,"href":"https:\/\/www.anno1555.com\/cs\/wp-json\/wp\/v2\/product_cat?post=770"},{"taxonomy":"product_tag","embeddable":true,"href":"https:\/\/www.anno1555.com\/cs\/wp-json\/wp\/v2\/product_tag?post=770"}],"curies":[{"name":"wp","href":"https:\/\/api.w.org\/{rel}","templated":true}]}}