{"id":771,"date":"2020-02-28T08:36:25","date_gmt":"2020-02-28T07:36:25","guid":{"rendered":"https:\/\/www.anno1555.com\/?post_type=product&#038;p=771"},"modified":"2026-01-28T10:03:48","modified_gmt":"2026-01-28T09:03:48","slug":"verjus-gourmet","status":"publish","type":"product","link":"https:\/\/www.anno1555.com\/cs\/shop\/verjus-gourmet\/","title":{"rendered":"Verjus Gourmet 0,75 l"},"content":{"rendered":"<div class=\"wpb-content-wrapper\"><p>[vc_row content_placement=&#8220;top&#8220;][vc_column width=&#8220;1\/2&#8243;][vc_column_text text_larger=&#8220;no&#8220; woodmart_inline=&#8220;no&#8220;]<strong>Co je to Verjus? <\/strong><\/p>\n<p>Slovo Verjus poch\u00e1z\u00ed z francouz\u0161tiny a znamen\u00e1 \u201ezelen\u00fd d\u017eus\u201c.<\/p>\n<p>Verjus byl ji\u017e ve starov\u011bku obl\u00edben\u00fdm ko\u0159en\u00edm a l\u00e9kem, ale upadl v zapomn\u011bn\u00ed, kdy\u017e do Evropy p\u0159i\u0161ly citrusov\u00e9 plody. Z\u00e1zra\u010dn\u00e1 zelen\u00e1 \u0161\u0165\u00e1va se nyn\u00ed vrac\u00ed do kulin\u00e1\u0159sk\u00e9ho centra pozornosti, proto\u017ee na rozd\u00edl od citronu nezakr\u00fdv\u00e1 chu\u0165 pokrm\u016f, ale sp\u00ed\u0161e ji zd\u016fraz\u0148uje. Obzvl\u00e1\u0161t\u011b chutn\u00fd je tak\u00e9 v sal\u00e1tov\u00fdch marin\u00e1d\u00e1ch. Verjus je jemn\u011bj\u0161\u00ed ne\u017e ocet a d\u00e1v\u00e1 pokrm\u016fm ovocnou kontrastn\u00ed notu.<\/p>\n<ul>\n<li>Verjus Gourmet je dom\u00e1c\u00ed, se zvl\u00e1\u0161tn\u00edm zam\u011b\u0159en\u00edm na kvalitn\u00ed \u0159emesln\u00e9 zpracov\u00e1n\u00ed.<\/li>\n<li>vegansk\u00fd, bez alergen\u016f, bez histaminu<\/li>\n<li>\u010dist\u00fd p\u0159\u00edrodn\u00ed produkt<\/li>\n<li>Verjus na va\u0159en\u00ed, pe\u010den\u00ed a m\u00edch\u00e1n\u00ed<br \/>\nn\u00e1poj\u016f\/koktejl\u016f.<\/li>\n<li>\u010cerstv\u00fd produkt: po otev\u0159en\u00ed skladujte<br \/>\nVerjus v chladni\u010dce.<\/li>\n<\/ul>\n<p><strong>Tipy na recepty ke sta\u017een\u00ed ve form\u00e1tu PDF:<\/strong><\/p>\n<ul>\n<li><a href=\"https:\/\/www.anno1555.com\/wp-content\/uploads\/2020\/04\/rezeptheft_cocktail.pdf\" target=\"_blank\" rel=\"noopener noreferrer\">St\u00e1hn\u011bte si bro\u017euru recept\u016f na koktejly (.pdf)<\/a><\/li>\n<li><a href=\"https:\/\/www.anno1555.com\/wp-content\/uploads\/2020\/04\/rezeptheft_gourmet.pdf\" target=\"_blank\" rel=\"noopener noreferrer\">St\u00e1hn\u011bte si bro\u017euru recept\u016f pro labu\u017en\u00edky (.pdf)<\/a><\/li>\n<li>Obsah:<br \/>\n0,75 l\/bez alkoholu\/polosladk\u00fd<\/li>\n<li>P\u016fvod: Weinviertel Doln\u00ed Rakousko<\/li>\n<li>St\u00e1\u010d\u00edrna:<br \/>\nWeingut Hauser<br \/>\nBrunngasse 38<br \/>\n2170 Poysdorf<\/li>\n<\/ul>\n<p>[\/vc_column_text][\/vc_column][vc_column width=&#8220;1\/2&#8243; css=&#8220;.vc_custom_1490694541710{padding-top: 0px !important;}&#8220;][\/vc_column][\/vc_row]<\/p>\n<\/div>","protected":false},"excerpt":{"rendered":"<p>Verjus je \u0161\u0165\u00e1va z nezral\u00fdch hrozn\u016f. Zn\u00e1m\u00fd ji\u017e od starov\u011bku pro sv\u00e9 p\u0159\u00edzniv\u00e9 \u00fa\u010dinky a jemnou aromatickou chu\u0165. Verjus v sou\u010dasn\u00e9 dob\u011b pro\u017e\u00edv\u00e1 mezin\u00e1rodn\u00ed renesanci ve hv\u011bzdn\u00fdch kuchyn\u00edch. Zde se pou\u017e\u00edv\u00e1 k dola\u010fov\u00e1n\u00ed chutn\u00fdch pokrm\u016f, pol\u00e9vek, om\u00e1\u010dek a sal\u00e1t\u016f. Je tak\u00e9 st\u00e1le obl\u00edben\u011bj\u0161\u00ed p\u0159i m\u00edch\u00e1n\u00ed koktejl\u016f a pro p\u0159\u00edpravu sofistikovan\u00fdch dezert\u016f.<\/p>\n","protected":false},"featured_media":1476,"comment_status":"open","ping_status":"closed","template":"","meta":[],"product_cat":[175,38],"product_tag":[],"class_list":{"0":"post-771","1":"product","2":"type-product","3":"status-publish","4":"has-post-thumbnail","6":"product_cat-antialkoholisch","7":"product_cat-hauser-wein","9":"first","10":"instock","11":"taxable","12":"shipping-taxable","13":"purchasable","14":"product-type-simple"},"yoast_head":"<!-- This site is optimized with the Yoast SEO plugin v24.0 - https:\/\/yoast.com\/wordpress\/plugins\/seo\/ -->\n<title>Verjus Gourmet 0,75 l - Anno1555<\/title>\n<meta name=\"robots\" content=\"index, follow, max-snippet:-1, max-image-preview:large, max-video-preview:-1\" \/>\n<link rel=\"canonical\" href=\"https:\/\/www.anno1555.com\/cs\/shop\/verjus-gourmet\/\" \/>\n<meta property=\"og:locale\" content=\"cs_CZ\" \/>\n<meta property=\"og:type\" content=\"article\" \/>\n<meta property=\"og:title\" content=\"Verjus Gourmet 0,75l\" \/>\n<meta property=\"og:description\" content=\"Verjus ist der Saft der unreifen Trauben. Bereits bekannt seit der Antike f\u00fcr seine wohltuende Wirkung und den fein aromatischen Geschmack. Verjus erlebt gerade eine internationale Renaissance in Sternek\u00fcchen. Dort wird er zum Verfeinern von schmackhaften Gerichten, Suppen, So\u00dfen und Salaten verwendet. Auch beim Mixen von Cocktails und in der Konfektion raffinierter Desserts findet er immer gr\u00f6\u00dfere Beliebtheit.\" \/>\n<meta property=\"og:url\" content=\"https:\/\/www.anno1555.com\/cs\/shop\/verjus-gourmet\/\" \/>\n<meta property=\"og:site_name\" content=\"Anno1555\" \/>\n<meta property=\"article:publisher\" content=\"https:\/\/www.facebook.com\/anno1555\" \/>\n<meta property=\"article:modified_time\" content=\"2026-01-28T09:03:48+00:00\" \/>\n<meta property=\"og:image\" content=\"https:\/\/www.anno1555.com\/wp-content\/uploads\/2020\/02\/verjus_gourmet_social.jpg\" \/>\n\t<meta property=\"og:image:width\" content=\"1366\" \/>\n\t<meta property=\"og:image:height\" content=\"768\" \/>\n\t<meta property=\"og:image:type\" content=\"image\/jpeg\" \/>\n<meta name=\"twitter:card\" content=\"summary_large_image\" \/>\n<script type=\"application\/ld+json\" class=\"yoast-schema-graph\">{\"@context\":\"https:\/\/schema.org\",\"@graph\":[{\"@type\":\"WebPage\",\"@id\":\"https:\/\/www.anno1555.com\/cs\/shop\/verjus-gourmet\/\",\"url\":\"https:\/\/www.anno1555.com\/cs\/shop\/verjus-gourmet\/\",\"name\":\"Verjus Gourmet 0,75 l - Anno1555\",\"isPartOf\":{\"@id\":\"https:\/\/www.anno1555.com\/cs\/#website\"},\"primaryImageOfPage\":{\"@id\":\"https:\/\/www.anno1555.com\/cs\/shop\/verjus-gourmet\/#primaryimage\"},\"image\":{\"@id\":\"https:\/\/www.anno1555.com\/shop\/verjus-gourmet\/#primaryimage\"},\"thumbnailUrl\":\"https:\/\/www.anno1555.com\/wp-content\/uploads\/2020\/02\/shop_verjus_gross.png\",\"datePublished\":\"2020-02-28T07:36:25+00:00\",\"dateModified\":\"2026-01-28T09:03:48+00:00\",\"breadcrumb\":{\"@id\":\"https:\/\/www.anno1555.com\/cs\/shop\/verjus-gourmet\/#breadcrumb\"},\"inLanguage\":\"cs\",\"potentialAction\":[{\"@type\":\"ReadAction\",\"target\":[[\"https:\/\/www.anno1555.com\/cs\/shop\/verjus-gourmet\/\"]]}]},{\"@type\":\"ImageObject\",\"inLanguage\":\"cs\",\"@id\":\"https:\/\/www.anno1555.com\/cs\/shop\/verjus-gourmet\/#primaryimage\",\"url\":\"https:\/\/www.anno1555.com\/wp-content\/uploads\/2020\/02\/shop_verjus_gross.png\",\"contentUrl\":\"https:\/\/www.anno1555.com\/wp-content\/uploads\/2020\/02\/shop_verjus_gross.png\",\"width\":600,\"height\":600,\"caption\":\"Verjus Gourmet 0,75 l. Das Wort Verjus kommt aus dem Franz\u00f6sischen und bedeutet \u00fcbersetzt \u201egr\u00fcner Saft\u201c. Verjus Gourmet ist hausgemacht, mit besonderem Blick auf qualitatives, gutes Handwerk.\"},{\"@type\":\"BreadcrumbList\",\"@id\":\"https:\/\/www.anno1555.com\/cs\/shop\/verjus-gourmet\/#breadcrumb\",\"itemListElement\":[{\"@type\":\"ListItem\",\"position\":1,\"name\":\"Startseite\",\"item\":\"https:\/\/www.anno1555.com\/cs\/\"},{\"@type\":\"ListItem\",\"position\":2,\"name\":\"Shop\",\"item\":\"https:\/\/www.anno1555.com\/cs\/shop\/\"},{\"@type\":\"ListItem\",\"position\":3,\"name\":\"Verjus Gourmet 0,75 l\"}]},{\"@type\":\"WebSite\",\"@id\":\"https:\/\/www.anno1555.com\/cs\/#website\",\"url\":\"https:\/\/www.anno1555.com\/cs\/\",\"name\":\"Anno1555\",\"description\":\"Hauser Wein, Jus(t), Geschein\",\"potentialAction\":[{\"@type\":\"SearchAction\",\"target\":{\"@type\":\"EntryPoint\",\"urlTemplate\":\"https:\/\/www.anno1555.com\/cs\/?s={search_term_string}\"},\"query-input\":{\"@type\":\"PropertyValueSpecification\",\"valueRequired\":true,\"valueName\":\"search_term_string\"}}],\"inLanguage\":\"cs\"}]}<\/script>\n<!-- \/ Yoast SEO plugin. -->","yoast_head_json":{"title":"Verjus Gourmet 0,75 l - Anno1555","robots":{"index":"index","follow":"follow","max-snippet":"max-snippet:-1","max-image-preview":"max-image-preview:large","max-video-preview":"max-video-preview:-1"},"canonical":"https:\/\/www.anno1555.com\/cs\/shop\/verjus-gourmet\/","og_locale":"cs_CZ","og_type":"article","og_title":"Verjus Gourmet 0,75l","og_description":"Verjus ist der Saft der unreifen Trauben. Bereits bekannt seit der Antike f\u00fcr seine wohltuende Wirkung und den fein aromatischen Geschmack. Verjus erlebt gerade eine internationale Renaissance in Sternek\u00fcchen. Dort wird er zum Verfeinern von schmackhaften Gerichten, Suppen, So\u00dfen und Salaten verwendet. Auch beim Mixen von Cocktails und in der Konfektion raffinierter Desserts findet er immer gr\u00f6\u00dfere Beliebtheit.","og_url":"https:\/\/www.anno1555.com\/cs\/shop\/verjus-gourmet\/","og_site_name":"Anno1555","article_publisher":"https:\/\/www.facebook.com\/anno1555","article_modified_time":"2026-01-28T09:03:48+00:00","og_image":[{"width":1366,"height":768,"url":"https:\/\/www.anno1555.com\/wp-content\/uploads\/2020\/02\/verjus_gourmet_social.jpg","type":"image\/jpeg"}],"twitter_card":"summary_large_image","schema":{"@context":"https:\/\/schema.org","@graph":[{"@type":"WebPage","@id":"https:\/\/www.anno1555.com\/cs\/shop\/verjus-gourmet\/","url":"https:\/\/www.anno1555.com\/cs\/shop\/verjus-gourmet\/","name":"Verjus Gourmet 0,75 l - Anno1555","isPartOf":{"@id":"https:\/\/www.anno1555.com\/cs\/#website"},"primaryImageOfPage":{"@id":"https:\/\/www.anno1555.com\/cs\/shop\/verjus-gourmet\/#primaryimage"},"image":{"@id":"https:\/\/www.anno1555.com\/shop\/verjus-gourmet\/#primaryimage"},"thumbnailUrl":"https:\/\/www.anno1555.com\/wp-content\/uploads\/2020\/02\/shop_verjus_gross.png","datePublished":"2020-02-28T07:36:25+00:00","dateModified":"2026-01-28T09:03:48+00:00","breadcrumb":{"@id":"https:\/\/www.anno1555.com\/cs\/shop\/verjus-gourmet\/#breadcrumb"},"inLanguage":"cs","potentialAction":[{"@type":"ReadAction","target":[["https:\/\/www.anno1555.com\/cs\/shop\/verjus-gourmet\/"]]}]},{"@type":"ImageObject","inLanguage":"cs","@id":"https:\/\/www.anno1555.com\/cs\/shop\/verjus-gourmet\/#primaryimage","url":"https:\/\/www.anno1555.com\/wp-content\/uploads\/2020\/02\/shop_verjus_gross.png","contentUrl":"https:\/\/www.anno1555.com\/wp-content\/uploads\/2020\/02\/shop_verjus_gross.png","width":600,"height":600,"caption":"Verjus Gourmet 0,75 l. Das Wort Verjus kommt aus dem Franz\u00f6sischen und bedeutet \u00fcbersetzt \u201egr\u00fcner Saft\u201c. Verjus Gourmet ist hausgemacht, mit besonderem Blick auf qualitatives, gutes Handwerk."},{"@type":"BreadcrumbList","@id":"https:\/\/www.anno1555.com\/cs\/shop\/verjus-gourmet\/#breadcrumb","itemListElement":[{"@type":"ListItem","position":1,"name":"Startseite","item":"https:\/\/www.anno1555.com\/cs\/"},{"@type":"ListItem","position":2,"name":"Shop","item":"https:\/\/www.anno1555.com\/cs\/shop\/"},{"@type":"ListItem","position":3,"name":"Verjus Gourmet 0,75 l"}]},{"@type":"WebSite","@id":"https:\/\/www.anno1555.com\/cs\/#website","url":"https:\/\/www.anno1555.com\/cs\/","name":"Anno1555","description":"Hauser Wein, Jus(t), Geschein","potentialAction":[{"@type":"SearchAction","target":{"@type":"EntryPoint","urlTemplate":"https:\/\/www.anno1555.com\/cs\/?s={search_term_string}"},"query-input":{"@type":"PropertyValueSpecification","valueRequired":true,"valueName":"search_term_string"}}],"inLanguage":"cs"}]}},"_links":{"self":[{"href":"https:\/\/www.anno1555.com\/cs\/wp-json\/wp\/v2\/product\/771","targetHints":{"allow":["GET"]}}],"collection":[{"href":"https:\/\/www.anno1555.com\/cs\/wp-json\/wp\/v2\/product"}],"about":[{"href":"https:\/\/www.anno1555.com\/cs\/wp-json\/wp\/v2\/types\/product"}],"replies":[{"embeddable":true,"href":"https:\/\/www.anno1555.com\/cs\/wp-json\/wp\/v2\/comments?post=771"}],"wp:featuredmedia":[{"embeddable":true,"href":"https:\/\/www.anno1555.com\/cs\/wp-json\/wp\/v2\/media\/1476"}],"wp:attachment":[{"href":"https:\/\/www.anno1555.com\/cs\/wp-json\/wp\/v2\/media?parent=771"}],"wp:term":[{"taxonomy":"product_cat","embeddable":true,"href":"https:\/\/www.anno1555.com\/cs\/wp-json\/wp\/v2\/product_cat?post=771"},{"taxonomy":"product_tag","embeddable":true,"href":"https:\/\/www.anno1555.com\/cs\/wp-json\/wp\/v2\/product_tag?post=771"}],"curies":[{"name":"wp","href":"https:\/\/api.w.org\/{rel}","templated":true}]}}