{"id":22146,"date":"2025-01-14T18:29:19","date_gmt":"2025-01-14T17:29:19","guid":{"rendered":"https:\/\/www.anno1555.com\/?post_type=product&#038;p=22146"},"modified":"2026-04-13T08:03:29","modified_gmt":"2026-04-13T06:03:29","slug":"zwitscherl-gruener-veltliner","status":"publish","type":"product","link":"https:\/\/www.anno1555.com\/en\/shop\/zwitscherl-gruener-veltliner\/","title":{"rendered":"Zwitscherl &#8211; Gr\u00fcner Veltliner"},"content":{"rendered":"<div class=\"wpb-content-wrapper\"><p>[vc_row content_placement=&#8221;top&#8221;][vc_column width=&#8221;1\/2&#8243;][vc_column_text text_larger=&#8221;no&#8221; woodmart_inline=&#8221;no&#8221;]<\/p>\n<p class=\"p1\"><b>Wine type<\/b>: Gr\u00fcner Veltliner<\/p>\n<p class=\"p1\"><b>Alcohol content<\/b>: 9%<\/p>\n<p class=\"p1\"><b>Aroma<\/b>:<\/p>\n<p class=\"p2\">\u2022Beautiful fruit, modern and pleasant<\/p>\n<p class=\"p2\">\u2022Really jumps into the nose<\/p>\n<p class=\"p1\"><b>Palate<\/b>:<\/p>\n<p class=\"p2\">\u2022Slightly noticeable on the finish, very subtle in alcohol<\/p>\n<p class=\"p2\">\u2022Very dry with only 1 gram of residual sugar<\/p>\n<p class=\"p2\">\u2022Subtle acidity that provides freshness<\/p>\n<p class=\"p1\"><b>Special feature<\/b>: A wine that is simply fun and lively<\/p>\n<p>&nbsp;<\/p>\n<p class=\"p4\"><b>Contents<\/b>:<\/p>\n<p class=\"p4\">0.75L \/ 9% \/ dry<\/p>\n<p class=\"p4\">Contains sulfites<\/p>\n<p class=\"p4\"><b>Vintage<\/b>: 2024<\/p>\n<p class=\"p4\"><b>Origin<\/b>: Weinviertel, Lower Austria<\/p>\n<p class=\"p4\"><b>Bottled by<\/b>:<\/p>\n<p class=\"p4\">Weingut Hauser<\/p>\n<p class=\"p4\">Brunngasse 38<\/p>\n<p class=\"p4\">2170 Poysdorf<\/p>\n<div id=\"ingredients\">\n<h4 class=\"section-title\">Ingredients<\/h4>\n<div class=\"text\">\n<p>        Grapes*, concentrated grape must*, preservatives: Sulphites*; antioxidant: L-ascorbic acid*. Packaged in a protective atmosphere.<br \/>\n        <br \/>\n        * from organic farming<\/p>\n<h4 class=\"section-title\">Nutritional values<\/h4>\n<div id=\"nutritionalTable\">\n<table style=\"width: 100%; border-collapse: collapse;\" cellspacing=\"0\">\n<thead>\n<tr>\n<th style=\"text-align: left; padding: 8px; border-bottom: 2px solid #000;\"><\/th>\n<th style=\"text-align: right; padding: 8px; border-bottom: 2px solid #000;\">per 100ml<\/th>\n<\/tr>\n<\/thead>\n<tbody>\n<tr>\n<td style=\"padding: 8px; border-bottom: 1px solid #ddd;\"><strong>Energy<\/strong><\/td>\n<td style=\"text-align: right; padding: 8px; border-bottom: 1px solid #ddd;\">\n                            <strong><br \/>\n                                275 kJ<br \/>\n                                66 kcal<br \/>\n                            <\/strong>\n                        <\/td>\n<\/tr>\n<tr>\n<td style=\"padding: 8px; border-bottom: 1px solid #ddd;\"><strong>Fat<\/strong><\/td>\n<td style=\"text-align: right; padding: 8px; border-bottom: 1px solid #ddd;\"><strong>&lt;0.5 g<\/strong><\/td>\n<\/tr>\n<tr>\n<td style=\"padding: 8px; border-bottom: 1px solid #ddd;\">of which saturates<\/td>\n<td style=\"text-align: right; padding: 8px; border-bottom: 1px solid #ddd;\">&lt;0.1 g<\/td>\n<\/tr>\n<tr>\n<td style=\"padding: 8px; border-bottom: 1px solid #ddd;\"><strong>Carbohydrate<\/strong><\/td>\n<td style=\"text-align: right; padding: 8px; border-bottom: 1px solid #ddd;\"><strong>1.8 g<\/strong><\/td>\n<\/tr>\n<tr>\n<td style=\"padding: 8px; border-bottom: 1px solid #ddd;\">of which sugars<\/td>\n<td style=\"text-align: right; padding: 8px; border-bottom: 1px solid #ddd;\">1 g<\/td>\n<\/tr>\n<tr>\n<td style=\"padding: 8px; border-bottom: 1px solid #ddd;\"><strong>Protein<\/strong><\/td>\n<td style=\"text-align: right; padding: 8px; border-bottom: 1px solid #ddd;\"><strong>&lt;0.5 g<\/strong><\/td>\n<\/tr>\n<tr>\n<td style=\"padding: 8px;\"><strong>Salt<\/strong><\/td>\n<td style=\"text-align: right; padding: 8px;\"><strong>&lt;0.01 g<\/strong><\/td>\n<\/tr>\n<\/tbody>\n<\/table><\/div>\n<p>        &nbsp;\n    <\/p><\/div>\n<\/div>\n<\/div>\n<\/div>\n<p>[\/vc_column_text][\/vc_column][vc_column width=&#8221;1\/2&#8243; css=&#8221;.vc_custom_1490694541710{padding-top: 0px !important;}&#8221;][\/vc_column][\/vc_row]<\/p>\n<\/div>","protected":false},"excerpt":{"rendered":"<p class=\"p1\">Zwitscherl \u2013 the name says it all! This sparkling, light wine chirps joyfully like a summer bird in the glass and provides carefree drinking pleasure. With its lively freshness and charmingly reduced alcohol content, it is the perfect companion for mild evenings, sunny afternoons, or spontaneous parties. Simply pour, chirp, and enjoy \u2013 cheers to the lightness!<\/p>\n","protected":false},"featured_media":22147,"comment_status":"open","ping_status":"closed","template":"","meta":[],"product_cat":[38],"product_tag":[],"class_list":{"0":"post-22146","1":"product","2":"type-product","3":"status-publish","4":"has-post-thumbnail","6":"product_cat-hauser-wein","8":"first","9":"instock","10":"taxable","11":"shipping-taxable","12":"purchasable","13":"product-type-simple"},"yoast_head":"<!-- This site is optimized with the Yoast SEO plugin v24.0 - https:\/\/yoast.com\/wordpress\/plugins\/seo\/ -->\n<title>Zwitscherl - Gr\u00fcner Veltliner - Anno1555<\/title>\n<meta name=\"robots\" content=\"index, follow, max-snippet:-1, max-image-preview:large, max-video-preview:-1\" \/>\n<link rel=\"canonical\" href=\"https:\/\/www.anno1555.com\/en\/shop\/zwitscherl-gruener-veltliner\/\" \/>\n<meta property=\"og:locale\" content=\"en_US\" \/>\n<meta property=\"og:type\" content=\"article\" \/>\n<meta property=\"og:title\" content=\"Roter Muskateller\" \/>\n<meta property=\"og:description\" content=\"Verr\u00fcckt: Hei\u00dft zwar rot, ist aber wei\u00df. Dieser Wein ist eine echte Rarit\u00e4t. Weinmacher Werner Hauser war schon als junger Winzer von dieser besonderen Rebsorte verzaubert: Zu Reifebeginn verf\u00e4rbt sich die Schale der Traube rot, das Fleisch bleibt jedoch wei\u00df. Mittlerweile verzaubert dieser besondere Wein alle, die ihn trinken. Mit seinem besonderen frischen, floralen Aroma erinnert er nicht nur leicht an Holunderbl\u00fcten und knackige gr\u00fcne Fr\u00fcchte, sondern impliziert auch ein leichtes Prickeln am Gaumen.\" \/>\n<meta property=\"og:url\" content=\"https:\/\/www.anno1555.com\/en\/shop\/zwitscherl-gruener-veltliner\/\" \/>\n<meta property=\"og:site_name\" content=\"Anno1555\" \/>\n<meta property=\"article:publisher\" content=\"https:\/\/www.facebook.com\/anno1555\" \/>\n<meta property=\"article:modified_time\" content=\"2026-04-13T06:03:29+00:00\" \/>\n<meta property=\"og:image\" content=\"https:\/\/www.anno1555.com\/wp-content\/uploads\/2020\/02\/casanova_rot_social-1.jpg\" \/>\n\t<meta property=\"og:image:width\" content=\"1366\" \/>\n\t<meta property=\"og:image:height\" content=\"768\" \/>\n\t<meta property=\"og:image:type\" content=\"image\/jpeg\" \/>\n<meta name=\"twitter:card\" content=\"summary_large_image\" \/>\n<script type=\"application\/ld+json\" class=\"yoast-schema-graph\">{\"@context\":\"https:\/\/schema.org\",\"@graph\":[{\"@type\":\"WebPage\",\"@id\":\"https:\/\/www.anno1555.com\/en\/shop\/zwitscherl-gruener-veltliner\/\",\"url\":\"https:\/\/www.anno1555.com\/en\/shop\/zwitscherl-gruener-veltliner\/\",\"name\":\"Zwitscherl - Gr\u00fcner Veltliner - Anno1555\",\"isPartOf\":{\"@id\":\"https:\/\/www.anno1555.com\/en\/#website\"},\"primaryImageOfPage\":{\"@id\":\"https:\/\/www.anno1555.com\/en\/shop\/zwitscherl-gruener-veltliner\/#primaryimage\"},\"image\":{\"@id\":\"https:\/\/www.anno1555.com\/shop\/zwitscherl-gruener-veltliner\/#primaryimage\"},\"thumbnailUrl\":\"https:\/\/www.anno1555.com\/wp-content\/uploads\/2025\/01\/Zwitscherl_Shop.png\",\"datePublished\":\"2025-01-14T17:29:19+00:00\",\"dateModified\":\"2026-04-13T06:03:29+00:00\",\"breadcrumb\":{\"@id\":\"https:\/\/www.anno1555.com\/en\/shop\/zwitscherl-gruener-veltliner\/#breadcrumb\"},\"inLanguage\":\"en-US\",\"potentialAction\":[{\"@type\":\"ReadAction\",\"target\":[[\"https:\/\/www.anno1555.com\/en\/shop\/zwitscherl-gruener-veltliner\/\"]]}]},{\"@type\":\"ImageObject\",\"inLanguage\":\"en-US\",\"@id\":\"https:\/\/www.anno1555.com\/en\/shop\/zwitscherl-gruener-veltliner\/#primaryimage\",\"url\":\"https:\/\/www.anno1555.com\/wp-content\/uploads\/2025\/01\/Zwitscherl_Shop.png\",\"contentUrl\":\"https:\/\/www.anno1555.com\/wp-content\/uploads\/2025\/01\/Zwitscherl_Shop.png\",\"width\":600,\"height\":600},{\"@type\":\"BreadcrumbList\",\"@id\":\"https:\/\/www.anno1555.com\/en\/shop\/zwitscherl-gruener-veltliner\/#breadcrumb\",\"itemListElement\":[{\"@type\":\"ListItem\",\"position\":1,\"name\":\"Startseite\",\"item\":\"https:\/\/www.anno1555.com\/en\/\"},{\"@type\":\"ListItem\",\"position\":2,\"name\":\"Shop\",\"item\":\"https:\/\/www.anno1555.com\/en\/shop\/\"},{\"@type\":\"ListItem\",\"position\":3,\"name\":\"Zwitscherl &#8211; Gr\u00fcner Veltliner\"}]},{\"@type\":\"WebSite\",\"@id\":\"https:\/\/www.anno1555.com\/en\/#website\",\"url\":\"https:\/\/www.anno1555.com\/en\/\",\"name\":\"Anno1555\",\"description\":\"Hauser Wein, Jus(t), Geschein\",\"potentialAction\":[{\"@type\":\"SearchAction\",\"target\":{\"@type\":\"EntryPoint\",\"urlTemplate\":\"https:\/\/www.anno1555.com\/en\/?s={search_term_string}\"},\"query-input\":{\"@type\":\"PropertyValueSpecification\",\"valueRequired\":true,\"valueName\":\"search_term_string\"}}],\"inLanguage\":\"en-US\"}]}<\/script>\n<!-- \/ Yoast SEO plugin. -->","yoast_head_json":{"title":"Zwitscherl - Gr\u00fcner Veltliner - Anno1555","robots":{"index":"index","follow":"follow","max-snippet":"max-snippet:-1","max-image-preview":"max-image-preview:large","max-video-preview":"max-video-preview:-1"},"canonical":"https:\/\/www.anno1555.com\/en\/shop\/zwitscherl-gruener-veltliner\/","og_locale":"en_US","og_type":"article","og_title":"Roter Muskateller","og_description":"Verr\u00fcckt: Hei\u00dft zwar rot, ist aber wei\u00df. Dieser Wein ist eine echte Rarit\u00e4t. Weinmacher Werner Hauser war schon als junger Winzer von dieser besonderen Rebsorte verzaubert: Zu Reifebeginn verf\u00e4rbt sich die Schale der Traube rot, das Fleisch bleibt jedoch wei\u00df. Mittlerweile verzaubert dieser besondere Wein alle, die ihn trinken. Mit seinem besonderen frischen, floralen Aroma erinnert er nicht nur leicht an Holunderbl\u00fcten und knackige gr\u00fcne Fr\u00fcchte, sondern impliziert auch ein leichtes Prickeln am Gaumen.","og_url":"https:\/\/www.anno1555.com\/en\/shop\/zwitscherl-gruener-veltliner\/","og_site_name":"Anno1555","article_publisher":"https:\/\/www.facebook.com\/anno1555","article_modified_time":"2026-04-13T06:03:29+00:00","og_image":[{"width":1366,"height":768,"url":"https:\/\/www.anno1555.com\/wp-content\/uploads\/2020\/02\/casanova_rot_social-1.jpg","type":"image\/jpeg"}],"twitter_card":"summary_large_image","schema":{"@context":"https:\/\/schema.org","@graph":[{"@type":"WebPage","@id":"https:\/\/www.anno1555.com\/en\/shop\/zwitscherl-gruener-veltliner\/","url":"https:\/\/www.anno1555.com\/en\/shop\/zwitscherl-gruener-veltliner\/","name":"Zwitscherl - Gr\u00fcner Veltliner - Anno1555","isPartOf":{"@id":"https:\/\/www.anno1555.com\/en\/#website"},"primaryImageOfPage":{"@id":"https:\/\/www.anno1555.com\/en\/shop\/zwitscherl-gruener-veltliner\/#primaryimage"},"image":{"@id":"https:\/\/www.anno1555.com\/shop\/zwitscherl-gruener-veltliner\/#primaryimage"},"thumbnailUrl":"https:\/\/www.anno1555.com\/wp-content\/uploads\/2025\/01\/Zwitscherl_Shop.png","datePublished":"2025-01-14T17:29:19+00:00","dateModified":"2026-04-13T06:03:29+00:00","breadcrumb":{"@id":"https:\/\/www.anno1555.com\/en\/shop\/zwitscherl-gruener-veltliner\/#breadcrumb"},"inLanguage":"en-US","potentialAction":[{"@type":"ReadAction","target":[["https:\/\/www.anno1555.com\/en\/shop\/zwitscherl-gruener-veltliner\/"]]}]},{"@type":"ImageObject","inLanguage":"en-US","@id":"https:\/\/www.anno1555.com\/en\/shop\/zwitscherl-gruener-veltliner\/#primaryimage","url":"https:\/\/www.anno1555.com\/wp-content\/uploads\/2025\/01\/Zwitscherl_Shop.png","contentUrl":"https:\/\/www.anno1555.com\/wp-content\/uploads\/2025\/01\/Zwitscherl_Shop.png","width":600,"height":600},{"@type":"BreadcrumbList","@id":"https:\/\/www.anno1555.com\/en\/shop\/zwitscherl-gruener-veltliner\/#breadcrumb","itemListElement":[{"@type":"ListItem","position":1,"name":"Startseite","item":"https:\/\/www.anno1555.com\/en\/"},{"@type":"ListItem","position":2,"name":"Shop","item":"https:\/\/www.anno1555.com\/en\/shop\/"},{"@type":"ListItem","position":3,"name":"Zwitscherl &#8211; Gr\u00fcner Veltliner"}]},{"@type":"WebSite","@id":"https:\/\/www.anno1555.com\/en\/#website","url":"https:\/\/www.anno1555.com\/en\/","name":"Anno1555","description":"Hauser Wein, Jus(t), Geschein","potentialAction":[{"@type":"SearchAction","target":{"@type":"EntryPoint","urlTemplate":"https:\/\/www.anno1555.com\/en\/?s={search_term_string}"},"query-input":{"@type":"PropertyValueSpecification","valueRequired":true,"valueName":"search_term_string"}}],"inLanguage":"en-US"}]}},"_links":{"self":[{"href":"https:\/\/www.anno1555.com\/en\/wp-json\/wp\/v2\/product\/22146","targetHints":{"allow":["GET"]}}],"collection":[{"href":"https:\/\/www.anno1555.com\/en\/wp-json\/wp\/v2\/product"}],"about":[{"href":"https:\/\/www.anno1555.com\/en\/wp-json\/wp\/v2\/types\/product"}],"replies":[{"embeddable":true,"href":"https:\/\/www.anno1555.com\/en\/wp-json\/wp\/v2\/comments?post=22146"}],"wp:featuredmedia":[{"embeddable":true,"href":"https:\/\/www.anno1555.com\/en\/wp-json\/wp\/v2\/media\/22147"}],"wp:attachment":[{"href":"https:\/\/www.anno1555.com\/en\/wp-json\/wp\/v2\/media?parent=22146"}],"wp:term":[{"taxonomy":"product_cat","embeddable":true,"href":"https:\/\/www.anno1555.com\/en\/wp-json\/wp\/v2\/product_cat?post=22146"},{"taxonomy":"product_tag","embeddable":true,"href":"https:\/\/www.anno1555.com\/en\/wp-json\/wp\/v2\/product_tag?post=22146"}],"curies":[{"name":"wp","href":"https:\/\/api.w.org\/{rel}","templated":true}]}}