{"id":2793,"date":"2021-07-21T14:46:30","date_gmt":"2021-07-21T12:46:30","guid":{"rendered":"https:\/\/www.anno1555.com\/?post_type=product&#038;p=2793"},"modified":"2026-01-28T09:49:09","modified_gmt":"2026-01-28T08:49:09","slug":"gspritzter-rose-330ml-24-flaschen","status":"publish","type":"product","link":"https:\/\/www.anno1555.com\/en\/shop\/gspritzter-rose-330ml-24-flaschen\/","title":{"rendered":"G\u2019Spritzter Ros\u00e9 330ml &#8211; 24 bottles"},"content":{"rendered":"<div class=\"wpb-content-wrapper\"><p>[vc_row content_placement=&#8221;top&#8221;][vc_column width=&#8221;1\/2&#8243;][vc_column_text text_larger=&#8221;no&#8221; woodmart_inline=&#8221;no&#8221;]<\/p>\n<ul>\n<li style=\"list-style-type: none;\">\n<ul>\n<li>24 bottles je 330ml<\/li>\n<li>fresher Inhalt, freshes Design.<\/li>\n<li>0,33L \u2014 die ideale Gr\u00f6\u00dfe f\u00fcr Unterwegs.<\/li>\n<li>Soda gemixt mit unserem Ros\u00e9 vom Zweigelt.<\/li>\n<li>Inhalt:<br \/>\n5,5% vol<br \/>\nEnth\u00e4lt Sulfite<\/li>\n<li>Jahrgang:<br \/>\n2021<\/li>\n<li>Herkunft: Weinviertel N\u00d6<\/li>\n<li>Abf\u00fcller:<br \/>\nWeingut Hauser<br \/>\nBrunngasse 38<br \/>\n2170 Poysdorf<\/li>\n<\/ul>\n<p>&nbsp;<\/li>\n<\/ul>\n<p>[\/vc_column_text][\/vc_column][vc_column width=&#8221;1\/2&#8243; css=&#8221;.vc_custom_1490694541710{padding-top: 0px !important;}&#8221;][\/vc_column][\/vc_row][vc_row][vc_column][vc_column_text]<\/p>\n<p>[\/vc_column_text][\/vc_column][\/vc_row]<\/p>\n<\/div>","protected":false},"excerpt":{"rendered":"<p>Der perfekte Begleiter f\u00fcr sonnige Tage und hei\u00dfe N\u00e4chte. Unser erfrischender G\u2019Spritzter kommt im handlichen Format und begleitet dich und deine Liebsten beim Wandern, zum Baden, zum Relaxen ins Freie, zur Outdoor-Party oder, wenn du mal keine Zeit zum selber Mixen hast.<\/p>\n","protected":false},"featured_media":3687,"comment_status":"open","ping_status":"closed","template":"","meta":[],"product_cat":[78],"product_tag":[],"class_list":{"0":"post-2793","1":"product","2":"type-product","3":"status-publish","4":"has-post-thumbnail","6":"product_cat-gspritzter","8":"first","9":"instock","10":"sale","11":"taxable","12":"shipping-taxable","13":"purchasable","14":"product-type-simple"},"yoast_head":"<!-- This site is optimized with the Yoast SEO plugin v24.0 - https:\/\/yoast.com\/wordpress\/plugins\/seo\/ -->\n<title>G\u2019Spritzter Ros\u00e9 330ml - 24 bottles - Anno1555<\/title>\n<meta name=\"robots\" content=\"index, follow, max-snippet:-1, max-image-preview:large, max-video-preview:-1\" \/>\n<link rel=\"canonical\" href=\"https:\/\/www.anno1555.com\/en\/shop\/gspritzter-rose-330ml-24-flaschen\/\" \/>\n<meta property=\"og:locale\" content=\"en_US\" \/>\n<meta property=\"og:type\" content=\"article\" \/>\n<meta property=\"og:title\" content=\"Anno1555\" \/>\n<meta property=\"og:description\" content=\"Der perfekte Begleiter f\u00fcr sonnige Tage und hei\u00dfe N\u00e4chte. Unser erfrischender G\u2019Spritzter kommt im handlichen Format und begleitet dich und deine Liebsten beim Wandern, zum Baden, zum Relaxen ins Freie, zur Outdoor-Party oder, wenn du mal keine Zeit zum selber Mixen hast.\" \/>\n<meta property=\"og:url\" content=\"https:\/\/www.anno1555.com\/en\/shop\/gspritzter-rose-330ml-24-flaschen\/\" \/>\n<meta property=\"og:site_name\" content=\"Anno1555\" \/>\n<meta property=\"article:publisher\" content=\"https:\/\/www.facebook.com\/anno1555\" \/>\n<meta property=\"article:modified_time\" content=\"2026-01-28T08:49:09+00:00\" \/>\n<meta property=\"og:image\" content=\"https:\/\/www.anno1555.com\/wp-content\/uploads\/2021\/07\/gspritzter_rose24_social-1.jpg\" \/>\n\t<meta property=\"og:image:width\" content=\"1366\" \/>\n\t<meta property=\"og:image:height\" content=\"768\" \/>\n\t<meta property=\"og:image:type\" content=\"image\/jpeg\" \/>\n<meta name=\"twitter:card\" content=\"summary_large_image\" \/>\n<script type=\"application\/ld+json\" class=\"yoast-schema-graph\">{\"@context\":\"https:\/\/schema.org\",\"@graph\":[{\"@type\":\"WebPage\",\"@id\":\"https:\/\/www.anno1555.com\/en\/shop\/gspritzter-rose-330ml-24-flaschen\/\",\"url\":\"https:\/\/www.anno1555.com\/en\/shop\/gspritzter-rose-330ml-24-flaschen\/\",\"name\":\"G\u2019Spritzter Ros\u00e9 330ml - 24 bottles - Anno1555\",\"isPartOf\":{\"@id\":\"https:\/\/www.anno1555.com\/en\/#website\"},\"primaryImageOfPage\":{\"@id\":\"https:\/\/www.anno1555.com\/en\/shop\/gspritzter-rose-330ml-24-flaschen\/#primaryimage\"},\"image\":{\"@id\":\"https:\/\/www.anno1555.com\/shop\/gspritzter-rose-330ml-24-flaschen\/#primaryimage\"},\"thumbnailUrl\":\"https:\/\/www.anno1555.com\/wp-content\/uploads\/2021\/07\/shop_gspritzter_rose_24-1.png\",\"datePublished\":\"2021-07-21T12:46:30+00:00\",\"dateModified\":\"2026-01-28T08:49:09+00:00\",\"breadcrumb\":{\"@id\":\"https:\/\/www.anno1555.com\/en\/shop\/gspritzter-rose-330ml-24-flaschen\/#breadcrumb\"},\"inLanguage\":\"en-US\",\"potentialAction\":[{\"@type\":\"ReadAction\",\"target\":[[\"https:\/\/www.anno1555.com\/en\/shop\/gspritzter-rose-330ml-24-flaschen\/\"]]}]},{\"@type\":\"ImageObject\",\"inLanguage\":\"en-US\",\"@id\":\"https:\/\/www.anno1555.com\/en\/shop\/gspritzter-rose-330ml-24-flaschen\/#primaryimage\",\"url\":\"https:\/\/www.anno1555.com\/wp-content\/uploads\/2021\/07\/shop_gspritzter_rose_24-1.png\",\"contentUrl\":\"https:\/\/www.anno1555.com\/wp-content\/uploads\/2021\/07\/shop_gspritzter_rose_24-1.png\",\"width\":600,\"height\":600},{\"@type\":\"BreadcrumbList\",\"@id\":\"https:\/\/www.anno1555.com\/en\/shop\/gspritzter-rose-330ml-24-flaschen\/#breadcrumb\",\"itemListElement\":[{\"@type\":\"ListItem\",\"position\":1,\"name\":\"Startseite\",\"item\":\"https:\/\/www.anno1555.com\/en\/\"},{\"@type\":\"ListItem\",\"position\":2,\"name\":\"Shop\",\"item\":\"https:\/\/www.anno1555.com\/en\/shop\/\"},{\"@type\":\"ListItem\",\"position\":3,\"name\":\"G\u2019Spritzter Ros\u00e9 330ml &#8211; 24 Flaschen\"}]},{\"@type\":\"WebSite\",\"@id\":\"https:\/\/www.anno1555.com\/en\/#website\",\"url\":\"https:\/\/www.anno1555.com\/en\/\",\"name\":\"Anno1555\",\"description\":\"Hauser Wein, Jus(t), Geschein\",\"potentialAction\":[{\"@type\":\"SearchAction\",\"target\":{\"@type\":\"EntryPoint\",\"urlTemplate\":\"https:\/\/www.anno1555.com\/en\/?s={search_term_string}\"},\"query-input\":{\"@type\":\"PropertyValueSpecification\",\"valueRequired\":true,\"valueName\":\"search_term_string\"}}],\"inLanguage\":\"en-US\"}]}<\/script>\n<!-- \/ Yoast SEO plugin. -->","yoast_head_json":{"title":"G\u2019Spritzter Ros\u00e9 330ml - 24 bottles - Anno1555","robots":{"index":"index","follow":"follow","max-snippet":"max-snippet:-1","max-image-preview":"max-image-preview:large","max-video-preview":"max-video-preview:-1"},"canonical":"https:\/\/www.anno1555.com\/en\/shop\/gspritzter-rose-330ml-24-flaschen\/","og_locale":"en_US","og_type":"article","og_title":"Anno1555","og_description":"Der perfekte Begleiter f\u00fcr sonnige Tage und hei\u00dfe N\u00e4chte. Unser erfrischender G\u2019Spritzter kommt im handlichen Format und begleitet dich und deine Liebsten beim Wandern, zum Baden, zum Relaxen ins Freie, zur Outdoor-Party oder, wenn du mal keine Zeit zum selber Mixen hast.","og_url":"https:\/\/www.anno1555.com\/en\/shop\/gspritzter-rose-330ml-24-flaschen\/","og_site_name":"Anno1555","article_publisher":"https:\/\/www.facebook.com\/anno1555","article_modified_time":"2026-01-28T08:49:09+00:00","og_image":[{"width":1366,"height":768,"url":"https:\/\/www.anno1555.com\/wp-content\/uploads\/2021\/07\/gspritzter_rose24_social-1.jpg","type":"image\/jpeg"}],"twitter_card":"summary_large_image","schema":{"@context":"https:\/\/schema.org","@graph":[{"@type":"WebPage","@id":"https:\/\/www.anno1555.com\/en\/shop\/gspritzter-rose-330ml-24-flaschen\/","url":"https:\/\/www.anno1555.com\/en\/shop\/gspritzter-rose-330ml-24-flaschen\/","name":"G\u2019Spritzter Ros\u00e9 330ml - 24 bottles - Anno1555","isPartOf":{"@id":"https:\/\/www.anno1555.com\/en\/#website"},"primaryImageOfPage":{"@id":"https:\/\/www.anno1555.com\/en\/shop\/gspritzter-rose-330ml-24-flaschen\/#primaryimage"},"image":{"@id":"https:\/\/www.anno1555.com\/shop\/gspritzter-rose-330ml-24-flaschen\/#primaryimage"},"thumbnailUrl":"https:\/\/www.anno1555.com\/wp-content\/uploads\/2021\/07\/shop_gspritzter_rose_24-1.png","datePublished":"2021-07-21T12:46:30+00:00","dateModified":"2026-01-28T08:49:09+00:00","breadcrumb":{"@id":"https:\/\/www.anno1555.com\/en\/shop\/gspritzter-rose-330ml-24-flaschen\/#breadcrumb"},"inLanguage":"en-US","potentialAction":[{"@type":"ReadAction","target":[["https:\/\/www.anno1555.com\/en\/shop\/gspritzter-rose-330ml-24-flaschen\/"]]}]},{"@type":"ImageObject","inLanguage":"en-US","@id":"https:\/\/www.anno1555.com\/en\/shop\/gspritzter-rose-330ml-24-flaschen\/#primaryimage","url":"https:\/\/www.anno1555.com\/wp-content\/uploads\/2021\/07\/shop_gspritzter_rose_24-1.png","contentUrl":"https:\/\/www.anno1555.com\/wp-content\/uploads\/2021\/07\/shop_gspritzter_rose_24-1.png","width":600,"height":600},{"@type":"BreadcrumbList","@id":"https:\/\/www.anno1555.com\/en\/shop\/gspritzter-rose-330ml-24-flaschen\/#breadcrumb","itemListElement":[{"@type":"ListItem","position":1,"name":"Startseite","item":"https:\/\/www.anno1555.com\/en\/"},{"@type":"ListItem","position":2,"name":"Shop","item":"https:\/\/www.anno1555.com\/en\/shop\/"},{"@type":"ListItem","position":3,"name":"G\u2019Spritzter Ros\u00e9 330ml &#8211; 24 Flaschen"}]},{"@type":"WebSite","@id":"https:\/\/www.anno1555.com\/en\/#website","url":"https:\/\/www.anno1555.com\/en\/","name":"Anno1555","description":"Hauser Wein, Jus(t), Geschein","potentialAction":[{"@type":"SearchAction","target":{"@type":"EntryPoint","urlTemplate":"https:\/\/www.anno1555.com\/en\/?s={search_term_string}"},"query-input":{"@type":"PropertyValueSpecification","valueRequired":true,"valueName":"search_term_string"}}],"inLanguage":"en-US"}]}},"_links":{"self":[{"href":"https:\/\/www.anno1555.com\/en\/wp-json\/wp\/v2\/product\/2793","targetHints":{"allow":["GET"]}}],"collection":[{"href":"https:\/\/www.anno1555.com\/en\/wp-json\/wp\/v2\/product"}],"about":[{"href":"https:\/\/www.anno1555.com\/en\/wp-json\/wp\/v2\/types\/product"}],"replies":[{"embeddable":true,"href":"https:\/\/www.anno1555.com\/en\/wp-json\/wp\/v2\/comments?post=2793"}],"wp:featuredmedia":[{"embeddable":true,"href":"https:\/\/www.anno1555.com\/en\/wp-json\/wp\/v2\/media\/3687"}],"wp:attachment":[{"href":"https:\/\/www.anno1555.com\/en\/wp-json\/wp\/v2\/media?parent=2793"}],"wp:term":[{"taxonomy":"product_cat","embeddable":true,"href":"https:\/\/www.anno1555.com\/en\/wp-json\/wp\/v2\/product_cat?post=2793"},{"taxonomy":"product_tag","embeddable":true,"href":"https:\/\/www.anno1555.com\/en\/wp-json\/wp\/v2\/product_tag?post=2793"}],"curies":[{"name":"wp","href":"https:\/\/api.w.org\/{rel}","templated":true}]}}