{"id":4115,"date":"2022-01-11T09:42:42","date_gmt":"2022-01-11T08:42:42","guid":{"rendered":"https:\/\/www.anno1555.com\/?post_type=product&#038;p=4115"},"modified":"2026-04-13T08:05:12","modified_gmt":"2026-04-13T06:05:12","slug":"sweethaus-red","status":"publish","type":"product","link":"https:\/\/www.anno1555.com\/en\/shop\/sweethaus-red\/","title":{"rendered":"Sweethaus Red"},"content":{"rendered":"<div class=\"wpb-content-wrapper\"><p>[vc_row content_placement=&#8221;top&#8221;][vc_column width=&#8221;1\/2&#8243;][vc_column_text css=&#8221;&#8221; text_larger=&#8221;no&#8221; woodmart_inline=&#8221;no&#8221;]<\/p>\n<ul>\n<li>50 CL mit 18% vol Alc.<\/li>\n<li>Anders, jedoch wohlig vertraut<\/li>\n<li>Mild und fruchtig<\/li>\n<li>Drei Jahre im Holzfass gereift<\/li>\n<li>Inspiriert von der Machart portugiesischer S\u00fc\u00dfweine<\/li>\n<li>Eine sinnliche Geschmacksexplosion<\/li>\n<li>Der besondere Digestif<\/li>\n<li>Passt zu Dessert und Kaffee<\/li>\n<li>Jahrgang:<br \/>\n2021<\/li>\n<li>Herkunft:<br \/>\nWeinviertel N\u00d6<\/li>\n<li>Abf\u00fcller:<br \/>\nWeingut Hauser<br \/>\nBrunngasse 38<br \/>\n2170 Poysdorf<\/li>\n<\/ul>\n<div id=\"ingredients\">\n<h4><\/h4>\n<h4 class=\"section-title\">Ingredients<\/h4>\n<div class=\"text\">\n<p>Grapes*, concentrated grape must*, preservatives: Sulphites*; antioxidant: L-ascorbic acid*. Packaged in a protective atmosphere.<\/p>\n<p>* from organic farming<\/p>\n<h4 class=\"section-title\">Nutritional values<\/h4>\n<div id=\"nutritionalTable\">\n<table style=\"width: 100%; border-collapse: collapse;\" cellspacing=\"0\">\n<thead>\n<tr>\n<th style=\"text-align: left; padding: 8px; border-bottom: 2px solid #000;\"><\/th>\n<th style=\"text-align: right; padding: 8px; border-bottom: 2px solid #000;\">per 100ml<\/th>\n<\/tr>\n<\/thead>\n<tbody>\n<tr>\n<td style=\"padding: 8px; border-bottom: 1px solid #ddd;\"><strong>Energy<\/strong><\/td>\n<td style=\"text-align: right; padding: 8px; border-bottom: 1px solid #ddd;\"><strong><br \/>\n275 kJ<br \/>\n66 kcal<br \/>\n<\/strong><\/td>\n<\/tr>\n<tr>\n<td style=\"padding: 8px; border-bottom: 1px solid #ddd;\"><strong>Fat<\/strong><\/td>\n<td style=\"text-align: right; padding: 8px; border-bottom: 1px solid #ddd;\"><strong>&lt;0.5 g<\/strong><\/td>\n<\/tr>\n<tr>\n<td style=\"padding: 8px; border-bottom: 1px solid #ddd;\">of which saturates<\/td>\n<td style=\"text-align: right; padding: 8px; border-bottom: 1px solid #ddd;\">&lt;0.1 g<\/td>\n<\/tr>\n<tr>\n<td style=\"padding: 8px; border-bottom: 1px solid #ddd;\"><strong>Carbohydrate<\/strong><\/td>\n<td style=\"text-align: right; padding: 8px; border-bottom: 1px solid #ddd;\"><strong>1.8 g<\/strong><\/td>\n<\/tr>\n<tr>\n<td style=\"padding: 8px; border-bottom: 1px solid #ddd;\">of which sugars<\/td>\n<td style=\"text-align: right; padding: 8px; border-bottom: 1px solid #ddd;\">1 g<\/td>\n<\/tr>\n<tr>\n<td style=\"padding: 8px; border-bottom: 1px solid #ddd;\"><strong>Protein<\/strong><\/td>\n<td style=\"text-align: right; padding: 8px; border-bottom: 1px solid #ddd;\"><strong>&lt;0.5 g<\/strong><\/td>\n<\/tr>\n<tr>\n<td style=\"padding: 8px;\"><strong>Salt<\/strong><\/td>\n<td style=\"text-align: right; padding: 8px;\"><strong>&lt;0.01 g<\/strong><\/td>\n<\/tr>\n<\/tbody>\n<\/table>\n<\/div>\n<p>&nbsp;<\/p>\n<\/div>\n<\/div>\n<p>[\/vc_column_text][\/vc_column][vc_column width=&#8221;1\/2&#8243; css=&#8221;.vc_custom_1490694541710{padding-top: 0px !important;}&#8221;][\/vc_column][\/vc_row][\/vc_column_text][\/vc_column][vc_column width=&#8221;1\/2&#8243; css=&#8221;.vc_custom_1490694541710{padding-top: 0px !important;}&#8221;][\/vc_column][\/vc_row]<\/p>\n<\/div>","protected":false},"excerpt":{"rendered":"<p>S\u00fc\u00dfwein geh\u00f6rt zu vielen Trinkritualen des mediterranen Raums. Inspiriert von der Rezeptur des Portweins, die bereits im 11. Jahrhundert von M\u00f6nchen entwickelt wurden, geben wir diesem k\u00f6stlichen Tropfen unsere eigene Handschrift. Sweethaus RED ist mild im Alkohol, jedoch kr\u00e4ftig in der Frucht. Perfekt zum Abschluss eines sch\u00f6nen Essens und zum Kaffee.<\/p>\n","protected":false},"featured_media":4116,"comment_status":"open","ping_status":"closed","template":"","meta":[],"product_cat":[38],"product_tag":[],"class_list":{"0":"post-4115","1":"product","2":"type-product","3":"status-publish","4":"has-post-thumbnail","6":"product_cat-hauser-wein","8":"first","9":"instock","10":"taxable","11":"shipping-taxable","12":"purchasable","13":"product-type-simple"},"yoast_head":"<!-- This site is optimized with the Yoast SEO plugin v24.0 - https:\/\/yoast.com\/wordpress\/plugins\/seo\/ -->\n<title>Sweethaus Red - Anno1555<\/title>\n<meta name=\"robots\" content=\"index, follow, max-snippet:-1, max-image-preview:large, max-video-preview:-1\" \/>\n<link rel=\"canonical\" href=\"https:\/\/www.anno1555.com\/en\/shop\/sweethaus-red\/\" \/>\n<meta property=\"og:locale\" content=\"en_US\" \/>\n<meta property=\"og:type\" content=\"article\" \/>\n<meta property=\"og:title\" content=\"Sweethaus Red\" \/>\n<meta property=\"og:description\" content=\"S\u00fc\u00dfwein geh\u00f6rt zu vielen Trinkritualen des mediterranen Raums. Inspiriert von der Rezeptur des Portweins, die bereits im 11. Jahrhundert von M\u00f6nchen entwickelt wurden, geben wir diesem k\u00f6stlichen Tropfen unsere eigene Handschrift. Sweethaus RED ist mild im Alkohol, jedoch kr\u00e4ftig in der Frucht. Perfekt zum Abschluss eines sch\u00f6nen Essens und zum Kaffee.\" \/>\n<meta property=\"og:url\" content=\"https:\/\/www.anno1555.com\/en\/shop\/sweethaus-red\/\" \/>\n<meta property=\"og:site_name\" content=\"Anno1555\" \/>\n<meta property=\"article:publisher\" content=\"https:\/\/www.facebook.com\/anno1555\" \/>\n<meta property=\"article:modified_time\" content=\"2026-04-13T06:05:12+00:00\" \/>\n<meta property=\"og:image\" content=\"https:\/\/www.anno1555.com\/wp-content\/uploads\/2022\/01\/sweethaus_red_social.jpg\" \/>\n\t<meta property=\"og:image:width\" content=\"1366\" \/>\n\t<meta property=\"og:image:height\" content=\"768\" \/>\n\t<meta property=\"og:image:type\" content=\"image\/jpeg\" \/>\n<meta name=\"twitter:card\" content=\"summary_large_image\" \/>\n<script type=\"application\/ld+json\" class=\"yoast-schema-graph\">{\"@context\":\"https:\/\/schema.org\",\"@graph\":[{\"@type\":\"WebPage\",\"@id\":\"https:\/\/www.anno1555.com\/en\/shop\/sweethaus-red\/\",\"url\":\"https:\/\/www.anno1555.com\/en\/shop\/sweethaus-red\/\",\"name\":\"Sweethaus Red - Anno1555\",\"isPartOf\":{\"@id\":\"https:\/\/www.anno1555.com\/en\/#website\"},\"primaryImageOfPage\":{\"@id\":\"https:\/\/www.anno1555.com\/en\/shop\/sweethaus-red\/#primaryimage\"},\"image\":{\"@id\":\"https:\/\/www.anno1555.com\/shop\/sweethaus-red\/#primaryimage\"},\"thumbnailUrl\":\"https:\/\/www.anno1555.com\/wp-content\/uploads\/2022\/01\/Sweethaus-Red.png\",\"datePublished\":\"2022-01-11T08:42:42+00:00\",\"dateModified\":\"2026-04-13T06:05:12+00:00\",\"breadcrumb\":{\"@id\":\"https:\/\/www.anno1555.com\/en\/shop\/sweethaus-red\/#breadcrumb\"},\"inLanguage\":\"en-US\",\"potentialAction\":[{\"@type\":\"ReadAction\",\"target\":[[\"https:\/\/www.anno1555.com\/en\/shop\/sweethaus-red\/\"]]}]},{\"@type\":\"ImageObject\",\"inLanguage\":\"en-US\",\"@id\":\"https:\/\/www.anno1555.com\/en\/shop\/sweethaus-red\/#primaryimage\",\"url\":\"https:\/\/www.anno1555.com\/wp-content\/uploads\/2022\/01\/Sweethaus-Red.png\",\"contentUrl\":\"https:\/\/www.anno1555.com\/wp-content\/uploads\/2022\/01\/Sweethaus-Red.png\",\"width\":600,\"height\":600},{\"@type\":\"BreadcrumbList\",\"@id\":\"https:\/\/www.anno1555.com\/en\/shop\/sweethaus-red\/#breadcrumb\",\"itemListElement\":[{\"@type\":\"ListItem\",\"position\":1,\"name\":\"Startseite\",\"item\":\"https:\/\/www.anno1555.com\/en\/\"},{\"@type\":\"ListItem\",\"position\":2,\"name\":\"Shop\",\"item\":\"https:\/\/www.anno1555.com\/en\/shop\/\"},{\"@type\":\"ListItem\",\"position\":3,\"name\":\"Sweethaus Red\"}]},{\"@type\":\"WebSite\",\"@id\":\"https:\/\/www.anno1555.com\/en\/#website\",\"url\":\"https:\/\/www.anno1555.com\/en\/\",\"name\":\"Anno1555\",\"description\":\"Hauser Wein, Jus(t), Geschein\",\"potentialAction\":[{\"@type\":\"SearchAction\",\"target\":{\"@type\":\"EntryPoint\",\"urlTemplate\":\"https:\/\/www.anno1555.com\/en\/?s={search_term_string}\"},\"query-input\":{\"@type\":\"PropertyValueSpecification\",\"valueRequired\":true,\"valueName\":\"search_term_string\"}}],\"inLanguage\":\"en-US\"}]}<\/script>\n<!-- \/ Yoast SEO plugin. -->","yoast_head_json":{"title":"Sweethaus Red - Anno1555","robots":{"index":"index","follow":"follow","max-snippet":"max-snippet:-1","max-image-preview":"max-image-preview:large","max-video-preview":"max-video-preview:-1"},"canonical":"https:\/\/www.anno1555.com\/en\/shop\/sweethaus-red\/","og_locale":"en_US","og_type":"article","og_title":"Sweethaus Red","og_description":"S\u00fc\u00dfwein geh\u00f6rt zu vielen Trinkritualen des mediterranen Raums. Inspiriert von der Rezeptur des Portweins, die bereits im 11. Jahrhundert von M\u00f6nchen entwickelt wurden, geben wir diesem k\u00f6stlichen Tropfen unsere eigene Handschrift. Sweethaus RED ist mild im Alkohol, jedoch kr\u00e4ftig in der Frucht. Perfekt zum Abschluss eines sch\u00f6nen Essens und zum Kaffee.","og_url":"https:\/\/www.anno1555.com\/en\/shop\/sweethaus-red\/","og_site_name":"Anno1555","article_publisher":"https:\/\/www.facebook.com\/anno1555","article_modified_time":"2026-04-13T06:05:12+00:00","og_image":[{"width":1366,"height":768,"url":"https:\/\/www.anno1555.com\/wp-content\/uploads\/2022\/01\/sweethaus_red_social.jpg","type":"image\/jpeg"}],"twitter_card":"summary_large_image","schema":{"@context":"https:\/\/schema.org","@graph":[{"@type":"WebPage","@id":"https:\/\/www.anno1555.com\/en\/shop\/sweethaus-red\/","url":"https:\/\/www.anno1555.com\/en\/shop\/sweethaus-red\/","name":"Sweethaus Red - Anno1555","isPartOf":{"@id":"https:\/\/www.anno1555.com\/en\/#website"},"primaryImageOfPage":{"@id":"https:\/\/www.anno1555.com\/en\/shop\/sweethaus-red\/#primaryimage"},"image":{"@id":"https:\/\/www.anno1555.com\/shop\/sweethaus-red\/#primaryimage"},"thumbnailUrl":"https:\/\/www.anno1555.com\/wp-content\/uploads\/2022\/01\/Sweethaus-Red.png","datePublished":"2022-01-11T08:42:42+00:00","dateModified":"2026-04-13T06:05:12+00:00","breadcrumb":{"@id":"https:\/\/www.anno1555.com\/en\/shop\/sweethaus-red\/#breadcrumb"},"inLanguage":"en-US","potentialAction":[{"@type":"ReadAction","target":[["https:\/\/www.anno1555.com\/en\/shop\/sweethaus-red\/"]]}]},{"@type":"ImageObject","inLanguage":"en-US","@id":"https:\/\/www.anno1555.com\/en\/shop\/sweethaus-red\/#primaryimage","url":"https:\/\/www.anno1555.com\/wp-content\/uploads\/2022\/01\/Sweethaus-Red.png","contentUrl":"https:\/\/www.anno1555.com\/wp-content\/uploads\/2022\/01\/Sweethaus-Red.png","width":600,"height":600},{"@type":"BreadcrumbList","@id":"https:\/\/www.anno1555.com\/en\/shop\/sweethaus-red\/#breadcrumb","itemListElement":[{"@type":"ListItem","position":1,"name":"Startseite","item":"https:\/\/www.anno1555.com\/en\/"},{"@type":"ListItem","position":2,"name":"Shop","item":"https:\/\/www.anno1555.com\/en\/shop\/"},{"@type":"ListItem","position":3,"name":"Sweethaus Red"}]},{"@type":"WebSite","@id":"https:\/\/www.anno1555.com\/en\/#website","url":"https:\/\/www.anno1555.com\/en\/","name":"Anno1555","description":"Hauser Wein, Jus(t), Geschein","potentialAction":[{"@type":"SearchAction","target":{"@type":"EntryPoint","urlTemplate":"https:\/\/www.anno1555.com\/en\/?s={search_term_string}"},"query-input":{"@type":"PropertyValueSpecification","valueRequired":true,"valueName":"search_term_string"}}],"inLanguage":"en-US"}]}},"_links":{"self":[{"href":"https:\/\/www.anno1555.com\/en\/wp-json\/wp\/v2\/product\/4115","targetHints":{"allow":["GET"]}}],"collection":[{"href":"https:\/\/www.anno1555.com\/en\/wp-json\/wp\/v2\/product"}],"about":[{"href":"https:\/\/www.anno1555.com\/en\/wp-json\/wp\/v2\/types\/product"}],"replies":[{"embeddable":true,"href":"https:\/\/www.anno1555.com\/en\/wp-json\/wp\/v2\/comments?post=4115"}],"wp:featuredmedia":[{"embeddable":true,"href":"https:\/\/www.anno1555.com\/en\/wp-json\/wp\/v2\/media\/4116"}],"wp:attachment":[{"href":"https:\/\/www.anno1555.com\/en\/wp-json\/wp\/v2\/media?parent=4115"}],"wp:term":[{"taxonomy":"product_cat","embeddable":true,"href":"https:\/\/www.anno1555.com\/en\/wp-json\/wp\/v2\/product_cat?post=4115"},{"taxonomy":"product_tag","embeddable":true,"href":"https:\/\/www.anno1555.com\/en\/wp-json\/wp\/v2\/product_tag?post=4115"}],"curies":[{"name":"wp","href":"https:\/\/api.w.org\/{rel}","templated":true}]}}