{"id":758,"date":"2020-02-27T15:34:13","date_gmt":"2020-02-27T14:34:13","guid":{"rendered":"https:\/\/www.anno1555.com\/?post_type=product&#038;p=758"},"modified":"2026-01-11T11:33:19","modified_gmt":"2026-01-11T10:33:19","slug":"veltliner-friends","status":"publish","type":"product","link":"https:\/\/www.anno1555.com\/en\/shop\/veltliner-friends\/","title":{"rendered":"Veltliner FRIENDS"},"content":{"rendered":"<div class=\"wpb-content-wrapper\"><p>[vc_row content_placement=&#8221;top&#8221;][vc_column width=&#8221;1\/2&#8243;][vc_column_text text_larger=&#8221;no&#8221; woodmart_inline=&#8221;no&#8221;]<\/p>\n<ul>\n<li>Cuv\u00e9e.<\/li>\n<li>Our best piece! If you want to reward yourself, this is the right wine.<\/li>\n<li>The ripest grapes are used for this special wine.<\/li>\n<li>Content:<br \/>\n0.75 l \/ 12.5% alcohol \/ dry<br \/>\nContains sulphites<\/li>\n<li>Vintage:<br \/>\n2024<\/li>\n<li>Origin: Weinviertel Lower Austria<\/li>\n<li>Bottler:<br \/>\nWeingut Hauser<br \/>\nBrunngasse 38<br \/>\n2170 Poysdorf<\/li>\n<\/ul>\n<div id=\"ingredients\">\n<h4 class=\"section-title\">Ingredients<\/h4>\n<div class=\"text\">\n<p>        Grapes*, concentrated grape must*, preservatives: Sulphites*; antioxidant: L-ascorbic acid*. Packaged in a protective atmosphere.<br \/>\n        <br \/>\n        * from organic farming<\/p>\n<h4 class=\"section-title\">Nutritional values<\/h4>\n<div id=\"nutritionalTable\">\n<table style=\"width: 100%; border-collapse: collapse;\" cellspacing=\"0\">\n<thead>\n<tr>\n<th style=\"text-align: left; padding: 8px; border-bottom: 2px solid #000;\"><\/th>\n<th style=\"text-align: right; padding: 8px; border-bottom: 2px solid #000;\">per 100ml<\/th>\n<\/tr>\n<\/thead>\n<tbody>\n<tr>\n<td style=\"padding: 8px; border-bottom: 1px solid #ddd;\"><strong>Energy<\/strong><\/td>\n<td style=\"text-align: right; padding: 8px; border-bottom: 1px solid #ddd;\">\n                            <strong><br \/>\n                                275 kJ<br \/>\n                                66 kcal<br \/>\n                            <\/strong>\n                        <\/td>\n<\/tr>\n<tr>\n<td style=\"padding: 8px; border-bottom: 1px solid #ddd;\"><strong>Fat<\/strong><\/td>\n<td style=\"text-align: right; padding: 8px; border-bottom: 1px solid #ddd;\"><strong>&lt;0.5 g<\/strong><\/td>\n<\/tr>\n<tr>\n<td style=\"padding: 8px; border-bottom: 1px solid #ddd;\">of which saturates<\/td>\n<td style=\"text-align: right; padding: 8px; border-bottom: 1px solid #ddd;\">&lt;0.1 g<\/td>\n<\/tr>\n<tr>\n<td style=\"padding: 8px; border-bottom: 1px solid #ddd;\"><strong>Carbohydrate<\/strong><\/td>\n<td style=\"text-align: right; padding: 8px; border-bottom: 1px solid #ddd;\"><strong>1.8 g<\/strong><\/td>\n<\/tr>\n<tr>\n<td style=\"padding: 8px; border-bottom: 1px solid #ddd;\">of which sugars<\/td>\n<td style=\"text-align: right; padding: 8px; border-bottom: 1px solid #ddd;\">1 g<\/td>\n<\/tr>\n<tr>\n<td style=\"padding: 8px; border-bottom: 1px solid #ddd;\"><strong>Protein<\/strong><\/td>\n<td style=\"text-align: right; padding: 8px; border-bottom: 1px solid #ddd;\"><strong>&lt;0.5 g<\/strong><\/td>\n<\/tr>\n<tr>\n<td style=\"padding: 8px;\"><strong>Salt<\/strong><\/td>\n<td style=\"text-align: right; padding: 8px;\"><strong>&lt;0.01 g<\/strong><\/td>\n<\/tr>\n<\/tbody>\n<\/table><\/div>\n<p>        &nbsp;\n    <\/p><\/div>\n<\/div>\n<p>[\/vc_column_text][\/vc_column][vc_column width=&#8221;1\/2&#8243; css=&#8221;.vc_custom_1490694541710{padding-top: 0px !important;}&#8221;][\/vc_column][\/vc_row]<\/p>\n<\/div>","protected":false},"excerpt":{"rendered":"<p>It\u2019s time for a fairy tale: This brilliant wine actually emerged from the drunk face of two friends. FRIENDS is the essence of the best Veltliners from the Werner Hauser and Michael Martin wineries, a cuv\u00e9e that could not be better. The ripest grapes of the harvest are used for this wine. FRIENDS impresses with its body taste, fullness and aroma of many emotions.<\/p>\n","protected":false},"featured_media":1150,"comment_status":"open","ping_status":"closed","template":"","meta":[],"product_cat":[38],"product_tag":[],"class_list":{"0":"post-758","1":"product","2":"type-product","3":"status-publish","4":"has-post-thumbnail","6":"product_cat-hauser-wein","8":"first","9":"instock","10":"taxable","11":"shipping-taxable","12":"purchasable","13":"product-type-simple"},"yoast_head":"<!-- This site is optimized with the Yoast SEO plugin v24.0 - https:\/\/yoast.com\/wordpress\/plugins\/seo\/ -->\n<title>Veltliner FRIENDS - Anno1555<\/title>\n<meta name=\"robots\" content=\"index, follow, max-snippet:-1, max-image-preview:large, max-video-preview:-1\" \/>\n<link rel=\"canonical\" href=\"https:\/\/www.anno1555.com\/en\/shop\/veltliner-friends\/\" \/>\n<meta property=\"og:locale\" content=\"en_US\" \/>\n<meta property=\"og:type\" content=\"article\" \/>\n<meta property=\"og:title\" content=\"Veltliner Friends\" \/>\n<meta property=\"og:description\" content=\"Storytime: Dieser geniale Wein entstand tats\u00e4chlich aus einer b\u2019soffenen G\u2019schicht zweier Freunde. FRIENDS ist die Essenz der besten Veltliner aus den Weing\u00fctern Werner Hauser und Michael Martin, ein Cuvee, wie er besser nicht sein k\u00f6nnte. F\u00fcr diesen Wein werden die reifsten Trauben der Ernte verwendet. FRIENDS besticht im Geschmack mit K\u00f6rper, F\u00fclle und dem Aroma vieler Emotionen.\" \/>\n<meta property=\"og:url\" content=\"https:\/\/www.anno1555.com\/en\/shop\/veltliner-friends\/\" \/>\n<meta property=\"og:site_name\" content=\"Anno1555\" \/>\n<meta property=\"article:publisher\" content=\"https:\/\/www.facebook.com\/anno1555\" \/>\n<meta property=\"article:modified_time\" content=\"2026-01-11T10:33:19+00:00\" \/>\n<meta property=\"og:image\" content=\"https:\/\/www.anno1555.com\/wp-content\/uploads\/2020\/02\/friends_social_praemierung.jpg\" \/>\n\t<meta property=\"og:image:width\" content=\"1366\" \/>\n\t<meta property=\"og:image:height\" content=\"768\" \/>\n\t<meta property=\"og:image:type\" content=\"image\/jpeg\" \/>\n<meta name=\"twitter:card\" content=\"summary_large_image\" \/>\n<script type=\"application\/ld+json\" class=\"yoast-schema-graph\">{\"@context\":\"https:\/\/schema.org\",\"@graph\":[{\"@type\":\"WebPage\",\"@id\":\"https:\/\/www.anno1555.com\/en\/shop\/veltliner-friends\/\",\"url\":\"https:\/\/www.anno1555.com\/en\/shop\/veltliner-friends\/\",\"name\":\"Veltliner FRIENDS - Anno1555\",\"isPartOf\":{\"@id\":\"https:\/\/www.anno1555.com\/en\/#website\"},\"primaryImageOfPage\":{\"@id\":\"https:\/\/www.anno1555.com\/en\/shop\/veltliner-friends\/#primaryimage\"},\"image\":{\"@id\":\"https:\/\/www.anno1555.com\/shop\/veltliner-friends\/#primaryimage\"},\"thumbnailUrl\":\"https:\/\/www.anno1555.com\/wp-content\/uploads\/2020\/02\/shop_veltliner_friends.png\",\"datePublished\":\"2020-02-27T14:34:13+00:00\",\"dateModified\":\"2026-01-11T10:33:19+00:00\",\"breadcrumb\":{\"@id\":\"https:\/\/www.anno1555.com\/en\/shop\/veltliner-friends\/#breadcrumb\"},\"inLanguage\":\"en-US\",\"potentialAction\":[{\"@type\":\"ReadAction\",\"target\":[[\"https:\/\/www.anno1555.com\/en\/shop\/veltliner-friends\/\"]]}]},{\"@type\":\"ImageObject\",\"inLanguage\":\"en-US\",\"@id\":\"https:\/\/www.anno1555.com\/en\/shop\/veltliner-friends\/#primaryimage\",\"url\":\"https:\/\/www.anno1555.com\/wp-content\/uploads\/2020\/02\/shop_veltliner_friends.png\",\"contentUrl\":\"https:\/\/www.anno1555.com\/wp-content\/uploads\/2020\/02\/shop_veltliner_friends.png\",\"width\":600,\"height\":600,\"caption\":\"Veltliner FRIENDS. Ein Cuvee. Unser bestes St\u00fcck! Ein wohlverdienter Wein, wenn man sich belohnen m\u00f6chte. Die reifsten Trauben werden f\u00fcr diesen besonderen Wein verwendet.\"},{\"@type\":\"BreadcrumbList\",\"@id\":\"https:\/\/www.anno1555.com\/en\/shop\/veltliner-friends\/#breadcrumb\",\"itemListElement\":[{\"@type\":\"ListItem\",\"position\":1,\"name\":\"Startseite\",\"item\":\"https:\/\/www.anno1555.com\/en\/\"},{\"@type\":\"ListItem\",\"position\":2,\"name\":\"Shop\",\"item\":\"https:\/\/www.anno1555.com\/en\/shop\/\"},{\"@type\":\"ListItem\",\"position\":3,\"name\":\"Veltliner FRIENDS\"}]},{\"@type\":\"WebSite\",\"@id\":\"https:\/\/www.anno1555.com\/en\/#website\",\"url\":\"https:\/\/www.anno1555.com\/en\/\",\"name\":\"Anno1555\",\"description\":\"Hauser Wein, Jus(t), Geschein\",\"potentialAction\":[{\"@type\":\"SearchAction\",\"target\":{\"@type\":\"EntryPoint\",\"urlTemplate\":\"https:\/\/www.anno1555.com\/en\/?s={search_term_string}\"},\"query-input\":{\"@type\":\"PropertyValueSpecification\",\"valueRequired\":true,\"valueName\":\"search_term_string\"}}],\"inLanguage\":\"en-US\"}]}<\/script>\n<!-- \/ Yoast SEO plugin. -->","yoast_head_json":{"title":"Veltliner FRIENDS - Anno1555","robots":{"index":"index","follow":"follow","max-snippet":"max-snippet:-1","max-image-preview":"max-image-preview:large","max-video-preview":"max-video-preview:-1"},"canonical":"https:\/\/www.anno1555.com\/en\/shop\/veltliner-friends\/","og_locale":"en_US","og_type":"article","og_title":"Veltliner Friends","og_description":"Storytime: Dieser geniale Wein entstand tats\u00e4chlich aus einer b\u2019soffenen G\u2019schicht zweier Freunde. FRIENDS ist die Essenz der besten Veltliner aus den Weing\u00fctern Werner Hauser und Michael Martin, ein Cuvee, wie er besser nicht sein k\u00f6nnte. F\u00fcr diesen Wein werden die reifsten Trauben der Ernte verwendet. FRIENDS besticht im Geschmack mit K\u00f6rper, F\u00fclle und dem Aroma vieler Emotionen.","og_url":"https:\/\/www.anno1555.com\/en\/shop\/veltliner-friends\/","og_site_name":"Anno1555","article_publisher":"https:\/\/www.facebook.com\/anno1555","article_modified_time":"2026-01-11T10:33:19+00:00","og_image":[{"width":1366,"height":768,"url":"https:\/\/www.anno1555.com\/wp-content\/uploads\/2020\/02\/friends_social_praemierung.jpg","type":"image\/jpeg"}],"twitter_card":"summary_large_image","schema":{"@context":"https:\/\/schema.org","@graph":[{"@type":"WebPage","@id":"https:\/\/www.anno1555.com\/en\/shop\/veltliner-friends\/","url":"https:\/\/www.anno1555.com\/en\/shop\/veltliner-friends\/","name":"Veltliner FRIENDS - Anno1555","isPartOf":{"@id":"https:\/\/www.anno1555.com\/en\/#website"},"primaryImageOfPage":{"@id":"https:\/\/www.anno1555.com\/en\/shop\/veltliner-friends\/#primaryimage"},"image":{"@id":"https:\/\/www.anno1555.com\/shop\/veltliner-friends\/#primaryimage"},"thumbnailUrl":"https:\/\/www.anno1555.com\/wp-content\/uploads\/2020\/02\/shop_veltliner_friends.png","datePublished":"2020-02-27T14:34:13+00:00","dateModified":"2026-01-11T10:33:19+00:00","breadcrumb":{"@id":"https:\/\/www.anno1555.com\/en\/shop\/veltliner-friends\/#breadcrumb"},"inLanguage":"en-US","potentialAction":[{"@type":"ReadAction","target":[["https:\/\/www.anno1555.com\/en\/shop\/veltliner-friends\/"]]}]},{"@type":"ImageObject","inLanguage":"en-US","@id":"https:\/\/www.anno1555.com\/en\/shop\/veltliner-friends\/#primaryimage","url":"https:\/\/www.anno1555.com\/wp-content\/uploads\/2020\/02\/shop_veltliner_friends.png","contentUrl":"https:\/\/www.anno1555.com\/wp-content\/uploads\/2020\/02\/shop_veltliner_friends.png","width":600,"height":600,"caption":"Veltliner FRIENDS. Ein Cuvee. Unser bestes St\u00fcck! Ein wohlverdienter Wein, wenn man sich belohnen m\u00f6chte. Die reifsten Trauben werden f\u00fcr diesen besonderen Wein verwendet."},{"@type":"BreadcrumbList","@id":"https:\/\/www.anno1555.com\/en\/shop\/veltliner-friends\/#breadcrumb","itemListElement":[{"@type":"ListItem","position":1,"name":"Startseite","item":"https:\/\/www.anno1555.com\/en\/"},{"@type":"ListItem","position":2,"name":"Shop","item":"https:\/\/www.anno1555.com\/en\/shop\/"},{"@type":"ListItem","position":3,"name":"Veltliner FRIENDS"}]},{"@type":"WebSite","@id":"https:\/\/www.anno1555.com\/en\/#website","url":"https:\/\/www.anno1555.com\/en\/","name":"Anno1555","description":"Hauser Wein, Jus(t), Geschein","potentialAction":[{"@type":"SearchAction","target":{"@type":"EntryPoint","urlTemplate":"https:\/\/www.anno1555.com\/en\/?s={search_term_string}"},"query-input":{"@type":"PropertyValueSpecification","valueRequired":true,"valueName":"search_term_string"}}],"inLanguage":"en-US"}]}},"_links":{"self":[{"href":"https:\/\/www.anno1555.com\/en\/wp-json\/wp\/v2\/product\/758","targetHints":{"allow":["GET"]}}],"collection":[{"href":"https:\/\/www.anno1555.com\/en\/wp-json\/wp\/v2\/product"}],"about":[{"href":"https:\/\/www.anno1555.com\/en\/wp-json\/wp\/v2\/types\/product"}],"replies":[{"embeddable":true,"href":"https:\/\/www.anno1555.com\/en\/wp-json\/wp\/v2\/comments?post=758"}],"wp:featuredmedia":[{"embeddable":true,"href":"https:\/\/www.anno1555.com\/en\/wp-json\/wp\/v2\/media\/1150"}],"wp:attachment":[{"href":"https:\/\/www.anno1555.com\/en\/wp-json\/wp\/v2\/media?parent=758"}],"wp:term":[{"taxonomy":"product_cat","embeddable":true,"href":"https:\/\/www.anno1555.com\/en\/wp-json\/wp\/v2\/product_cat?post=758"},{"taxonomy":"product_tag","embeddable":true,"href":"https:\/\/www.anno1555.com\/en\/wp-json\/wp\/v2\/product_tag?post=758"}],"curies":[{"name":"wp","href":"https:\/\/api.w.org\/{rel}","templated":true}]}}