{"id":763,"date":"2020-02-27T15:50:56","date_gmt":"2020-02-27T14:50:56","guid":{"rendered":"https:\/\/www.anno1555.com\/?post_type=product&#038;p=763"},"modified":"2026-01-11T11:33:00","modified_gmt":"2026-01-11T10:33:00","slug":"casanova-weiss","status":"publish","type":"product","link":"https:\/\/www.anno1555.com\/en\/shop\/casanova-weiss\/","title":{"rendered":"Casanova Wei\u00df (White Casanova)"},"content":{"rendered":"<div class=\"wpb-content-wrapper\"><p>[vc_row content_placement=&#8221;top&#8221;][vc_column width=&#8221;1\/2&#8243;][vc_column_text text_larger=&#8221;no&#8221; woodmart_inline=&#8221;no&#8221;]<\/p>\n<ul>\n<li>Friends of fruity taste are in good hands with this wine.<\/li>\n<li>Casanova is a mixture of Muscat and Sauvignon Blanc.<\/li>\n<li>Very mild acidity with mild fruity sweetness.<\/li>\n<li>Content:<br \/>\n0.75 l \/ 11.5% \/ semi-dry<br \/>\nContains sulphites<\/li>\n<li>Vintage:<br \/>\n2025<\/li>\n<li>Origin: Weinviertel Lower Austria<\/li>\n<li>Bottler:<br \/>\nWeingut Hauser<br \/>\nBrunngasse 38<br \/>\n2170 Poysdorf<\/li>\n<\/ul>\n<div id=\"ingredients\">\n<h4 class=\"section-title\">Ingredients<\/h4>\n<div class=\"text\">\n<p>        Grapes*, concentrated grape must*, preservatives: Sulphites*; antioxidant: L-ascorbic acid*. Packaged in a protective atmosphere.<br \/>\n        <br \/>\n        * from organic farming<\/p>\n<h4 class=\"section-title\">Nutritional values<\/h4>\n<div id=\"nutritionalTable\">\n<table style=\"width: 100%; border-collapse: collapse;\" cellspacing=\"0\">\n<thead>\n<tr>\n<th style=\"text-align: left; padding: 8px; border-bottom: 2px solid #000;\"><\/th>\n<th style=\"text-align: right; padding: 8px; border-bottom: 2px solid #000;\">per 100ml<\/th>\n<\/tr>\n<\/thead>\n<tbody>\n<tr>\n<td style=\"padding: 8px; border-bottom: 1px solid #ddd;\"><strong>Energy<\/strong><\/td>\n<td style=\"text-align: right; padding: 8px; border-bottom: 1px solid #ddd;\">\n                            <strong><br \/>\n                                275 kJ<br \/>\n                                66 kcal<br \/>\n                            <\/strong>\n                        <\/td>\n<\/tr>\n<tr>\n<td style=\"padding: 8px; border-bottom: 1px solid #ddd;\"><strong>Fat<\/strong><\/td>\n<td style=\"text-align: right; padding: 8px; border-bottom: 1px solid #ddd;\"><strong>&lt;0.5 g<\/strong><\/td>\n<\/tr>\n<tr>\n<td style=\"padding: 8px; border-bottom: 1px solid #ddd;\">of which saturates<\/td>\n<td style=\"text-align: right; padding: 8px; border-bottom: 1px solid #ddd;\">&lt;0.1 g<\/td>\n<\/tr>\n<tr>\n<td style=\"padding: 8px; border-bottom: 1px solid #ddd;\"><strong>Carbohydrate<\/strong><\/td>\n<td style=\"text-align: right; padding: 8px; border-bottom: 1px solid #ddd;\"><strong>1.8 g<\/strong><\/td>\n<\/tr>\n<tr>\n<td style=\"padding: 8px; border-bottom: 1px solid #ddd;\">of which sugars<\/td>\n<td style=\"text-align: right; padding: 8px; border-bottom: 1px solid #ddd;\">1 g<\/td>\n<\/tr>\n<tr>\n<td style=\"padding: 8px; border-bottom: 1px solid #ddd;\"><strong>Protein<\/strong><\/td>\n<td style=\"text-align: right; padding: 8px; border-bottom: 1px solid #ddd;\"><strong>&lt;0.5 g<\/strong><\/td>\n<\/tr>\n<tr>\n<td style=\"padding: 8px;\"><strong>Salt<\/strong><\/td>\n<td style=\"text-align: right; padding: 8px;\"><strong>&lt;0.01 g<\/strong><\/td>\n<\/tr>\n<\/tbody>\n<\/table><\/div>\n<p>        &nbsp;\n    <\/p><\/div>\n<\/div>\n<p>[\/vc_column_text][\/vc_column][vc_column width=&#8221;1\/2&#8243; css=&#8221;.vc_custom_1490694541710{padding-top: 0px !important;}&#8221;][\/vc_column][\/vc_row]<\/p>\n<\/div>","protected":false},"excerpt":{"rendered":"<p>A name and sign at the same time \u2013 this fruity white wine will enchant you and your loved ones with its charm, elegance and a slight blink of the eye. Those who like fruit flavours are likely to fall in love very quickly in this case. The Casanova wine with its mild acidity goes best with a dessert or when you just want to treat yourself to something special.<\/p>\n","protected":false},"featured_media":21487,"comment_status":"open","ping_status":"closed","template":"","meta":[],"product_cat":[38],"product_tag":[],"class_list":{"0":"post-763","1":"product","2":"type-product","3":"status-publish","4":"has-post-thumbnail","6":"product_cat-hauser-wein","8":"first","9":"instock","10":"taxable","11":"shipping-taxable","12":"purchasable","13":"product-type-simple"},"yoast_head":"<!-- This site is optimized with the Yoast SEO plugin v24.0 - https:\/\/yoast.com\/wordpress\/plugins\/seo\/ -->\n<title>Casanova Wei\u00df (White Casanova) - Anno1555<\/title>\n<meta name=\"robots\" content=\"index, follow, max-snippet:-1, max-image-preview:large, max-video-preview:-1\" \/>\n<link rel=\"canonical\" href=\"https:\/\/www.anno1555.com\/en\/shop\/casanova-weiss\/\" \/>\n<meta property=\"og:locale\" content=\"en_US\" \/>\n<meta property=\"og:type\" content=\"article\" \/>\n<meta property=\"og:title\" content=\"Casanova Wei\u00df\" \/>\n<meta property=\"og:description\" content=\"Der Name ist Programm \u2014\u00a0dieser fruchtige Wei\u00dfwein begegnet Ihnen und Ihren Liebsten mit Charme, Eleganz und einem leichten Augenzwinkern. Freunde des fruchtigen Geschmacks werden sich hier vermutlich recht schnell verknallen. Am Liebsten begegnet Ihnen der Casanova mit seiner milden S\u00e4ure zum Dessert oder wenn Sie sich einfach mal etwas Besonderes g\u00f6nnen m\u00f6chten.\" \/>\n<meta property=\"og:url\" content=\"https:\/\/www.anno1555.com\/en\/shop\/casanova-weiss\/\" \/>\n<meta property=\"og:site_name\" content=\"Anno1555\" \/>\n<meta property=\"article:publisher\" content=\"https:\/\/www.facebook.com\/anno1555\" \/>\n<meta property=\"article:modified_time\" content=\"2026-01-11T10:33:00+00:00\" \/>\n<meta property=\"og:image\" content=\"https:\/\/www.anno1555.com\/wp-content\/uploads\/2020\/02\/casanova_weiss_social-2.jpg\" \/>\n\t<meta property=\"og:image:width\" content=\"1366\" \/>\n\t<meta property=\"og:image:height\" content=\"768\" \/>\n\t<meta property=\"og:image:type\" content=\"image\/jpeg\" \/>\n<meta name=\"twitter:card\" content=\"summary_large_image\" \/>\n<script type=\"application\/ld+json\" class=\"yoast-schema-graph\">{\"@context\":\"https:\/\/schema.org\",\"@graph\":[{\"@type\":\"WebPage\",\"@id\":\"https:\/\/www.anno1555.com\/en\/shop\/casanova-weiss\/\",\"url\":\"https:\/\/www.anno1555.com\/en\/shop\/casanova-weiss\/\",\"name\":\"Casanova Wei\u00df (White Casanova) - Anno1555\",\"isPartOf\":{\"@id\":\"https:\/\/www.anno1555.com\/en\/#website\"},\"primaryImageOfPage\":{\"@id\":\"https:\/\/www.anno1555.com\/en\/shop\/casanova-weiss\/#primaryimage\"},\"image\":{\"@id\":\"https:\/\/www.anno1555.com\/shop\/casanova-weiss\/#primaryimage\"},\"thumbnailUrl\":\"https:\/\/www.anno1555.com\/wp-content\/uploads\/2020\/02\/shop_casanova_hauser.png\",\"datePublished\":\"2020-02-27T14:50:56+00:00\",\"dateModified\":\"2026-01-11T10:33:00+00:00\",\"breadcrumb\":{\"@id\":\"https:\/\/www.anno1555.com\/en\/shop\/casanova-weiss\/#breadcrumb\"},\"inLanguage\":\"en-US\",\"potentialAction\":[{\"@type\":\"ReadAction\",\"target\":[[\"https:\/\/www.anno1555.com\/en\/shop\/casanova-weiss\/\"]]}]},{\"@type\":\"ImageObject\",\"inLanguage\":\"en-US\",\"@id\":\"https:\/\/www.anno1555.com\/en\/shop\/casanova-weiss\/#primaryimage\",\"url\":\"https:\/\/www.anno1555.com\/wp-content\/uploads\/2020\/02\/shop_casanova_hauser.png\",\"contentUrl\":\"https:\/\/www.anno1555.com\/wp-content\/uploads\/2020\/02\/shop_casanova_hauser.png\",\"width\":600,\"height\":600},{\"@type\":\"BreadcrumbList\",\"@id\":\"https:\/\/www.anno1555.com\/en\/shop\/casanova-weiss\/#breadcrumb\",\"itemListElement\":[{\"@type\":\"ListItem\",\"position\":1,\"name\":\"Startseite\",\"item\":\"https:\/\/www.anno1555.com\/en\/\"},{\"@type\":\"ListItem\",\"position\":2,\"name\":\"Shop\",\"item\":\"https:\/\/www.anno1555.com\/en\/shop\/\"},{\"@type\":\"ListItem\",\"position\":3,\"name\":\"Casanova Wei\u00df\"}]},{\"@type\":\"WebSite\",\"@id\":\"https:\/\/www.anno1555.com\/en\/#website\",\"url\":\"https:\/\/www.anno1555.com\/en\/\",\"name\":\"Anno1555\",\"description\":\"Hauser Wein, Jus(t), Geschein\",\"potentialAction\":[{\"@type\":\"SearchAction\",\"target\":{\"@type\":\"EntryPoint\",\"urlTemplate\":\"https:\/\/www.anno1555.com\/en\/?s={search_term_string}\"},\"query-input\":{\"@type\":\"PropertyValueSpecification\",\"valueRequired\":true,\"valueName\":\"search_term_string\"}}],\"inLanguage\":\"en-US\"}]}<\/script>\n<!-- \/ Yoast SEO plugin. -->","yoast_head_json":{"title":"Casanova Wei\u00df (White Casanova) - Anno1555","robots":{"index":"index","follow":"follow","max-snippet":"max-snippet:-1","max-image-preview":"max-image-preview:large","max-video-preview":"max-video-preview:-1"},"canonical":"https:\/\/www.anno1555.com\/en\/shop\/casanova-weiss\/","og_locale":"en_US","og_type":"article","og_title":"Casanova Wei\u00df","og_description":"Der Name ist Programm \u2014\u00a0dieser fruchtige Wei\u00dfwein begegnet Ihnen und Ihren Liebsten mit Charme, Eleganz und einem leichten Augenzwinkern. Freunde des fruchtigen Geschmacks werden sich hier vermutlich recht schnell verknallen. Am Liebsten begegnet Ihnen der Casanova mit seiner milden S\u00e4ure zum Dessert oder wenn Sie sich einfach mal etwas Besonderes g\u00f6nnen m\u00f6chten.","og_url":"https:\/\/www.anno1555.com\/en\/shop\/casanova-weiss\/","og_site_name":"Anno1555","article_publisher":"https:\/\/www.facebook.com\/anno1555","article_modified_time":"2026-01-11T10:33:00+00:00","og_image":[{"width":1366,"height":768,"url":"https:\/\/www.anno1555.com\/wp-content\/uploads\/2020\/02\/casanova_weiss_social-2.jpg","type":"image\/jpeg"}],"twitter_card":"summary_large_image","schema":{"@context":"https:\/\/schema.org","@graph":[{"@type":"WebPage","@id":"https:\/\/www.anno1555.com\/en\/shop\/casanova-weiss\/","url":"https:\/\/www.anno1555.com\/en\/shop\/casanova-weiss\/","name":"Casanova Wei\u00df (White Casanova) - Anno1555","isPartOf":{"@id":"https:\/\/www.anno1555.com\/en\/#website"},"primaryImageOfPage":{"@id":"https:\/\/www.anno1555.com\/en\/shop\/casanova-weiss\/#primaryimage"},"image":{"@id":"https:\/\/www.anno1555.com\/shop\/casanova-weiss\/#primaryimage"},"thumbnailUrl":"https:\/\/www.anno1555.com\/wp-content\/uploads\/2020\/02\/shop_casanova_hauser.png","datePublished":"2020-02-27T14:50:56+00:00","dateModified":"2026-01-11T10:33:00+00:00","breadcrumb":{"@id":"https:\/\/www.anno1555.com\/en\/shop\/casanova-weiss\/#breadcrumb"},"inLanguage":"en-US","potentialAction":[{"@type":"ReadAction","target":[["https:\/\/www.anno1555.com\/en\/shop\/casanova-weiss\/"]]}]},{"@type":"ImageObject","inLanguage":"en-US","@id":"https:\/\/www.anno1555.com\/en\/shop\/casanova-weiss\/#primaryimage","url":"https:\/\/www.anno1555.com\/wp-content\/uploads\/2020\/02\/shop_casanova_hauser.png","contentUrl":"https:\/\/www.anno1555.com\/wp-content\/uploads\/2020\/02\/shop_casanova_hauser.png","width":600,"height":600},{"@type":"BreadcrumbList","@id":"https:\/\/www.anno1555.com\/en\/shop\/casanova-weiss\/#breadcrumb","itemListElement":[{"@type":"ListItem","position":1,"name":"Startseite","item":"https:\/\/www.anno1555.com\/en\/"},{"@type":"ListItem","position":2,"name":"Shop","item":"https:\/\/www.anno1555.com\/en\/shop\/"},{"@type":"ListItem","position":3,"name":"Casanova Wei\u00df"}]},{"@type":"WebSite","@id":"https:\/\/www.anno1555.com\/en\/#website","url":"https:\/\/www.anno1555.com\/en\/","name":"Anno1555","description":"Hauser Wein, Jus(t), Geschein","potentialAction":[{"@type":"SearchAction","target":{"@type":"EntryPoint","urlTemplate":"https:\/\/www.anno1555.com\/en\/?s={search_term_string}"},"query-input":{"@type":"PropertyValueSpecification","valueRequired":true,"valueName":"search_term_string"}}],"inLanguage":"en-US"}]}},"_links":{"self":[{"href":"https:\/\/www.anno1555.com\/en\/wp-json\/wp\/v2\/product\/763","targetHints":{"allow":["GET"]}}],"collection":[{"href":"https:\/\/www.anno1555.com\/en\/wp-json\/wp\/v2\/product"}],"about":[{"href":"https:\/\/www.anno1555.com\/en\/wp-json\/wp\/v2\/types\/product"}],"replies":[{"embeddable":true,"href":"https:\/\/www.anno1555.com\/en\/wp-json\/wp\/v2\/comments?post=763"}],"wp:featuredmedia":[{"embeddable":true,"href":"https:\/\/www.anno1555.com\/en\/wp-json\/wp\/v2\/media\/21487"}],"wp:attachment":[{"href":"https:\/\/www.anno1555.com\/en\/wp-json\/wp\/v2\/media?parent=763"}],"wp:term":[{"taxonomy":"product_cat","embeddable":true,"href":"https:\/\/www.anno1555.com\/en\/wp-json\/wp\/v2\/product_cat?post=763"},{"taxonomy":"product_tag","embeddable":true,"href":"https:\/\/www.anno1555.com\/en\/wp-json\/wp\/v2\/product_tag?post=763"}],"curies":[{"name":"wp","href":"https:\/\/api.w.org\/{rel}","templated":true}]}}