{"id":772,"date":"2020-02-28T08:49:21","date_gmt":"2020-02-28T07:49:21","guid":{"rendered":"https:\/\/www.anno1555.com\/?post_type=product&#038;p=772"},"modified":"2026-01-28T10:03:40","modified_gmt":"2026-01-28T09:03:40","slug":"verjus-sprizz-verduennsaft","status":"publish","type":"product","link":"https:\/\/www.anno1555.com\/en\/shop\/verjus-sprizz-verduennsaft\/","title":{"rendered":"Verjus Sprizz &#8211; Juice to Dilute"},"content":{"rendered":"<div class=\"wpb-content-wrapper\"><p>[vc_row content_placement=&#8221;top&#8221;][vc_column width=&#8221;1\/2&#8243;][vc_column_text text_larger=&#8221;no&#8221; woodmart_inline=&#8221;no&#8221;]<strong>VERJUS SPRIZZ Juice to Dilute<\/strong><\/p>\n<p>Verjus Sprizz is an alcohol-free dilutable juice and is especially refreshing in combination with cold sparkling water. Verjus Sprizz is ideal for creating and enhancing cocktails and your own beverage ideas, as Verjus is a real flavour enhancer. Apart from your palate, your health will be pleased as well. Verjus Sprizz contains 50% less sugar than a standard syrup.<\/p>\n<ul>\n<li>Verjus suitable for mixing your own cocktails<\/li>\n<li>It tastes good for everyone, tall and short, old and young.<\/li>\n<li>Fresh product! Once opened, store Verjus in the refrigerator.<\/li>\n<\/ul>\n<p><strong>Tips for recipes for download in PDF format:<\/strong><\/p>\n<ul>\n<li><a href=\"https:\/\/www.anno1555.com\/wp-content\/uploads\/2020\/04\/rezeptheft_cocktail.pdf\" target=\"_blank\" rel=\"noopener noreferrer\">Download the cocktail recipe brochure (.pdf)<\/a><\/li>\n<li><a href=\"https:\/\/www.anno1555.com\/wp-content\/uploads\/2020\/04\/rezeptheft_gourmet.pdf\" target=\"_blank\" rel=\"noopener noreferrer\">Gourmet-Rezeptheft herunterladen (.pdf)<\/a><\/li>\n<li class=\"x_MsoNormal\"><span lang=\"DE\">Content:<br \/>\n<\/span>0,75lt \/ alcohol free \/ sweet<\/li>\n<li class=\"x_MsoNormal\">Origin: Weinviertel Lower Austria<\/li>\n<li>Bottler:<br \/>\nWeingut Hauser<br \/>\nBrunngasse 38<br \/>\n2170 Poysdorf<\/li>\n<\/ul>\n<p>[\/vc_column_text][\/vc_column][vc_column width=&#8221;1\/2&#8243; css=&#8221;.vc_custom_1490694541710{padding-top: 0px !important;}&#8221;][vc_single_image image=&#8221;1169&#8243; img_size=&#8221;full&#8221; parallax_scroll=&#8221;no&#8221;][\/vc_column][\/vc_row]<\/p>\n<\/div>","protected":false},"excerpt":{"rendered":"<p>Verjus is the juice of unripe grapes. Known since ancient times for its beneficial effects and delicate aromatic taste. Verjus is currently experiencing an international renaissance in star-rated kitchens and bars. Verjus Sprizz, Weinviertel\u2019s response to regional quality and creativity. For mixing your own cocktails or simple sprinkling.<\/p>\n","protected":false},"featured_media":1481,"comment_status":"open","ping_status":"closed","template":"","meta":[],"product_cat":[175,38],"product_tag":[],"class_list":{"0":"post-772","1":"product","2":"type-product","3":"status-publish","4":"has-post-thumbnail","6":"product_cat-antialkoholisch","7":"product_cat-hauser-wein","9":"first","10":"instock","11":"taxable","12":"shipping-taxable","13":"purchasable","14":"product-type-simple"},"yoast_head":"<!-- This site is optimized with the Yoast SEO plugin v24.0 - https:\/\/yoast.com\/wordpress\/plugins\/seo\/ -->\n<title>Verjus Sprizz - Juice to Dilute - Anno1555<\/title>\n<meta name=\"robots\" content=\"index, follow, max-snippet:-1, max-image-preview:large, max-video-preview:-1\" \/>\n<link rel=\"canonical\" href=\"https:\/\/www.anno1555.com\/en\/shop\/verjus-sprizz-verduennsaft\/\" \/>\n<meta property=\"og:locale\" content=\"en_US\" \/>\n<meta property=\"og:type\" content=\"article\" \/>\n<meta property=\"og:title\" content=\"Verjus Sprizz - Verd\u00fcnnsaft\" \/>\n<meta property=\"og:description\" content=\"Verjus ist der Saft der unreifen Trauben. Bereits bekannt seit der Antike f\u00fcr seine wohltuende Wirkung und den fein aromatischen Geschmack. Verjus erlebt gerade eine internationale Renaissance in renommierten K\u00fcchen und Bars. Verjus Sprizz, die Weinviertler Antwort auf regionale Qualit\u00e4t und Kreativit\u00e4t. Zum Mixen eigener Cocktails oder einfach aufgespritzt.\" \/>\n<meta property=\"og:url\" content=\"https:\/\/www.anno1555.com\/en\/shop\/verjus-sprizz-verduennsaft\/\" \/>\n<meta property=\"og:site_name\" content=\"Anno1555\" \/>\n<meta property=\"article:publisher\" content=\"https:\/\/www.facebook.com\/anno1555\" \/>\n<meta property=\"article:modified_time\" content=\"2026-01-28T09:03:40+00:00\" \/>\n<meta property=\"og:image\" content=\"https:\/\/www.anno1555.com\/wp-content\/uploads\/2020\/02\/verjus_sprizz_social.jpg\" \/>\n\t<meta property=\"og:image:width\" content=\"1366\" \/>\n\t<meta property=\"og:image:height\" content=\"768\" \/>\n\t<meta property=\"og:image:type\" content=\"image\/jpeg\" \/>\n<meta name=\"twitter:card\" content=\"summary_large_image\" \/>\n<script type=\"application\/ld+json\" class=\"yoast-schema-graph\">{\"@context\":\"https:\/\/schema.org\",\"@graph\":[{\"@type\":\"WebPage\",\"@id\":\"https:\/\/www.anno1555.com\/en\/shop\/verjus-sprizz-verduennsaft\/\",\"url\":\"https:\/\/www.anno1555.com\/en\/shop\/verjus-sprizz-verduennsaft\/\",\"name\":\"Verjus Sprizz - Juice to Dilute - Anno1555\",\"isPartOf\":{\"@id\":\"https:\/\/www.anno1555.com\/en\/#website\"},\"primaryImageOfPage\":{\"@id\":\"https:\/\/www.anno1555.com\/en\/shop\/verjus-sprizz-verduennsaft\/#primaryimage\"},\"image\":{\"@id\":\"https:\/\/www.anno1555.com\/shop\/verjus-sprizz-verduennsaft\/#primaryimage\"},\"thumbnailUrl\":\"https:\/\/www.anno1555.com\/wp-content\/uploads\/2020\/02\/shop_verjus_sprizz.png\",\"datePublished\":\"2020-02-28T07:49:21+00:00\",\"dateModified\":\"2026-01-28T09:03:40+00:00\",\"breadcrumb\":{\"@id\":\"https:\/\/www.anno1555.com\/en\/shop\/verjus-sprizz-verduennsaft\/#breadcrumb\"},\"inLanguage\":\"en-US\",\"potentialAction\":[{\"@type\":\"ReadAction\",\"target\":[[\"https:\/\/www.anno1555.com\/en\/shop\/verjus-sprizz-verduennsaft\/\"]]}]},{\"@type\":\"ImageObject\",\"inLanguage\":\"en-US\",\"@id\":\"https:\/\/www.anno1555.com\/en\/shop\/verjus-sprizz-verduennsaft\/#primaryimage\",\"url\":\"https:\/\/www.anno1555.com\/wp-content\/uploads\/2020\/02\/shop_verjus_sprizz.png\",\"contentUrl\":\"https:\/\/www.anno1555.com\/wp-content\/uploads\/2020\/02\/shop_verjus_sprizz.png\",\"width\":600,\"height\":600,\"caption\":\"Verjus Sprizz - Verd\u00fcnnsaft. Verjus Sprizz ist ein alkoholfreier Verd\u00fcnnsaft und besonders erfrischend mit k\u00fchlem, prickelndem Soda. Verjus Sprizz eignet sich hervorragend zum Kreieren und aufpeppen von Cocktails und eigenen Getr\u00e4nkeideen, denn Verjus ist ein echter Geschmacks-Booster.\"},{\"@type\":\"BreadcrumbList\",\"@id\":\"https:\/\/www.anno1555.com\/en\/shop\/verjus-sprizz-verduennsaft\/#breadcrumb\",\"itemListElement\":[{\"@type\":\"ListItem\",\"position\":1,\"name\":\"Startseite\",\"item\":\"https:\/\/www.anno1555.com\/en\/\"},{\"@type\":\"ListItem\",\"position\":2,\"name\":\"Shop\",\"item\":\"https:\/\/www.anno1555.com\/en\/shop\/\"},{\"@type\":\"ListItem\",\"position\":3,\"name\":\"Verjus Sprizz &#8211; Verd\u00fcnnsaft\"}]},{\"@type\":\"WebSite\",\"@id\":\"https:\/\/www.anno1555.com\/en\/#website\",\"url\":\"https:\/\/www.anno1555.com\/en\/\",\"name\":\"Anno1555\",\"description\":\"Hauser Wein, Jus(t), Geschein\",\"potentialAction\":[{\"@type\":\"SearchAction\",\"target\":{\"@type\":\"EntryPoint\",\"urlTemplate\":\"https:\/\/www.anno1555.com\/en\/?s={search_term_string}\"},\"query-input\":{\"@type\":\"PropertyValueSpecification\",\"valueRequired\":true,\"valueName\":\"search_term_string\"}}],\"inLanguage\":\"en-US\"}]}<\/script>\n<!-- \/ Yoast SEO plugin. -->","yoast_head_json":{"title":"Verjus Sprizz - Juice to Dilute - Anno1555","robots":{"index":"index","follow":"follow","max-snippet":"max-snippet:-1","max-image-preview":"max-image-preview:large","max-video-preview":"max-video-preview:-1"},"canonical":"https:\/\/www.anno1555.com\/en\/shop\/verjus-sprizz-verduennsaft\/","og_locale":"en_US","og_type":"article","og_title":"Verjus Sprizz - Verd\u00fcnnsaft","og_description":"Verjus ist der Saft der unreifen Trauben. Bereits bekannt seit der Antike f\u00fcr seine wohltuende Wirkung und den fein aromatischen Geschmack. Verjus erlebt gerade eine internationale Renaissance in renommierten K\u00fcchen und Bars. Verjus Sprizz, die Weinviertler Antwort auf regionale Qualit\u00e4t und Kreativit\u00e4t. Zum Mixen eigener Cocktails oder einfach aufgespritzt.","og_url":"https:\/\/www.anno1555.com\/en\/shop\/verjus-sprizz-verduennsaft\/","og_site_name":"Anno1555","article_publisher":"https:\/\/www.facebook.com\/anno1555","article_modified_time":"2026-01-28T09:03:40+00:00","og_image":[{"width":1366,"height":768,"url":"https:\/\/www.anno1555.com\/wp-content\/uploads\/2020\/02\/verjus_sprizz_social.jpg","type":"image\/jpeg"}],"twitter_card":"summary_large_image","schema":{"@context":"https:\/\/schema.org","@graph":[{"@type":"WebPage","@id":"https:\/\/www.anno1555.com\/en\/shop\/verjus-sprizz-verduennsaft\/","url":"https:\/\/www.anno1555.com\/en\/shop\/verjus-sprizz-verduennsaft\/","name":"Verjus Sprizz - Juice to Dilute - Anno1555","isPartOf":{"@id":"https:\/\/www.anno1555.com\/en\/#website"},"primaryImageOfPage":{"@id":"https:\/\/www.anno1555.com\/en\/shop\/verjus-sprizz-verduennsaft\/#primaryimage"},"image":{"@id":"https:\/\/www.anno1555.com\/shop\/verjus-sprizz-verduennsaft\/#primaryimage"},"thumbnailUrl":"https:\/\/www.anno1555.com\/wp-content\/uploads\/2020\/02\/shop_verjus_sprizz.png","datePublished":"2020-02-28T07:49:21+00:00","dateModified":"2026-01-28T09:03:40+00:00","breadcrumb":{"@id":"https:\/\/www.anno1555.com\/en\/shop\/verjus-sprizz-verduennsaft\/#breadcrumb"},"inLanguage":"en-US","potentialAction":[{"@type":"ReadAction","target":[["https:\/\/www.anno1555.com\/en\/shop\/verjus-sprizz-verduennsaft\/"]]}]},{"@type":"ImageObject","inLanguage":"en-US","@id":"https:\/\/www.anno1555.com\/en\/shop\/verjus-sprizz-verduennsaft\/#primaryimage","url":"https:\/\/www.anno1555.com\/wp-content\/uploads\/2020\/02\/shop_verjus_sprizz.png","contentUrl":"https:\/\/www.anno1555.com\/wp-content\/uploads\/2020\/02\/shop_verjus_sprizz.png","width":600,"height":600,"caption":"Verjus Sprizz - Verd\u00fcnnsaft. Verjus Sprizz ist ein alkoholfreier Verd\u00fcnnsaft und besonders erfrischend mit k\u00fchlem, prickelndem Soda. Verjus Sprizz eignet sich hervorragend zum Kreieren und aufpeppen von Cocktails und eigenen Getr\u00e4nkeideen, denn Verjus ist ein echter Geschmacks-Booster."},{"@type":"BreadcrumbList","@id":"https:\/\/www.anno1555.com\/en\/shop\/verjus-sprizz-verduennsaft\/#breadcrumb","itemListElement":[{"@type":"ListItem","position":1,"name":"Startseite","item":"https:\/\/www.anno1555.com\/en\/"},{"@type":"ListItem","position":2,"name":"Shop","item":"https:\/\/www.anno1555.com\/en\/shop\/"},{"@type":"ListItem","position":3,"name":"Verjus Sprizz &#8211; Verd\u00fcnnsaft"}]},{"@type":"WebSite","@id":"https:\/\/www.anno1555.com\/en\/#website","url":"https:\/\/www.anno1555.com\/en\/","name":"Anno1555","description":"Hauser Wein, Jus(t), Geschein","potentialAction":[{"@type":"SearchAction","target":{"@type":"EntryPoint","urlTemplate":"https:\/\/www.anno1555.com\/en\/?s={search_term_string}"},"query-input":{"@type":"PropertyValueSpecification","valueRequired":true,"valueName":"search_term_string"}}],"inLanguage":"en-US"}]}},"_links":{"self":[{"href":"https:\/\/www.anno1555.com\/en\/wp-json\/wp\/v2\/product\/772","targetHints":{"allow":["GET"]}}],"collection":[{"href":"https:\/\/www.anno1555.com\/en\/wp-json\/wp\/v2\/product"}],"about":[{"href":"https:\/\/www.anno1555.com\/en\/wp-json\/wp\/v2\/types\/product"}],"replies":[{"embeddable":true,"href":"https:\/\/www.anno1555.com\/en\/wp-json\/wp\/v2\/comments?post=772"}],"wp:featuredmedia":[{"embeddable":true,"href":"https:\/\/www.anno1555.com\/en\/wp-json\/wp\/v2\/media\/1481"}],"wp:attachment":[{"href":"https:\/\/www.anno1555.com\/en\/wp-json\/wp\/v2\/media?parent=772"}],"wp:term":[{"taxonomy":"product_cat","embeddable":true,"href":"https:\/\/www.anno1555.com\/en\/wp-json\/wp\/v2\/product_cat?post=772"},{"taxonomy":"product_tag","embeddable":true,"href":"https:\/\/www.anno1555.com\/en\/wp-json\/wp\/v2\/product_tag?post=772"}],"curies":[{"name":"wp","href":"https:\/\/api.w.org\/{rel}","templated":true}]}}