{"id":990,"date":"2020-03-30T10:48:21","date_gmt":"2020-03-30T08:48:21","guid":{"rendered":"https:\/\/www.anno1555.com\/?post_type=product&#038;p=990"},"modified":"2026-01-28T10:03:32","modified_gmt":"2026-01-28T09:03:32","slug":"verjus-gourmet-025-l","status":"publish","type":"product","link":"https:\/\/www.anno1555.com\/en\/shop\/verjus-gourmet-025-l\/","title":{"rendered":"Verjus Gourmet 0,25 l"},"content":{"rendered":"<div class=\"wpb-content-wrapper\"><p>[vc_row content_placement=&#8221;top&#8221;][vc_column width=&#8221;1\/2&#8243;][vc_column_text text_larger=&#8221;no&#8221; woodmart_inline=&#8221;no&#8221;]<strong>What is Verjus?<\/strong><\/p>\n<p>The word Verjus comes from French and stands for \u201cgreen juice\u201d.<\/p>\n<p>Verjus was a popular spice and medicine already in ancient times, but fell into oblivion when citrus fruits came to Europe. The miraculous green juice is now returning to the culinary centre of attention because, unlike lemon, it does not obscure the taste of food, but rather emphasises it. It is also especially tasty in salad marinades. Verjus is softer than vinegar and gives dishes a fruity contrasting note.<\/p>\n<p>Verjus Gourmet is home-made, with a special focus on quality craftsmanship.<\/p>\n<ul>\n<li>vegan, allergen free, histamine free<\/li>\n<li>pure natural product<\/li>\n<li>Verjus for cooking, baking and mixing drinks\/cocktails.<\/li>\n<li>Fresh product: once opened, store Verjus in the refrigerator.<\/li>\n<\/ul>\n<p><strong>Tips for recipes for download in PDF format:<\/strong><\/p>\n<ul>\n<li><a href=\"https:\/\/www.anno1555.com\/wp-content\/uploads\/2020\/04\/rezeptheft_cocktail.pdf\" target=\"_blank\" rel=\"noopener noreferrer\">Download the cocktail recipe brochure (.pdf)<\/a><\/li>\n<li><a href=\"https:\/\/www.anno1555.com\/wp-content\/uploads\/2020\/04\/rezeptheft_gourmet.pdf\" target=\"_blank\" rel=\"noopener noreferrer\">Download the gourmet recipe brochure (.pdf)<\/a><\/li>\n<li>Content:<br \/>\n0.75 l \/ no alcohol \/ semi-sweet<\/li>\n<li>Origin: Weinviertel Lower Austria<\/li>\n<li>Bottler:<br \/>\nWeingut Hauser<br \/>\nBrunngasse 38<br \/>\n2170 Poysdorf<\/li>\n<\/ul>\n<p>[\/vc_column_text][\/vc_column][vc_column width=&#8221;1\/2&#8243; css=&#8221;.vc_custom_1490694541710{padding-top: 0px !important;}&#8221;][\/vc_column][\/vc_row]<\/p>\n<\/div>","protected":false},"excerpt":{"rendered":"<p>Verjus is the juice of unripe grapes. Known since ancient times for its beneficial effects and delicate aromatic taste. Verjus is currently experiencing an international renaissance in the kitchens of star-rated restaurants. It is used to fine-tune delicious dishes, soups, sauces and salads. It is also increasingly popular for mixing cocktails and preparing sophisticated desserts.<\/p>\n","protected":false},"featured_media":1475,"comment_status":"open","ping_status":"closed","template":"","meta":[],"product_cat":[175,38],"product_tag":[],"class_list":{"0":"post-990","1":"product","2":"type-product","3":"status-publish","4":"has-post-thumbnail","6":"product_cat-antialkoholisch","7":"product_cat-hauser-wein","9":"first","10":"instock","11":"taxable","12":"shipping-taxable","13":"purchasable","14":"product-type-simple"},"yoast_head":"<!-- This site is optimized with the Yoast SEO plugin v24.0 - https:\/\/yoast.com\/wordpress\/plugins\/seo\/ -->\n<title>Verjus Gourmet 0,25 l - Anno1555<\/title>\n<meta name=\"robots\" content=\"index, follow, max-snippet:-1, max-image-preview:large, max-video-preview:-1\" \/>\n<link rel=\"canonical\" href=\"https:\/\/www.anno1555.com\/en\/shop\/verjus-gourmet-025-l\/\" \/>\n<meta property=\"og:locale\" content=\"en_US\" \/>\n<meta property=\"og:type\" content=\"article\" \/>\n<meta property=\"og:title\" content=\"Verjus Gourmet 0,25 l\" \/>\n<meta property=\"og:description\" content=\"Verjus ist der Saft der unreifen Trauben. Bereits bekannt seit der Antike f\u00fcr seine wohltuende Wirkung und den fein aromatischen Geschmack. Verjus erlebt gerade eine internationale Renaissance in Sternek\u00fcchen. Dort wird er zum Verfeinern von schmackhaften Gerichten, Suppen, So\u00dfen und Salaten verwendet. Auch beim Mixen von Cocktails und in der Konfektion raffinierter Desserts findet er immer gr\u00f6\u00dfere Beliebtheit.\" \/>\n<meta property=\"og:url\" content=\"https:\/\/www.anno1555.com\/en\/shop\/verjus-gourmet-025-l\/\" \/>\n<meta property=\"og:site_name\" content=\"Anno1555\" \/>\n<meta property=\"article:publisher\" content=\"https:\/\/www.facebook.com\/anno1555\" \/>\n<meta property=\"article:modified_time\" content=\"2026-01-28T09:03:32+00:00\" \/>\n<meta property=\"og:image\" content=\"https:\/\/www.anno1555.com\/wp-content\/uploads\/2020\/03\/verjus_klein_social.jpg\" \/>\n\t<meta property=\"og:image:width\" content=\"1366\" \/>\n\t<meta property=\"og:image:height\" content=\"768\" \/>\n\t<meta property=\"og:image:type\" content=\"image\/jpeg\" \/>\n<meta name=\"twitter:card\" content=\"summary_large_image\" \/>\n<script type=\"application\/ld+json\" class=\"yoast-schema-graph\">{\"@context\":\"https:\/\/schema.org\",\"@graph\":[{\"@type\":\"WebPage\",\"@id\":\"https:\/\/www.anno1555.com\/en\/shop\/verjus-gourmet-025-l\/\",\"url\":\"https:\/\/www.anno1555.com\/en\/shop\/verjus-gourmet-025-l\/\",\"name\":\"Verjus Gourmet 0,25 l - Anno1555\",\"isPartOf\":{\"@id\":\"https:\/\/www.anno1555.com\/en\/#website\"},\"primaryImageOfPage\":{\"@id\":\"https:\/\/www.anno1555.com\/en\/shop\/verjus-gourmet-025-l\/#primaryimage\"},\"image\":{\"@id\":\"https:\/\/www.anno1555.com\/shop\/verjus-gourmet-025-l\/#primaryimage\"},\"thumbnailUrl\":\"https:\/\/www.anno1555.com\/wp-content\/uploads\/2020\/05\/shop_verjus_klein.png\",\"datePublished\":\"2020-03-30T08:48:21+00:00\",\"dateModified\":\"2026-01-28T09:03:32+00:00\",\"breadcrumb\":{\"@id\":\"https:\/\/www.anno1555.com\/en\/shop\/verjus-gourmet-025-l\/#breadcrumb\"},\"inLanguage\":\"en-US\",\"potentialAction\":[{\"@type\":\"ReadAction\",\"target\":[[\"https:\/\/www.anno1555.com\/en\/shop\/verjus-gourmet-025-l\/\"]]}]},{\"@type\":\"ImageObject\",\"inLanguage\":\"en-US\",\"@id\":\"https:\/\/www.anno1555.com\/en\/shop\/verjus-gourmet-025-l\/#primaryimage\",\"url\":\"https:\/\/www.anno1555.com\/wp-content\/uploads\/2020\/05\/shop_verjus_klein.png\",\"contentUrl\":\"https:\/\/www.anno1555.com\/wp-content\/uploads\/2020\/05\/shop_verjus_klein.png\",\"width\":600,\"height\":600,\"caption\":\"Verjus Gourmet 0,25 l. Das Wort Verjus kommt aus dem Franz\u00f6sischen und bedeutet \u00fcbersetzt \u201egr\u00fcner Saft\u201c. Verjus Gourmet ist hausgemacht, mit besonderem Blick auf qualitatives, gutes Handwerk.\"},{\"@type\":\"BreadcrumbList\",\"@id\":\"https:\/\/www.anno1555.com\/en\/shop\/verjus-gourmet-025-l\/#breadcrumb\",\"itemListElement\":[{\"@type\":\"ListItem\",\"position\":1,\"name\":\"Startseite\",\"item\":\"https:\/\/www.anno1555.com\/en\/\"},{\"@type\":\"ListItem\",\"position\":2,\"name\":\"Shop\",\"item\":\"https:\/\/www.anno1555.com\/en\/shop\/\"},{\"@type\":\"ListItem\",\"position\":3,\"name\":\"Verjus Gourmet 0,25 l\"}]},{\"@type\":\"WebSite\",\"@id\":\"https:\/\/www.anno1555.com\/en\/#website\",\"url\":\"https:\/\/www.anno1555.com\/en\/\",\"name\":\"Anno1555\",\"description\":\"Hauser Wein, Jus(t), Geschein\",\"potentialAction\":[{\"@type\":\"SearchAction\",\"target\":{\"@type\":\"EntryPoint\",\"urlTemplate\":\"https:\/\/www.anno1555.com\/en\/?s={search_term_string}\"},\"query-input\":{\"@type\":\"PropertyValueSpecification\",\"valueRequired\":true,\"valueName\":\"search_term_string\"}}],\"inLanguage\":\"en-US\"}]}<\/script>\n<!-- \/ Yoast SEO plugin. -->","yoast_head_json":{"title":"Verjus Gourmet 0,25 l - Anno1555","robots":{"index":"index","follow":"follow","max-snippet":"max-snippet:-1","max-image-preview":"max-image-preview:large","max-video-preview":"max-video-preview:-1"},"canonical":"https:\/\/www.anno1555.com\/en\/shop\/verjus-gourmet-025-l\/","og_locale":"en_US","og_type":"article","og_title":"Verjus Gourmet 0,25 l","og_description":"Verjus ist der Saft der unreifen Trauben. Bereits bekannt seit der Antike f\u00fcr seine wohltuende Wirkung und den fein aromatischen Geschmack. Verjus erlebt gerade eine internationale Renaissance in Sternek\u00fcchen. Dort wird er zum Verfeinern von schmackhaften Gerichten, Suppen, So\u00dfen und Salaten verwendet. Auch beim Mixen von Cocktails und in der Konfektion raffinierter Desserts findet er immer gr\u00f6\u00dfere Beliebtheit.","og_url":"https:\/\/www.anno1555.com\/en\/shop\/verjus-gourmet-025-l\/","og_site_name":"Anno1555","article_publisher":"https:\/\/www.facebook.com\/anno1555","article_modified_time":"2026-01-28T09:03:32+00:00","og_image":[{"width":1366,"height":768,"url":"https:\/\/www.anno1555.com\/wp-content\/uploads\/2020\/03\/verjus_klein_social.jpg","type":"image\/jpeg"}],"twitter_card":"summary_large_image","schema":{"@context":"https:\/\/schema.org","@graph":[{"@type":"WebPage","@id":"https:\/\/www.anno1555.com\/en\/shop\/verjus-gourmet-025-l\/","url":"https:\/\/www.anno1555.com\/en\/shop\/verjus-gourmet-025-l\/","name":"Verjus Gourmet 0,25 l - Anno1555","isPartOf":{"@id":"https:\/\/www.anno1555.com\/en\/#website"},"primaryImageOfPage":{"@id":"https:\/\/www.anno1555.com\/en\/shop\/verjus-gourmet-025-l\/#primaryimage"},"image":{"@id":"https:\/\/www.anno1555.com\/shop\/verjus-gourmet-025-l\/#primaryimage"},"thumbnailUrl":"https:\/\/www.anno1555.com\/wp-content\/uploads\/2020\/05\/shop_verjus_klein.png","datePublished":"2020-03-30T08:48:21+00:00","dateModified":"2026-01-28T09:03:32+00:00","breadcrumb":{"@id":"https:\/\/www.anno1555.com\/en\/shop\/verjus-gourmet-025-l\/#breadcrumb"},"inLanguage":"en-US","potentialAction":[{"@type":"ReadAction","target":[["https:\/\/www.anno1555.com\/en\/shop\/verjus-gourmet-025-l\/"]]}]},{"@type":"ImageObject","inLanguage":"en-US","@id":"https:\/\/www.anno1555.com\/en\/shop\/verjus-gourmet-025-l\/#primaryimage","url":"https:\/\/www.anno1555.com\/wp-content\/uploads\/2020\/05\/shop_verjus_klein.png","contentUrl":"https:\/\/www.anno1555.com\/wp-content\/uploads\/2020\/05\/shop_verjus_klein.png","width":600,"height":600,"caption":"Verjus Gourmet 0,25 l. Das Wort Verjus kommt aus dem Franz\u00f6sischen und bedeutet \u00fcbersetzt \u201egr\u00fcner Saft\u201c. Verjus Gourmet ist hausgemacht, mit besonderem Blick auf qualitatives, gutes Handwerk."},{"@type":"BreadcrumbList","@id":"https:\/\/www.anno1555.com\/en\/shop\/verjus-gourmet-025-l\/#breadcrumb","itemListElement":[{"@type":"ListItem","position":1,"name":"Startseite","item":"https:\/\/www.anno1555.com\/en\/"},{"@type":"ListItem","position":2,"name":"Shop","item":"https:\/\/www.anno1555.com\/en\/shop\/"},{"@type":"ListItem","position":3,"name":"Verjus Gourmet 0,25 l"}]},{"@type":"WebSite","@id":"https:\/\/www.anno1555.com\/en\/#website","url":"https:\/\/www.anno1555.com\/en\/","name":"Anno1555","description":"Hauser Wein, Jus(t), Geschein","potentialAction":[{"@type":"SearchAction","target":{"@type":"EntryPoint","urlTemplate":"https:\/\/www.anno1555.com\/en\/?s={search_term_string}"},"query-input":{"@type":"PropertyValueSpecification","valueRequired":true,"valueName":"search_term_string"}}],"inLanguage":"en-US"}]}},"_links":{"self":[{"href":"https:\/\/www.anno1555.com\/en\/wp-json\/wp\/v2\/product\/990","targetHints":{"allow":["GET"]}}],"collection":[{"href":"https:\/\/www.anno1555.com\/en\/wp-json\/wp\/v2\/product"}],"about":[{"href":"https:\/\/www.anno1555.com\/en\/wp-json\/wp\/v2\/types\/product"}],"replies":[{"embeddable":true,"href":"https:\/\/www.anno1555.com\/en\/wp-json\/wp\/v2\/comments?post=990"}],"wp:featuredmedia":[{"embeddable":true,"href":"https:\/\/www.anno1555.com\/en\/wp-json\/wp\/v2\/media\/1475"}],"wp:attachment":[{"href":"https:\/\/www.anno1555.com\/en\/wp-json\/wp\/v2\/media?parent=990"}],"wp:term":[{"taxonomy":"product_cat","embeddable":true,"href":"https:\/\/www.anno1555.com\/en\/wp-json\/wp\/v2\/product_cat?post=990"},{"taxonomy":"product_tag","embeddable":true,"href":"https:\/\/www.anno1555.com\/en\/wp-json\/wp\/v2\/product_tag?post=990"}],"curies":[{"name":"wp","href":"https:\/\/api.w.org\/{rel}","templated":true}]}}